{"id":5073175,"date":"2025-04-16T15:45:11","date_gmt":"2025-04-16T13:45:11","guid":{"rendered":"https:\/\/www.buchegg.church\/?page_id=5073175"},"modified":"2026-05-07T17:33:28","modified_gmt":"2026-05-07T15:33:28","slug":"sharehope","status":"publish","type":"page","link":"https:\/\/www.buchegg.church\/pt\/sharehope\/","title":{"rendered":"Miss\u00e3o \u00e0 Su\u00ed\u00e7a"},"content":{"rendered":"<div class=\"wpb-content-wrapper\">[vc_row][vc_column][\/vc_column][\/vc_row][mk_page_section bg_image=&#8221;https:\/\/www.buchegg.church\/wp-content\/uploads\/matterhorn.jpg&#8221; bg_color=&#8221;#000000&#8243; attachment=&#8221;fixed&#8221; bg_position=&#8221;center top&#8221; bg_repeat=&#8221;no-repeat&#8221; bg_stretch=&#8221;true&#8221; min_height=&#8221;500&#8243; full_width=&#8221;true&#8221; padding_top=&#8221;0&#8243; sidebar=&#8221;sidebar-1&#8243;][vc_column][mk_fancy_title color=&#8221;#ffffff&#8221; size=&#8221;70&#8243; force_font_size=&#8221;true&#8221; size_tablet=&#8221;60&#8243; size_phone=&#8221;40&#8243; font_weight=&#8221;600&#8243; txt_transform=&#8221;uppercase&#8221; letter_spacing=&#8221;3&#8243; margin_top=&#8221;200&#8243; margin_bottom=&#8221;0&#8243; font_family=&#8221;none&#8221; align=&#8221;center&#8221; drop_shadow=&#8221;true&#8221; shadow_distance=&#8221;5&#8243; shadow_blur=&#8221;5&#8243; shadow_color=&#8221;#000000&#8243;]Miss\u00e3o \u00e0 Su\u00ed\u00e7a[\/mk_fancy_title][mk_fancy_title color=&#8221;#ffffff&#8221; size=&#8221;35&#8243; force_font_size=&#8221;true&#8221; size_tablet=&#8221;30&#8243; size_phone=&#8221;25&#8243; font_weight=&#8221;300&#8243; font_style=&#8221;italic&#8221; font_family=&#8221;none&#8221; align=&#8221;center&#8221; drop_shadow=&#8221;true&#8221; shadow_distance=&#8221;5&#8243; shadow_blur=&#8221;5&#8243; shadow_color=&#8221;#0a0a0a&#8221;]Oferta especial 2026[\/mk_fancy_title][\/vc_column][\/mk_page_section][vc_row fullwidth=&#8221;true&#8221; disable_element=&#8221;yes&#8221;][vc_column][vc_wp_custommenu nav_menu=&#8221;113&#8243; el_id=&#8221;horizontal-menu&#8221;][\/vc_column][\/vc_row][vc_row id=&#8221;gemeinden&#8221;][vc_column][mk_fancy_title size=&#8221;45&#8243; force_font_size=&#8221;true&#8221; size_tablet=&#8221;35&#8243; size_phone=&#8221;35&#8243; font_weight=&#8221;600&#8243; margin_top=&#8221;40&#8243; margin_bottom=&#8221;0&#8243; font_family=&#8221;none&#8221; align=&#8221;center&#8221;]Nosso pa\u00eds precisa novamente do Evangelho![\/mk_fancy_title][vc_row_inner][vc_column_inner width=&#8221;1\/2&#8243;][mk_image src=&#8221;https:\/\/www.buchegg.church\/wp-content\/uploads\/titelseite-sonderopfer-2026_pt.png&#8221; image_size=&#8221;full&#8221;][mk_padding_divider size=&#8221;20&#8243;][mk_image src=&#8221;https:\/\/www.buchegg.church\/wp-content\/uploads\/sharehope_logo.png&#8221; image_size=&#8221;full&#8221;][mk_padding_divider size=&#8221;20&#8243;][\/vc_column_inner][vc_column_inner width=&#8221;1\/2&#8243;][vc_column_text css=&#8221;.vc_custom_1778167988063{margin-bottom: 0px !important;}&#8221;]Jesus disse que a Sua boa not\u00edcia \u00e9 para todas as na\u00e7\u00f5es. Por isso, ela precisa ser conhecida e anunciada em todos os lugares! Nosso pa\u00eds precisa novamente do Evangelho!<br \/>\nNo ano passado, como igreja, come\u00e7amos a arrecadar ofertas de forma direcionada para a miss\u00e3o na Su\u00ed\u00e7a. Hoje, j\u00e1 podemos compartilhar os primeiros resultados e desenvolvimentos encorajadores:<\/p>\n<p><b>\u201cShareHope\u201d<\/b><br \/>\nO centro de compet\u00eancia em evangeliza\u00e7\u00e3o agora leva o nome marcante e significativo <b>\u201cShareHope\u201d<\/b>. Esse nome expressa exatamente do que se trata: <b>compartilhar<\/b> com outras pessoas a <b>esperan\u00e7a<\/b> que encontramos somente em Jesus.<\/p>\n<p><b>Desenvolvimento do LiFe<\/b><br \/>\nO LiFe tamb\u00e9m foi desenvolvido e ampliado. Agora est\u00e1 dispon\u00edvel em uma vers\u00e3o completamente nova e moderna. Al\u00e9m disso, atualmente j\u00e1 existem dez treinadores em diferentes regi\u00f5es da Su\u00ed\u00e7a que acompanham igrejas com o LiFe. Crist\u00e3os est\u00e3o sendo capacitados para realizar encontros evangel\u00edsticos voltados a pessoas que est\u00e3o em busca de f\u00e9 e sentido.<\/p>\n<p><b>Parceria com a Livenet<\/b><br \/>\nAl\u00e9m disso, encontramos na Livenet um parceiro valioso, que compartilha da mesma vis\u00e3o para o nosso pa\u00eds. Essa parceria nos permite divulgar conte\u00fados de treinamento e capacita\u00e7\u00e3o de crist\u00e3os por meio de uma plataforma consolidada e de grande impacto.<br \/>\nDesde meados de abril de 2026, tamb\u00e9m est\u00e3o sendo publicados impulsos semanais em v\u00eddeo para motivar e capacitar crist\u00e3os que desejam viver e compartilhar sua f\u00e9 de maneira aut\u00eantica. Esses conte\u00fados s\u00e3o divulgados n\u00e3o apenas na Livenet, mas tamb\u00e9m nas redes sociais.<\/p>\n<p><b>Livreto de capacita\u00e7\u00e3o \u201cCompartilhar sua f\u00e9 com alegria\u201d<\/b><br \/>\nParalelamente, no final de agosto, publicaremos o primeiro livreto de treinamento. Ele ajudar\u00e1 crist\u00e3os a responder \u00e0s perguntas de pessoas que est\u00e3o buscando respostas e a construir pontes por meio do poder do Esp\u00edrito Santo.<\/p>\n<p><b>Dia da Vis\u00e3o \/ Dia de Impulso sobre Evangeliza\u00e7\u00e3o<\/b><br \/>\nO vers\u00edculo-tema da nossa igreja para o ano de 2026 \u00e9 1 Pedro 3:15. Ele nos chama a \u201cestar sempre preparados para compartilhar a esperan\u00e7a com outras pessoas\u201d. O \u201cShareHope\u201d tamb\u00e9m escolheu esse vers\u00edculo como base para seu trabalho.Por isso, no final de agosto, n\u00e3o abriremos o nosso Dia da Vis\u00e3o apenas para a nossa igreja, mas o uniremos ao \u201cDia de Impulso sobre Evangeliza\u00e7\u00e3o\u201d, realizado anualmente. Assim, o evento estar\u00e1 acess\u00edvel, em toda a Su\u00ed\u00e7a, a todos os interessados.<\/p>\n<p><b>Iniciativa \u201cKirche f\u00fcr andere\u201d<\/b><br \/>\nEstamos convictos de que o Esp\u00edrito Santo est\u00e1 fazendo algo novo em nosso pa\u00eds. Nos pr\u00f3ximos dez anos, a maioria das associa\u00e7\u00f5es de igrejas livres da Su\u00ed\u00e7a participar\u00e1 de uma iniciativa chamada \u201c<a href=\"https:\/\/www.kirchefuerandere.ch\/\" target=\"_blank\" rel=\"noopener\">Kirche f\u00fcr andere<\/a>\u201d (\u201cIgreja para Outros\u201d). O que especialmente nos alegra \u00e9 que o \u201cShareHope\u201d ter\u00e1 um papel importante como impulsionador dessa iniciativa. Estamos entusiasmados em fazer parte disso!<\/p>\n<p><b>Ora\u00e7\u00e3o e apoio financeiro<\/b><br \/>\nSua ora\u00e7\u00e3o e seu apoio financeiro fazem a diferen\u00e7a. Reserve um tempo para levar esse prop\u00f3sito em ora\u00e7\u00e3o e pergunte ao Senhor com qual contribui\u00e7\u00e3o voc\u00ea gostaria de participar.[\/vc_column_text][mk_image src=&#8221;https:\/\/www.buchegg.church\/wp-content\/uploads\/unterschrift-matthias.png&#8221; image_size=&#8221;full&#8221;][vc_column_text css=&#8221;.vc_custom_1744811395952{margin-bottom: 0px !important;}&#8221;]Matthias Theis<br \/>\n<small>L\u00edder da Igreja e chefe da comiss\u00e3o mission\u00e1ria<\/small>[\/vc_column_text][mk_padding_divider size=&#8221;20&#8243;][mk_button dimension=&#8221;two&#8221; url=&#8221;\/wp-content\/uploads\/flyer-sonderopfer-2026_pt.pdf&#8221; target=&#8221;_blank&#8221; align=&#8221;center&#8221;]Download do folheto[\/mk_button][mk_padding_divider size=&#8221;20&#8243;][\/vc_column_inner][\/vc_row_inner][\/vc_column][\/vc_row][mk_page_section bg_image=&#8221;https:\/\/www.buchegg.church\/wp-content\/uploads\/matterhorn.jpg&#8221; attachment=&#8221;fixed&#8221; bg_position=&#8221;center top&#8221; bg_repeat=&#8221;no-repeat&#8221; bg_stretch=&#8221;true&#8221; min_height=&#8221;400&#8243; sidebar=&#8221;sidebar-1&#8243;][vc_column][\/vc_column][\/mk_page_section][vc_row id=&#8221;beitrag&#8221;][vc_column][mk_fancy_title size=&#8221;45&#8243; force_font_size=&#8221;true&#8221; size_tablet=&#8221;35&#8243; size_phone=&#8221;35&#8243; font_weight=&#8221;600&#8243; margin_top=&#8221;40&#8243; margin_bottom=&#8221;0&#8243; font_family=&#8221;none&#8221; align=&#8221;center&#8221;]Sua contribui\u00e7\u00e3o[\/mk_fancy_title][vc_row_inner][vc_column_inner width=&#8221;1\/2&#8243;][mk_padding_divider size=&#8221;20&#8243;][\/vc_column_inner][vc_column_inner width=&#8221;1\/2&#8243;][vc_column_text css=&#8221;.vc_custom_1776864354663{margin-bottom: 0px !important;}&#8221;]Formas de contribuir:<\/p>\n<ul>\n<li><strong><strong>Oferta especial nos cultos da igreja a partir de <\/strong><\/strong><strong>24 de maio de 2026<\/strong><\/li>\n<li><strong>Dep\u00f3sito em nossa conta postal<br \/>\n<\/strong>(Comentario: Misi\u00f3n en Suiza)<\/li>\n<\/ul>\n<p>Buchegg e Silbern Church (Pfingstmission Z\u00fcrich)<br \/>\n8057 Z\u00fcrich<br \/>\nIBAN CH18 0900 0000 8000 7143 9<\/p>\n<p>Muito obrigado por seu apoio![\/vc_column_text][mk_image src=&#8221;https:\/\/www.buchegg.church\/wp-content\/uploads\/qr-einzahlungsschein-sonderopfer.png&#8221; image_size=&#8221;medium&#8221;][\/vc_column_inner][\/vc_row_inner][mk_padding_divider][\/vc_column][\/vc_row][mk_page_section bg_image=&#8221;https:\/\/www.buchegg.church\/wp-content\/uploads\/matterhorn.jpg&#8221; attachment=&#8221;fixed&#8221; bg_position=&#8221;center top&#8221; bg_repeat=&#8221;no-repeat&#8221; bg_stretch=&#8221;true&#8221; min_height=&#8221;400&#8243; sidebar=&#8221;sidebar-1&#8243;][vc_column][\/vc_column][\/mk_page_section]\n<\/div>","protected":false},"excerpt":{"rendered":"<p>[vc_row][vc_column][\/vc_column][\/vc_row][mk_page_section bg_image=&#8221;https:\/\/www.buchegg.church\/wp-content\/uploads\/matterhorn.jpg&#8221; bg_color=&#8221;#000000&#8243; attachment=&#8221;fixed&#8221; bg_position=&#8221;center top&#8221; bg_repeat=&#8221;no-repeat&#8221; bg_stretch=&#8221;true&#8221; min_height=&#8221;500&#8243; full_width=&#8221;true&#8221; padding_top=&#8221;0&#8243; sidebar=&#8221;sidebar-1&#8243;][vc_column][mk_fancy_title color=&#8221;#ffffff&#8221; size=&#8221;70&#8243; force_font_size=&#8221;true&#8221; size_tablet=&#8221;60&#8243; size_phone=&#8221;40&#8243; font_weight=&#8221;600&#8243; txt_transform=&#8221;uppercase&#8221; letter_spacing=&#8221;3&#8243; margin_top=&#8221;200&#8243; margin_bottom=&#8221;0&#8243; font_family=&#8221;none&#8221; align=&#8221;center&#8221; drop_shadow=&#8221;true&#8221; shadow_distance=&#8221;5&#8243; shadow_blur=&#8221;5&#8243; shadow_color=&#8221;#000000&#8243;]Miss\u00e3o \u00e0 Su\u00ed\u00e7a[\/mk_fancy_title][mk_fancy_title color=&#8221;#ffffff&#8221; size=&#8221;35&#8243; force_font_size=&#8221;true&#8221; size_tablet=&#8221;30&#8243; size_phone=&#8221;25&#8243; font_weight=&#8221;300&#8243; font_style=&#8221;italic&#8221; font_family=&#8221;none&#8221; align=&#8221;center&#8221; drop_shadow=&#8221;true&#8221; shadow_distance=&#8221;5&#8243; shadow_blur=&#8221;5&#8243; shadow_color=&#8221;#0a0a0a&#8221;]Oferta especial 2026[\/mk_fancy_title][\/vc_column][\/mk_page_section][vc_row fullwidth=&#8221;true&#8221; disable_element=&#8221;yes&#8221;][vc_column][vc_wp_custommenu nav_menu=&#8221;113&#8243; el_id=&#8221;horizontal-menu&#8221;][\/vc_column][\/vc_row][vc_row id=&#8221;gemeinden&#8221;][vc_column][mk_fancy_title size=&#8221;45&#8243; force_font_size=&#8221;true&#8221; size_tablet=&#8221;35&#8243; size_phone=&#8221;35&#8243; font_weight=&#8221;600&#8243; [&hellip;]<\/p>\n","protected":false},"author":4,"featured_media":0,"parent":0,"menu_order":0,"comment_status":"closed","ping_status":"closed","template":"","meta":{"footnotes":""},"class_list":["post-5073175","page","type-page","status-publish","hentry"],"yoast_head":"<!-- This site is optimized with the Yoast SEO plugin v27.6 - https:\/\/yoast.com\/product\/yoast-seo-wordpress\/ -->\n<title>Miss\u00e3o \u00e0 Su\u00ed\u00e7a - buchegg.church<\/title>\n<meta name=\"robots\" content=\"index, follow, max-snippet:-1, max-image-preview:large, max-video-preview:-1\" \/>\n<link rel=\"canonical\" href=\"https:\/\/www.buchegg.church\/pt\/sharehope\/\" \/>\n<meta property=\"og:locale\" content=\"pt_PT\" \/>\n<meta property=\"og:type\" content=\"article\" \/>\n<meta property=\"og:title\" content=\"Miss\u00e3o \u00e0 Su\u00ed\u00e7a - buchegg.church\" \/>\n<meta property=\"og:description\" content=\"[vc_row][vc_column][\/vc_column][\/vc_row][mk_page_section bg_image=&#8221;https:\/\/www.buchegg.church\/wp-content\/uploads\/matterhorn.jpg&#8221; bg_color=&#8221;#000000&#8243; attachment=&#8221;fixed&#8221; bg_position=&#8221;center top&#8221; bg_repeat=&#8221;no-repeat&#8221; bg_stretch=&#8221;true&#8221; min_height=&#8221;500&#8243; full_width=&#8221;true&#8221; padding_top=&#8221;0&#8243; sidebar=&#8221;sidebar-1&#8243;][vc_column][mk_fancy_title color=&#8221;#ffffff&#8221; size=&#8221;70&#8243; force_font_size=&#8221;true&#8221; size_tablet=&#8221;60&#8243; size_phone=&#8221;40&#8243; font_weight=&#8221;600&#8243; txt_transform=&#8221;uppercase&#8221; letter_spacing=&#8221;3&#8243; margin_top=&#8221;200&#8243; margin_bottom=&#8221;0&#8243; font_family=&#8221;none&#8221; align=&#8221;center&#8221; drop_shadow=&#8221;true&#8221; shadow_distance=&#8221;5&#8243; shadow_blur=&#8221;5&#8243; shadow_color=&#8221;#000000&#8243;]Miss\u00e3o \u00e0 Su\u00ed\u00e7a[\/mk_fancy_title][mk_fancy_title color=&#8221;#ffffff&#8221; size=&#8221;35&#8243; force_font_size=&#8221;true&#8221; size_tablet=&#8221;30&#8243; size_phone=&#8221;25&#8243; font_weight=&#8221;300&#8243; font_style=&#8221;italic&#8221; font_family=&#8221;none&#8221; align=&#8221;center&#8221; drop_shadow=&#8221;true&#8221; shadow_distance=&#8221;5&#8243; shadow_blur=&#8221;5&#8243; shadow_color=&#8221;#0a0a0a&#8221;]Oferta especial 2026[\/mk_fancy_title][\/vc_column][\/mk_page_section][vc_row fullwidth=&#8221;true&#8221; disable_element=&#8221;yes&#8221;][vc_column][vc_wp_custommenu nav_menu=&#8221;113&#8243; el_id=&#8221;horizontal-menu&#8221;][\/vc_column][\/vc_row][vc_row id=&#8221;gemeinden&#8221;][vc_column][mk_fancy_title size=&#8221;45&#8243; force_font_size=&#8221;true&#8221; size_tablet=&#8221;35&#8243; size_phone=&#8221;35&#8243; font_weight=&#8221;600&#8243; [&hellip;]\" \/>\n<meta property=\"og:url\" content=\"https:\/\/www.buchegg.church\/pt\/sharehope\/\" \/>\n<meta property=\"og:site_name\" content=\"buchegg.church\" \/>\n<meta property=\"article:publisher\" content=\"https:\/\/www.facebook.com\/buchegg\" \/>\n<meta property=\"article:modified_time\" content=\"2026-05-07T15:33:28+00:00\" \/>\n<meta name=\"twitter:card\" content=\"summary_large_image\" \/>\n<meta name=\"twitter:label1\" content=\"Tempo estimado de leitura\" \/>\n\t<meta name=\"twitter:data1\" content=\"4 minutos\" \/>\n<script type=\"application\/ld+json\" class=\"yoast-schema-graph\">{\"@context\":\"https:\\\/\\\/schema.org\",\"@graph\":[{\"@type\":\"WebPage\",\"@id\":\"https:\\\/\\\/www.buchegg.church\\\/pt\\\/sharehope\\\/\",\"url\":\"https:\\\/\\\/www.buchegg.church\\\/pt\\\/sharehope\\\/\",\"name\":\"Miss\u00e3o \u00e0 Su\u00ed\u00e7a - buchegg.church\",\"isPartOf\":{\"@id\":\"https:\\\/\\\/www.buchegg.church\\\/#website\"},\"datePublished\":\"2025-04-16T13:45:11+00:00\",\"dateModified\":\"2026-05-07T15:33:28+00:00\",\"breadcrumb\":{\"@id\":\"https:\\\/\\\/www.buchegg.church\\\/pt\\\/sharehope\\\/#breadcrumb\"},\"inLanguage\":\"pt-PT\",\"potentialAction\":[{\"@type\":\"ReadAction\",\"target\":[\"https:\\\/\\\/www.buchegg.church\\\/pt\\\/sharehope\\\/\"]}]},{\"@type\":\"BreadcrumbList\",\"@id\":\"https:\\\/\\\/www.buchegg.church\\\/pt\\\/sharehope\\\/#breadcrumb\",\"itemListElement\":[{\"@type\":\"ListItem\",\"position\":1,\"name\":\"Startseite\",\"item\":\"https:\\\/\\\/www.buchegg.church\\\/pt\\\/\"},{\"@type\":\"ListItem\",\"position\":2,\"name\":\"Miss\u00e3o \u00e0 Su\u00ed\u00e7a\"}]},{\"@type\":\"WebSite\",\"@id\":\"https:\\\/\\\/www.buchegg.church\\\/#website\",\"url\":\"https:\\\/\\\/www.buchegg.church\\\/\",\"name\":\"buchegg.church\",\"description\":\"\",\"publisher\":{\"@id\":\"https:\\\/\\\/www.buchegg.church\\\/#organization\"},\"potentialAction\":[{\"@type\":\"SearchAction\",\"target\":{\"@type\":\"EntryPoint\",\"urlTemplate\":\"https:\\\/\\\/www.buchegg.church\\\/?s={search_term_string}\"},\"query-input\":{\"@type\":\"PropertyValueSpecification\",\"valueRequired\":true,\"valueName\":\"search_term_string\"}}],\"inLanguage\":\"pt-PT\"},{\"@type\":\"Organization\",\"@id\":\"https:\\\/\\\/www.buchegg.church\\\/#organization\",\"name\":\"Buchegg Church\",\"url\":\"https:\\\/\\\/www.buchegg.church\\\/\",\"logo\":{\"@type\":\"ImageObject\",\"inLanguage\":\"pt-PT\",\"@id\":\"https:\\\/\\\/www.buchegg.church\\\/#\\\/schema\\\/logo\\\/image\\\/\",\"url\":\"https:\\\/\\\/www.buchegg.church\\\/wp-content\\\/uploads\\\/buchegg.png\",\"contentUrl\":\"https:\\\/\\\/www.buchegg.church\\\/wp-content\\\/uploads\\\/buchegg.png\",\"width\":751,\"height\":180,\"caption\":\"Buchegg Church\"},\"image\":{\"@id\":\"https:\\\/\\\/www.buchegg.church\\\/#\\\/schema\\\/logo\\\/image\\\/\"},\"sameAs\":[\"https:\\\/\\\/www.facebook.com\\\/buchegg\",\"https:\\\/\\\/www.instagram.com\\\/buchegg_church\",\"https:\\\/\\\/www.youtube.com\\\/czbzuerich\"]}]}<\/script>\n<!-- \/ Yoast SEO plugin. -->","yoast_head_json":{"title":"Miss\u00e3o \u00e0 Su\u00ed\u00e7a - buchegg.church","robots":{"index":"index","follow":"follow","max-snippet":"max-snippet:-1","max-image-preview":"max-image-preview:large","max-video-preview":"max-video-preview:-1"},"canonical":"https:\/\/www.buchegg.church\/pt\/sharehope\/","og_locale":"pt_PT","og_type":"article","og_title":"Miss\u00e3o \u00e0 Su\u00ed\u00e7a - buchegg.church","og_description":"[vc_row][vc_column][\/vc_column][\/vc_row][mk_page_section bg_image=&#8221;https:\/\/www.buchegg.church\/wp-content\/uploads\/matterhorn.jpg&#8221; bg_color=&#8221;#000000&#8243; attachment=&#8221;fixed&#8221; bg_position=&#8221;center top&#8221; bg_repeat=&#8221;no-repeat&#8221; bg_stretch=&#8221;true&#8221; min_height=&#8221;500&#8243; full_width=&#8221;true&#8221; padding_top=&#8221;0&#8243; sidebar=&#8221;sidebar-1&#8243;][vc_column][mk_fancy_title color=&#8221;#ffffff&#8221; size=&#8221;70&#8243; force_font_size=&#8221;true&#8221; size_tablet=&#8221;60&#8243; size_phone=&#8221;40&#8243; font_weight=&#8221;600&#8243; txt_transform=&#8221;uppercase&#8221; letter_spacing=&#8221;3&#8243; margin_top=&#8221;200&#8243; margin_bottom=&#8221;0&#8243; font_family=&#8221;none&#8221; align=&#8221;center&#8221; drop_shadow=&#8221;true&#8221; shadow_distance=&#8221;5&#8243; shadow_blur=&#8221;5&#8243; shadow_color=&#8221;#000000&#8243;]Miss\u00e3o \u00e0 Su\u00ed\u00e7a[\/mk_fancy_title][mk_fancy_title color=&#8221;#ffffff&#8221; size=&#8221;35&#8243; force_font_size=&#8221;true&#8221; size_tablet=&#8221;30&#8243; size_phone=&#8221;25&#8243; font_weight=&#8221;300&#8243; font_style=&#8221;italic&#8221; font_family=&#8221;none&#8221; align=&#8221;center&#8221; drop_shadow=&#8221;true&#8221; shadow_distance=&#8221;5&#8243; shadow_blur=&#8221;5&#8243; shadow_color=&#8221;#0a0a0a&#8221;]Oferta especial 2026[\/mk_fancy_title][\/vc_column][\/mk_page_section][vc_row fullwidth=&#8221;true&#8221; disable_element=&#8221;yes&#8221;][vc_column][vc_wp_custommenu nav_menu=&#8221;113&#8243; el_id=&#8221;horizontal-menu&#8221;][\/vc_column][\/vc_row][vc_row id=&#8221;gemeinden&#8221;][vc_column][mk_fancy_title size=&#8221;45&#8243; force_font_size=&#8221;true&#8221; size_tablet=&#8221;35&#8243; size_phone=&#8221;35&#8243; font_weight=&#8221;600&#8243; [&hellip;]","og_url":"https:\/\/www.buchegg.church\/pt\/sharehope\/","og_site_name":"buchegg.church","article_publisher":"https:\/\/www.facebook.com\/buchegg","article_modified_time":"2026-05-07T15:33:28+00:00","twitter_card":"summary_large_image","twitter_misc":{"Tempo estimado de leitura":"4 minutos"},"schema":{"@context":"https:\/\/schema.org","@graph":[{"@type":"WebPage","@id":"https:\/\/www.buchegg.church\/pt\/sharehope\/","url":"https:\/\/www.buchegg.church\/pt\/sharehope\/","name":"Miss\u00e3o \u00e0 Su\u00ed\u00e7a - buchegg.church","isPartOf":{"@id":"https:\/\/www.buchegg.church\/#website"},"datePublished":"2025-04-16T13:45:11+00:00","dateModified":"2026-05-07T15:33:28+00:00","breadcrumb":{"@id":"https:\/\/www.buchegg.church\/pt\/sharehope\/#breadcrumb"},"inLanguage":"pt-PT","potentialAction":[{"@type":"ReadAction","target":["https:\/\/www.buchegg.church\/pt\/sharehope\/"]}]},{"@type":"BreadcrumbList","@id":"https:\/\/www.buchegg.church\/pt\/sharehope\/#breadcrumb","itemListElement":[{"@type":"ListItem","position":1,"name":"Startseite","item":"https:\/\/www.buchegg.church\/pt\/"},{"@type":"ListItem","position":2,"name":"Miss\u00e3o \u00e0 Su\u00ed\u00e7a"}]},{"@type":"WebSite","@id":"https:\/\/www.buchegg.church\/#website","url":"https:\/\/www.buchegg.church\/","name":"buchegg.church","description":"","publisher":{"@id":"https:\/\/www.buchegg.church\/#organization"},"potentialAction":[{"@type":"SearchAction","target":{"@type":"EntryPoint","urlTemplate":"https:\/\/www.buchegg.church\/?s={search_term_string}"},"query-input":{"@type":"PropertyValueSpecification","valueRequired":true,"valueName":"search_term_string"}}],"inLanguage":"pt-PT"},{"@type":"Organization","@id":"https:\/\/www.buchegg.church\/#organization","name":"Buchegg Church","url":"https:\/\/www.buchegg.church\/","logo":{"@type":"ImageObject","inLanguage":"pt-PT","@id":"https:\/\/www.buchegg.church\/#\/schema\/logo\/image\/","url":"https:\/\/www.buchegg.church\/wp-content\/uploads\/buchegg.png","contentUrl":"https:\/\/www.buchegg.church\/wp-content\/uploads\/buchegg.png","width":751,"height":180,"caption":"Buchegg Church"},"image":{"@id":"https:\/\/www.buchegg.church\/#\/schema\/logo\/image\/"},"sameAs":["https:\/\/www.facebook.com\/buchegg","https:\/\/www.instagram.com\/buchegg_church","https:\/\/www.youtube.com\/czbzuerich"]}]}},"_links":{"self":[{"href":"https:\/\/www.buchegg.church\/pt\/wp-json\/wp\/v2\/pages\/5073175","targetHints":{"allow":["GET"]}}],"collection":[{"href":"https:\/\/www.buchegg.church\/pt\/wp-json\/wp\/v2\/pages"}],"about":[{"href":"https:\/\/www.buchegg.church\/pt\/wp-json\/wp\/v2\/types\/page"}],"author":[{"embeddable":true,"href":"https:\/\/www.buchegg.church\/pt\/wp-json\/wp\/v2\/users\/4"}],"replies":[{"embeddable":true,"href":"https:\/\/www.buchegg.church\/pt\/wp-json\/wp\/v2\/comments?post=5073175"}],"version-history":[{"count":10,"href":"https:\/\/www.buchegg.church\/pt\/wp-json\/wp\/v2\/pages\/5073175\/revisions"}],"predecessor-version":[{"id":5195904,"href":"https:\/\/www.buchegg.church\/pt\/wp-json\/wp\/v2\/pages\/5073175\/revisions\/5195904"}],"wp:attachment":[{"href":"https:\/\/www.buchegg.church\/pt\/wp-json\/wp\/v2\/media?parent=5073175"}],"curies":[{"name":"wp","href":"https:\/\/api.w.org\/{rel}","templated":true}]}}