{"id":4931322,"date":"2023-10-27T09:17:50","date_gmt":"2023-10-27T07:17:50","guid":{"rendered":"https:\/\/www.buchegg.church\/?page_id=4931322"},"modified":"2025-11-10T09:40:26","modified_gmt":"2025-11-10T08:40:26","slug":"thanksgiving","status":"publish","type":"page","link":"https:\/\/www.buchegg.church\/pt\/thanksgiving\/","title":{"rendered":"Thanksgiving 2025"},"content":{"rendered":"<div class=\"wpb-content-wrapper\">[vc_row][vc_column][\/vc_column][\/vc_row][mk_page_section bg_image=&#8221;https:\/\/www.buchegg.church\/wp-content\/uploads\/20250930_thanksgiving-2025_screen.jpg&#8221; bg_color=&#8221;#000000&#8243; attachment=&#8221;fixed&#8221; bg_position=&#8221;center top&#8221; bg_repeat=&#8221;no-repeat&#8221; bg_stretch=&#8221;true&#8221; min_height=&#8221;500&#8243; full_width=&#8221;true&#8221; full_height=&#8221;true&#8221; padding_top=&#8221;0&#8243; sidebar=&#8221;sidebar-1&#8243;][vc_column][mk_padding_divider size=&#8221;150&#8243;][\/vc_column][\/mk_page_section][mk_page_section attachment=&#8221;fixed&#8221; bg_position=&#8221;center top&#8221; bg_repeat=&#8221;no-repeat&#8221; bg_stretch=&#8221;true&#8221; min_height=&#8221;200&#8243; section_id=&#8221;anmeldung&#8221; sidebar=&#8221;sidebar-1&#8243;][vc_column][mk_fancy_title size=&#8221;35&#8243; force_font_size=&#8221;true&#8221; size_tablet=&#8221;35&#8243; size_phone=&#8221;35&#8243; font_weight=&#8221;600&#8243; margin_top=&#8221;20&#8243; margin_bottom=&#8221;0&#8243; font_family=&#8221;none&#8221;]Convite cordial[\/mk_fancy_title][vc_column_text css=&#8221;.vc_custom_1759416417510{margin-bottom: 0px !important;}&#8221;]\n<p dir=\"ltr\"><strong>Queridos colaboradores e colaboradoras,<\/strong><\/p>\n<p>\u00c9 uma alegria para n\u00f3s convidar voc\u00eas para o nosso <b>Thanksgiving 2025<\/b>.<br \/>\nCom o empenho e a fidelidade de cada um, voc\u00eas marcaram este ano de maneira decisiva.<br \/>\nPor isso queremos dizer <b>muito obrigado<\/b>, celebrar juntos e honrar a Deus por todo o bem que Ele tem feito.<\/p>\n<p>Voc\u00eas podem escolher em qual noite participar:<\/p>\n<ul>\n<li><b>Quinta-feira, 13\/11\/2025<\/b><\/li>\n<li><b>Sexta-feira, 14\/11\/2025<\/b><\/li>\n<\/ul>\n<p>A partir das <b>18h30<\/b>\u00a0as portas estar\u00e3o abertas e receberemos voc\u00eas com um <i>welcome drink<\/i>.<br \/>\n\u00c0s <b>19h00<\/b>\u00a0come\u00e7aremos oficialmente no sal\u00e3o.<br \/>\nDepois, continuaremos celebrando em um ambiente descontra\u00eddo dentro e em frente ao <b>Z\u00fcri-Lounge<\/b>, com diversas op\u00e7\u00f5es de comidas no estilo <i>street food<\/i>.<\/p>\n<p>Em ambas as noites haver\u00e1 tradu\u00e7\u00e3o para <b>ingl\u00eas e espanhol<\/b>.<br \/>\nQuem <b>desejar<\/b>, pode se vestir de forma um pouco mais elegante.<\/p>\n<p>Para que possamos nos organizar bem, pedimos que a inscri\u00e7\u00e3o seja feita at\u00e9, no m\u00e1ximo, <b>9 de novembro de 2025<\/b>.<\/p>\n<p>Com grande expectativa,[\/vc_column_text][vc_single_image image=&#8221;4931259&#8243;][vc_column_text css=&#8221;.vc_custom_1759416179489{margin-bottom: 0px !important;}&#8221;]Em nome de toda a equipe Buchegg[\/vc_column_text][\/vc_column][vc_column][vc_row_inner][vc_column_inner][mk_padding_divider size=&#8221;20&#8243;][\/vc_column_inner][\/vc_row_inner][\/vc_column][\/mk_page_section][vc_row disable_element=&#8221;yes&#8221;][vc_column][mk_button url=&#8221;https:\/\/forms.office.com\/Pages\/ResponsePage.aspx?id=tdPA7k0Dm02laUiHHCxiJHNlkXTeUuZEosRyKcnQDHtUQlVSQ0FUOExFNjU2TkNaR1FTMzFQRTBUNCQlQCN0PWcu&#8221; target=&#8221;_blank&#8221;]Inscri\u00e7\u00e3o[\/mk_button][\/vc_column][\/vc_row]\n<\/div>","protected":false},"excerpt":{"rendered":"<p>[vc_row][vc_column][\/vc_column][\/vc_row][mk_page_section bg_image=&#8221;https:\/\/www.buchegg.church\/wp-content\/uploads\/20250930_thanksgiving-2025_screen.jpg&#8221; bg_color=&#8221;#000000&#8243; attachment=&#8221;fixed&#8221; bg_position=&#8221;center top&#8221; bg_repeat=&#8221;no-repeat&#8221; bg_stretch=&#8221;true&#8221; min_height=&#8221;500&#8243; full_width=&#8221;true&#8221; full_height=&#8221;true&#8221; padding_top=&#8221;0&#8243; sidebar=&#8221;sidebar-1&#8243;][vc_column][mk_padding_divider size=&#8221;150&#8243;][\/vc_column][\/mk_page_section][mk_page_section attachment=&#8221;fixed&#8221; bg_position=&#8221;center top&#8221; bg_repeat=&#8221;no-repeat&#8221; bg_stretch=&#8221;true&#8221; min_height=&#8221;200&#8243; section_id=&#8221;anmeldung&#8221; sidebar=&#8221;sidebar-1&#8243;][vc_column][mk_fancy_title size=&#8221;35&#8243; force_font_size=&#8221;true&#8221; size_tablet=&#8221;35&#8243; size_phone=&#8221;35&#8243; font_weight=&#8221;600&#8243; margin_top=&#8221;20&#8243; margin_bottom=&#8221;0&#8243; font_family=&#8221;none&#8221;]Convite cordial[\/mk_fancy_title][vc_column_text css=&#8221;.vc_custom_1759416417510{margin-bottom: 0px !important;}&#8221;] Queridos colaboradores e colaboradoras, \u00c9 uma alegria para n\u00f3s convidar voc\u00eas para o nosso Thanksgiving 2025. Com o empenho e a [&hellip;]<\/p>\n","protected":false},"author":4,"featured_media":0,"parent":0,"menu_order":0,"comment_status":"closed","ping_status":"closed","template":"","meta":{"footnotes":""},"class_list":["post-4931322","page","type-page","status-publish","hentry"],"yoast_head":"<!-- This site is optimized with the Yoast SEO plugin v27.5 - https:\/\/yoast.com\/product\/yoast-seo-wordpress\/ -->\n<title>Thanksgiving 2025 - buchegg.church<\/title>\n<meta name=\"robots\" content=\"index, follow, max-snippet:-1, max-image-preview:large, max-video-preview:-1\" \/>\n<link rel=\"canonical\" href=\"https:\/\/www.buchegg.church\/pt\/thanksgiving\/\" \/>\n<meta property=\"og:locale\" content=\"pt_PT\" \/>\n<meta property=\"og:type\" content=\"article\" \/>\n<meta property=\"og:title\" content=\"Thanksgiving 2025 - buchegg.church\" \/>\n<meta property=\"og:description\" content=\"[vc_row][vc_column][\/vc_column][\/vc_row][mk_page_section bg_image=&#8221;https:\/\/www.buchegg.church\/wp-content\/uploads\/20250930_thanksgiving-2025_screen.jpg&#8221; bg_color=&#8221;#000000&#8243; attachment=&#8221;fixed&#8221; bg_position=&#8221;center top&#8221; bg_repeat=&#8221;no-repeat&#8221; bg_stretch=&#8221;true&#8221; min_height=&#8221;500&#8243; full_width=&#8221;true&#8221; full_height=&#8221;true&#8221; padding_top=&#8221;0&#8243; sidebar=&#8221;sidebar-1&#8243;][vc_column][mk_padding_divider size=&#8221;150&#8243;][\/vc_column][\/mk_page_section][mk_page_section attachment=&#8221;fixed&#8221; bg_position=&#8221;center top&#8221; bg_repeat=&#8221;no-repeat&#8221; bg_stretch=&#8221;true&#8221; min_height=&#8221;200&#8243; section_id=&#8221;anmeldung&#8221; sidebar=&#8221;sidebar-1&#8243;][vc_column][mk_fancy_title size=&#8221;35&#8243; force_font_size=&#8221;true&#8221; size_tablet=&#8221;35&#8243; size_phone=&#8221;35&#8243; font_weight=&#8221;600&#8243; margin_top=&#8221;20&#8243; margin_bottom=&#8221;0&#8243; font_family=&#8221;none&#8221;]Convite cordial[\/mk_fancy_title][vc_column_text css=&#8221;.vc_custom_1759416417510{margin-bottom: 0px !important;}&#8221;] Queridos colaboradores e colaboradoras, \u00c9 uma alegria para n\u00f3s convidar voc\u00eas para o nosso Thanksgiving 2025. Com o empenho e a [&hellip;]\" \/>\n<meta property=\"og:url\" content=\"https:\/\/www.buchegg.church\/pt\/thanksgiving\/\" \/>\n<meta property=\"og:site_name\" content=\"buchegg.church\" \/>\n<meta property=\"article:publisher\" content=\"https:\/\/www.facebook.com\/buchegg\" \/>\n<meta property=\"article:modified_time\" content=\"2025-11-10T08:40:26+00:00\" \/>\n<meta name=\"twitter:card\" content=\"summary_large_image\" \/>\n<meta name=\"twitter:label1\" content=\"Tempo estimado de leitura\" \/>\n\t<meta name=\"twitter:data1\" content=\"2 minutos\" \/>\n<script type=\"application\/ld+json\" class=\"yoast-schema-graph\">{\"@context\":\"https:\\\/\\\/schema.org\",\"@graph\":[{\"@type\":\"WebPage\",\"@id\":\"https:\\\/\\\/www.buchegg.church\\\/pt\\\/thanksgiving\\\/\",\"url\":\"https:\\\/\\\/www.buchegg.church\\\/pt\\\/thanksgiving\\\/\",\"name\":\"Thanksgiving 2025 - buchegg.church\",\"isPartOf\":{\"@id\":\"https:\\\/\\\/www.buchegg.church\\\/#website\"},\"datePublished\":\"2023-10-27T07:17:50+00:00\",\"dateModified\":\"2025-11-10T08:40:26+00:00\",\"breadcrumb\":{\"@id\":\"https:\\\/\\\/www.buchegg.church\\\/pt\\\/thanksgiving\\\/#breadcrumb\"},\"inLanguage\":\"pt-PT\",\"potentialAction\":[{\"@type\":\"ReadAction\",\"target\":[\"https:\\\/\\\/www.buchegg.church\\\/pt\\\/thanksgiving\\\/\"]}]},{\"@type\":\"BreadcrumbList\",\"@id\":\"https:\\\/\\\/www.buchegg.church\\\/pt\\\/thanksgiving\\\/#breadcrumb\",\"itemListElement\":[{\"@type\":\"ListItem\",\"position\":1,\"name\":\"Startseite\",\"item\":\"https:\\\/\\\/www.buchegg.church\\\/pt\\\/\"},{\"@type\":\"ListItem\",\"position\":2,\"name\":\"Thanksgiving 2025\"}]},{\"@type\":\"WebSite\",\"@id\":\"https:\\\/\\\/www.buchegg.church\\\/#website\",\"url\":\"https:\\\/\\\/www.buchegg.church\\\/\",\"name\":\"buchegg.church\",\"description\":\"\",\"publisher\":{\"@id\":\"https:\\\/\\\/www.buchegg.church\\\/#organization\"},\"potentialAction\":[{\"@type\":\"SearchAction\",\"target\":{\"@type\":\"EntryPoint\",\"urlTemplate\":\"https:\\\/\\\/www.buchegg.church\\\/?s={search_term_string}\"},\"query-input\":{\"@type\":\"PropertyValueSpecification\",\"valueRequired\":true,\"valueName\":\"search_term_string\"}}],\"inLanguage\":\"pt-PT\"},{\"@type\":\"Organization\",\"@id\":\"https:\\\/\\\/www.buchegg.church\\\/#organization\",\"name\":\"Buchegg Church\",\"url\":\"https:\\\/\\\/www.buchegg.church\\\/\",\"logo\":{\"@type\":\"ImageObject\",\"inLanguage\":\"pt-PT\",\"@id\":\"https:\\\/\\\/www.buchegg.church\\\/#\\\/schema\\\/logo\\\/image\\\/\",\"url\":\"https:\\\/\\\/www.buchegg.church\\\/wp-content\\\/uploads\\\/buchegg.png\",\"contentUrl\":\"https:\\\/\\\/www.buchegg.church\\\/wp-content\\\/uploads\\\/buchegg.png\",\"width\":751,\"height\":180,\"caption\":\"Buchegg Church\"},\"image\":{\"@id\":\"https:\\\/\\\/www.buchegg.church\\\/#\\\/schema\\\/logo\\\/image\\\/\"},\"sameAs\":[\"https:\\\/\\\/www.facebook.com\\\/buchegg\",\"https:\\\/\\\/www.instagram.com\\\/buchegg_church\",\"https:\\\/\\\/www.youtube.com\\\/czbzuerich\"]}]}<\/script>\n<!-- \/ Yoast SEO plugin. -->","yoast_head_json":{"title":"Thanksgiving 2025 - buchegg.church","robots":{"index":"index","follow":"follow","max-snippet":"max-snippet:-1","max-image-preview":"max-image-preview:large","max-video-preview":"max-video-preview:-1"},"canonical":"https:\/\/www.buchegg.church\/pt\/thanksgiving\/","og_locale":"pt_PT","og_type":"article","og_title":"Thanksgiving 2025 - buchegg.church","og_description":"[vc_row][vc_column][\/vc_column][\/vc_row][mk_page_section bg_image=&#8221;https:\/\/www.buchegg.church\/wp-content\/uploads\/20250930_thanksgiving-2025_screen.jpg&#8221; bg_color=&#8221;#000000&#8243; attachment=&#8221;fixed&#8221; bg_position=&#8221;center top&#8221; bg_repeat=&#8221;no-repeat&#8221; bg_stretch=&#8221;true&#8221; min_height=&#8221;500&#8243; full_width=&#8221;true&#8221; full_height=&#8221;true&#8221; padding_top=&#8221;0&#8243; sidebar=&#8221;sidebar-1&#8243;][vc_column][mk_padding_divider size=&#8221;150&#8243;][\/vc_column][\/mk_page_section][mk_page_section attachment=&#8221;fixed&#8221; bg_position=&#8221;center top&#8221; bg_repeat=&#8221;no-repeat&#8221; bg_stretch=&#8221;true&#8221; min_height=&#8221;200&#8243; section_id=&#8221;anmeldung&#8221; sidebar=&#8221;sidebar-1&#8243;][vc_column][mk_fancy_title size=&#8221;35&#8243; force_font_size=&#8221;true&#8221; size_tablet=&#8221;35&#8243; size_phone=&#8221;35&#8243; font_weight=&#8221;600&#8243; margin_top=&#8221;20&#8243; margin_bottom=&#8221;0&#8243; font_family=&#8221;none&#8221;]Convite cordial[\/mk_fancy_title][vc_column_text css=&#8221;.vc_custom_1759416417510{margin-bottom: 0px !important;}&#8221;] Queridos colaboradores e colaboradoras, \u00c9 uma alegria para n\u00f3s convidar voc\u00eas para o nosso Thanksgiving 2025. Com o empenho e a [&hellip;]","og_url":"https:\/\/www.buchegg.church\/pt\/thanksgiving\/","og_site_name":"buchegg.church","article_publisher":"https:\/\/www.facebook.com\/buchegg","article_modified_time":"2025-11-10T08:40:26+00:00","twitter_card":"summary_large_image","twitter_misc":{"Tempo estimado de leitura":"2 minutos"},"schema":{"@context":"https:\/\/schema.org","@graph":[{"@type":"WebPage","@id":"https:\/\/www.buchegg.church\/pt\/thanksgiving\/","url":"https:\/\/www.buchegg.church\/pt\/thanksgiving\/","name":"Thanksgiving 2025 - buchegg.church","isPartOf":{"@id":"https:\/\/www.buchegg.church\/#website"},"datePublished":"2023-10-27T07:17:50+00:00","dateModified":"2025-11-10T08:40:26+00:00","breadcrumb":{"@id":"https:\/\/www.buchegg.church\/pt\/thanksgiving\/#breadcrumb"},"inLanguage":"pt-PT","potentialAction":[{"@type":"ReadAction","target":["https:\/\/www.buchegg.church\/pt\/thanksgiving\/"]}]},{"@type":"BreadcrumbList","@id":"https:\/\/www.buchegg.church\/pt\/thanksgiving\/#breadcrumb","itemListElement":[{"@type":"ListItem","position":1,"name":"Startseite","item":"https:\/\/www.buchegg.church\/pt\/"},{"@type":"ListItem","position":2,"name":"Thanksgiving 2025"}]},{"@type":"WebSite","@id":"https:\/\/www.buchegg.church\/#website","url":"https:\/\/www.buchegg.church\/","name":"buchegg.church","description":"","publisher":{"@id":"https:\/\/www.buchegg.church\/#organization"},"potentialAction":[{"@type":"SearchAction","target":{"@type":"EntryPoint","urlTemplate":"https:\/\/www.buchegg.church\/?s={search_term_string}"},"query-input":{"@type":"PropertyValueSpecification","valueRequired":true,"valueName":"search_term_string"}}],"inLanguage":"pt-PT"},{"@type":"Organization","@id":"https:\/\/www.buchegg.church\/#organization","name":"Buchegg Church","url":"https:\/\/www.buchegg.church\/","logo":{"@type":"ImageObject","inLanguage":"pt-PT","@id":"https:\/\/www.buchegg.church\/#\/schema\/logo\/image\/","url":"https:\/\/www.buchegg.church\/wp-content\/uploads\/buchegg.png","contentUrl":"https:\/\/www.buchegg.church\/wp-content\/uploads\/buchegg.png","width":751,"height":180,"caption":"Buchegg Church"},"image":{"@id":"https:\/\/www.buchegg.church\/#\/schema\/logo\/image\/"},"sameAs":["https:\/\/www.facebook.com\/buchegg","https:\/\/www.instagram.com\/buchegg_church","https:\/\/www.youtube.com\/czbzuerich"]}]}},"_links":{"self":[{"href":"https:\/\/www.buchegg.church\/pt\/wp-json\/wp\/v2\/pages\/4931322","targetHints":{"allow":["GET"]}}],"collection":[{"href":"https:\/\/www.buchegg.church\/pt\/wp-json\/wp\/v2\/pages"}],"about":[{"href":"https:\/\/www.buchegg.church\/pt\/wp-json\/wp\/v2\/types\/page"}],"author":[{"embeddable":true,"href":"https:\/\/www.buchegg.church\/pt\/wp-json\/wp\/v2\/users\/4"}],"replies":[{"embeddable":true,"href":"https:\/\/www.buchegg.church\/pt\/wp-json\/wp\/v2\/comments?post=4931322"}],"version-history":[{"count":15,"href":"https:\/\/www.buchegg.church\/pt\/wp-json\/wp\/v2\/pages\/4931322\/revisions"}],"predecessor-version":[{"id":5146613,"href":"https:\/\/www.buchegg.church\/pt\/wp-json\/wp\/v2\/pages\/4931322\/revisions\/5146613"}],"wp:attachment":[{"href":"https:\/\/www.buchegg.church\/pt\/wp-json\/wp\/v2\/media?parent=4931322"}],"curies":[{"name":"wp","href":"https:\/\/api.w.org\/{rel}","templated":true}]}}