{"id":12267,"date":"2018-01-21T17:41:41","date_gmt":"2018-01-21T16:41:41","guid":{"rendered":"https:\/\/www.buchegg.church\/taufe\/"},"modified":"2024-11-25T10:50:09","modified_gmt":"2024-11-25T09:50:09","slug":"batismo","status":"publish","type":"page","link":"https:\/\/www.buchegg.church\/pt\/batismo\/","title":{"rendered":"Batismo"},"content":{"rendered":"<div class=\"wpb-content-wrapper\">[vc_row][vc_column][\/vc_column][\/vc_row][mk_page_section bg_image=&#8221;\/wp-content\/uploads\/taufe.jpg&#8221; bg_color=&#8221;#000000&#8243; attachment=&#8221;fixed&#8221; bg_position=&#8221;center top&#8221; bg_repeat=&#8221;no-repeat&#8221; bg_stretch=&#8221;true&#8221; min_height=&#8221;500&#8243; full_width=&#8221;true&#8221; padding_top=&#8221;0&#8243; sidebar=&#8221;sidebar-1&#8243;][vc_column][mk_fancy_title color=&#8221;#ffffff&#8221; size=&#8221;70&#8243; force_font_size=&#8221;true&#8221; size_tablet=&#8221;60&#8243; size_phone=&#8221;40&#8243; font_weight=&#8221;600&#8243; txt_transform=&#8221;uppercase&#8221; letter_spacing=&#8221;3&#8243; margin_top=&#8221;200&#8243; margin_bottom=&#8221;0&#8243; font_family=&#8221;none&#8221; align=&#8221;center&#8221;]Batismo[\/mk_fancy_title][mk_fancy_title color=&#8221;#ffffff&#8221; size=&#8221;35&#8243; force_font_size=&#8221;true&#8221; size_tablet=&#8221;30&#8243; size_phone=&#8221;25&#8243; font_weight=&#8221;300&#8243; font_style=&#8221;italic&#8221; font_family=&#8221;none&#8221; align=&#8221;center&#8221;]Fazer viz\u00edvel minha decis\u00e3o pessoal por jesus[\/mk_fancy_title][\/vc_column][\/mk_page_section][vc_row][vc_column][mk_fancy_title size=&#8221;45&#8243; force_font_size=&#8221;true&#8221; size_tablet=&#8221;35&#8243; size_phone=&#8221;35&#8243; font_weight=&#8221;600&#8243; margin_top=&#8221;40&#8243; margin_bottom=&#8221;0&#8243; font_family=&#8221;none&#8221; align=&#8221;center&#8221;]Inscri\u00e7\u00e3o para o batismo[\/mk_fancy_title][vc_row_inner][vc_column_inner width=&#8221;1\/2&#8243;][mk_image src=&#8221;https:\/\/www.buchegg.church\/wp-content\/uploads\/nextsteps-taufe.jpg&#8221; image_size=&#8221;full&#8221;][\/vc_column_inner][vc_column_inner width=&#8221;1\/2&#8243;][vc_column_text css=&#8221;.vc_custom_1537542466447{margin-bottom: 0px !important;}&#8221;]O batismo \u00e9 uma proclama\u00e7\u00e3o externa da nossa decis\u00e3o de vida com Jesus. \u00c9 por isso que o batismo \u00e9 para n\u00f3s como uma grande festa!<\/p>\n<p>Normalmente o batismo ocorre ap\u00f3s o curso\u00a0\u00abFundamentos da f\u00e9\u00bb. Se voc\u00ea ainda n\u00e3o visitou este curso te recomendamos com muito prazer que o fa\u00e7a.<\/p>\n<p>Qualquer d\u00favida sobre o batismo entre em contato conosco atrav\u00e9s do formul\u00e1rio de <a href=\"\/pt\/contato\">contato<\/a>.[\/vc_column_text][\/vc_column_inner][\/vc_row_inner][mk_padding_divider][\/vc_column][\/vc_row][mk_page_section bg_image=&#8221;\/wp-content\/uploads\/taufe.jpg&#8221; attachment=&#8221;fixed&#8221; bg_position=&#8221;center top&#8221; bg_repeat=&#8221;no-repeat&#8221; bg_stretch=&#8221;true&#8221; min_height=&#8221;400&#8243; sidebar=&#8221;sidebar-1&#8243;][vc_column][\/vc_column][\/mk_page_section][vc_row id=&#8221;anmeldung&#8221;][vc_column][mk_fancy_title size=&#8221;45&#8243; force_font_size=&#8221;true&#8221; size_tablet=&#8221;35&#8243; size_phone=&#8221;35&#8243; font_weight=&#8221;600&#8243; margin_top=&#8221;40&#8243; margin_bottom=&#8221;0&#8243; font_family=&#8221;none&#8221; align=&#8221;center&#8221;]Inscri\u00e7\u00e3o[\/mk_fancy_title]\n<div class=\"wpcf7 no-js\" id=\"wpcf7-f5046358-o1\" lang=\"de-DE\" dir=\"ltr\" data-wpcf7-id=\"5046358\">\n<div class=\"screen-reader-response\"><p role=\"status\" aria-live=\"polite\" aria-atomic=\"true\"><\/p> <ul><\/ul><\/div>\n<form action=\"\/pt\/wp-json\/wp\/v2\/pages\/12267#wpcf7-f5046358-o1\" method=\"post\" class=\"wpcf7-form init\" aria-label=\"Kontaktformular\" novalidate=\"novalidate\" data-status=\"init\">\n<fieldset class=\"hidden-fields-container\"><input type=\"hidden\" name=\"_wpcf7\" value=\"5046358\" \/><input type=\"hidden\" name=\"_wpcf7_version\" value=\"6.1.5\" \/><input type=\"hidden\" name=\"_wpcf7_locale\" value=\"de_DE\" \/><input type=\"hidden\" name=\"_wpcf7_unit_tag\" value=\"wpcf7-f5046358-o1\" \/><input type=\"hidden\" name=\"_wpcf7_container_post\" value=\"0\" \/><input type=\"hidden\" name=\"_wpcf7_posted_data_hash\" value=\"\" \/><input type=\"hidden\" name=\"_wpcf7_recaptcha_response\" value=\"\" \/>\n<\/fieldset>\n<p><label>Nome pr\u00f3prio<br \/>\n<span class=\"wpcf7-form-control-wrap\" data-name=\"Vorname\"><input size=\"40\" maxlength=\"400\" class=\"wpcf7-form-control wpcf7-text wpcf7-validates-as-required\" aria-required=\"true\" aria-invalid=\"false\" value=\"\" type=\"text\" name=\"Vorname\" \/><\/span><\/label>\n<\/p>\n<p><label>Sobrenome<br \/>\n<span class=\"wpcf7-form-control-wrap\" data-name=\"Nachname\"><input size=\"40\" maxlength=\"400\" class=\"wpcf7-form-control wpcf7-text wpcf7-validates-as-required\" aria-required=\"true\" aria-invalid=\"false\" value=\"\" type=\"text\" name=\"Nachname\" \/><\/span><\/label>\n<\/p>\n<p><label>Rua<br \/>\n<span class=\"wpcf7-form-control-wrap\" data-name=\"Strasse\"><input size=\"40\" maxlength=\"400\" class=\"wpcf7-form-control wpcf7-text wpcf7-validates-as-required\" aria-required=\"true\" aria-invalid=\"false\" value=\"\" type=\"text\" name=\"Strasse\" \/><\/span><\/label>\n<\/p>\n<p><label>C\u00f3digo postal<br \/>\n<span class=\"wpcf7-form-control-wrap\" data-name=\"PLZ\"><input size=\"40\" maxlength=\"400\" class=\"wpcf7-form-control wpcf7-text wpcf7-validates-as-required\" aria-required=\"true\" aria-invalid=\"false\" value=\"\" type=\"text\" name=\"PLZ\" \/><\/span><\/label>\n<\/p>\n<p><label>Local<br \/>\n<span class=\"wpcf7-form-control-wrap\" data-name=\"Ort\"><input size=\"40\" maxlength=\"400\" class=\"wpcf7-form-control wpcf7-text wpcf7-validates-as-required\" aria-required=\"true\" aria-invalid=\"false\" value=\"\" type=\"text\" name=\"Ort\" \/><\/span><\/label>\n<\/p>\n<p><label>Data de nascimento<br \/>\n<span class=\"wpcf7-form-control-wrap\" data-name=\"Geburtsdatum\"><input size=\"40\" maxlength=\"400\" class=\"wpcf7-form-control wpcf7-text wpcf7-validates-as-required\" aria-required=\"true\" aria-invalid=\"false\" value=\"\" type=\"text\" name=\"Geburtsdatum\" \/><\/span><\/label>\n<\/p>\n<p><label>Telefone<br \/>\n<span class=\"wpcf7-form-control-wrap\" data-name=\"Telefon\"><input size=\"40\" maxlength=\"400\" class=\"wpcf7-form-control wpcf7-text wpcf7-validates-as-required\" aria-required=\"true\" aria-invalid=\"false\" value=\"\" type=\"text\" name=\"Telefon\" \/><\/span><\/label>\n<\/p>\n<p><label>E-mail<br \/>\n<span class=\"wpcf7-form-control-wrap\" data-name=\"E-Mail\"><input size=\"40\" maxlength=\"400\" class=\"wpcf7-form-control wpcf7-email wpcf7-validates-as-required wpcf7-text wpcf7-validates-as-email\" aria-required=\"true\" aria-invalid=\"false\" value=\"\" type=\"email\" name=\"E-Mail\" \/><\/span><\/label>\n<\/p>\n<h4>Culto\n<\/h4>\n<p>Hor\u00e1rio <span class=\"wpcf7-form-control-wrap\" data-name=\"Zeit\"><span class=\"wpcf7-form-control wpcf7-checkbox wpcf7-validates-as-required wpcf7-exclusive-checkbox\"><span class=\"wpcf7-list-item first\"><input type=\"checkbox\" name=\"Zeit\" value=\"9:30\" \/><span class=\"wpcf7-list-item-label\">9:30<\/span><\/span><span class=\"wpcf7-list-item\"><input type=\"checkbox\" name=\"Zeit\" value=\"11:11\" \/><span class=\"wpcf7-list-item-label\">11:11<\/span><\/span><span class=\"wpcf7-list-item\"><input type=\"checkbox\" name=\"Zeit\" value=\"13:30\" \/><span class=\"wpcf7-list-item-label\">13:30<\/span><\/span><span class=\"wpcf7-list-item last\"><input type=\"checkbox\" name=\"Zeit\" value=\"16:00\" \/><span class=\"wpcf7-list-item-label\">16:00<\/span><\/span><\/span><\/span>\n<\/p>\n<p><label>N\u00famero de lugares a serem reservados<br \/>\n<span class=\"wpcf7-form-control-wrap\" data-name=\"Anzahl\"><select class=\"wpcf7-form-control wpcf7-select wpcf7-validates-as-required\" aria-required=\"true\" aria-invalid=\"false\" name=\"Anzahl\"><option value=\"1\">1<\/option><option value=\"2\">2<\/option><option value=\"3\">3<\/option><option value=\"4\">4<\/option><option value=\"5\">5<\/option><option value=\"6\">6<\/option><option value=\"7\">7<\/option><option value=\"8\">8<\/option><option value=\"9\">9<\/option><option value=\"10\">10<\/option><option value=\"11\">11<\/option><option value=\"12\">12<\/option><option value=\"13\">13<\/option><option value=\"14\">14<\/option><option value=\"15\">15<\/option><option value=\"16\">16<\/option><option value=\"17\">17<\/option><option value=\"18\">18<\/option><option value=\"19\">19<\/option><option value=\"20\">20<\/option><\/select><\/span><\/label>\n<\/p>\n<h4>O pr\u00e9-requisito para o batismo \u00e9 o curso \u201cConhe\u00e7er a Deus\"\n<\/h4>\n<p>Voc\u00ea participou do curso?<br \/>\n<span class=\"wpcf7-form-control-wrap\" data-name=\"Gkl_besucht\"><span class=\"wpcf7-form-control wpcf7-radio\"><span class=\"wpcf7-list-item first\"><label><input type=\"radio\" name=\"Gkl_besucht\" value=\"sim\" \/><span class=\"wpcf7-list-item-label\">sim<\/span><\/label><\/span><span class=\"wpcf7-list-item last\"><label><input type=\"radio\" name=\"Gkl_besucht\" value=\"n\u00e3o\" \/><span class=\"wpcf7-list-item-label\">n\u00e3o<\/span><\/label><\/span><\/span><\/span>\n<\/p>\n<p>[group gkl]<br \/>\n<label>Se sim, quando (m\u00eas\/ano)<br \/>\n<span class=\"wpcf7-form-control-wrap\" data-name=\"Wann\"><input size=\"40\" maxlength=\"400\" class=\"wpcf7-form-control wpcf7-text\" aria-invalid=\"false\" value=\"\" type=\"text\" name=\"Wann\" \/><\/span><\/label><br \/>\n[\/group]\n<\/p>\n<h4>Adolescente\n<\/h4>\n<p>Uptown class <span class=\"wpcf7-form-control-wrap\" data-name=\"Uptown_Klasse\"><span class=\"wpcf7-form-control wpcf7-checkbox wpcf7-exclusive-checkbox\"><span class=\"wpcf7-list-item first\"><input type=\"checkbox\" name=\"Uptown_Klasse\" value=\"1\" \/><span class=\"wpcf7-list-item-label\">1<\/span><\/span><span class=\"wpcf7-list-item\"><input type=\"checkbox\" name=\"Uptown_Klasse\" value=\"2\" \/><span class=\"wpcf7-list-item-label\">2<\/span><\/span><span class=\"wpcf7-list-item\"><input type=\"checkbox\" name=\"Uptown_Klasse\" value=\"3\" \/><span class=\"wpcf7-list-item-label\">3<\/span><\/span><span class=\"wpcf7-list-item last\"><input type=\"checkbox\" name=\"Uptown_Klasse\" value=\"4\" \/><span class=\"wpcf7-list-item-label\">4<\/span><\/span><\/span><\/span>\n<\/p>\n<h4>Jovens\n<\/h4>\n<p><span class=\"wpcf7-form-control-wrap\" data-name=\"Jugendliche\"><span class=\"wpcf7-form-control wpcf7-checkbox wpcf7-exclusive-checkbox\"><span class=\"wpcf7-list-item first last\"><input type=\"checkbox\" name=\"Jugendliche\" value=\"Estou na FUSE e completarei minha prepara\u00e7\u00e3o para o batismo l\u00e1.\" \/><span class=\"wpcf7-list-item-label\">Estou na FUSE e completarei minha prepara\u00e7\u00e3o para o batismo l\u00e1.<\/span><\/span><\/span><\/span>\n<\/p>\n<p>Os adolescentes com menos de 18 anos devem ter o consentimento de seu respons\u00e1vel legal.\n<\/p>\n<h4>Mensagem\n<\/h4>\n<p><span class=\"wpcf7-form-control-wrap\" data-name=\"Bemerkungen\"><textarea cols=\"40\" rows=\"3\" maxlength=\"2000\" class=\"wpcf7-form-control wpcf7-textarea\" aria-invalid=\"false\" name=\"Bemerkungen\"><\/textarea><\/span>\n<\/p>\n<p><input class=\"wpcf7-form-control wpcf7-submit has-spinner\" type=\"submit\" value=\"Enviar\" \/>\n<\/p><div class=\"wpcf7-response-output\" aria-hidden=\"true\"><\/div>\n<\/form>\n<\/div>\n[mk_padding_divider][\/vc_column][\/vc_row][mk_page_section bg_image=&#8221;\/wp-content\/uploads\/taufe_neu.jpg&#8221; attachment=&#8221;fixed&#8221; bg_position=&#8221;center top&#8221; bg_repeat=&#8221;no-repeat&#8221; bg_stretch=&#8221;true&#8221; min_height=&#8221;400&#8243; sidebar=&#8221;sidebar-1&#8243;][vc_column][\/vc_column][\/mk_page_section]\n<\/div>","protected":false},"excerpt":{"rendered":"<p>[vc_row][vc_column][\/vc_column][\/vc_row][mk_page_section bg_image=&#8221;\/wp-content\/uploads\/taufe.jpg&#8221; bg_color=&#8221;#000000&#8243; attachment=&#8221;fixed&#8221; bg_position=&#8221;center top&#8221; bg_repeat=&#8221;no-repeat&#8221; bg_stretch=&#8221;true&#8221; min_height=&#8221;500&#8243; full_width=&#8221;true&#8221; padding_top=&#8221;0&#8243; sidebar=&#8221;sidebar-1&#8243;][vc_column][mk_fancy_title color=&#8221;#ffffff&#8221; size=&#8221;70&#8243; force_font_size=&#8221;true&#8221; size_tablet=&#8221;60&#8243; size_phone=&#8221;40&#8243; font_weight=&#8221;600&#8243; txt_transform=&#8221;uppercase&#8221; letter_spacing=&#8221;3&#8243; margin_top=&#8221;200&#8243; margin_bottom=&#8221;0&#8243; font_family=&#8221;none&#8221; align=&#8221;center&#8221;]Batismo[\/mk_fancy_title][mk_fancy_title color=&#8221;#ffffff&#8221; size=&#8221;35&#8243; force_font_size=&#8221;true&#8221; size_tablet=&#8221;30&#8243; size_phone=&#8221;25&#8243; font_weight=&#8221;300&#8243; font_style=&#8221;italic&#8221; font_family=&#8221;none&#8221; align=&#8221;center&#8221;]Fazer viz\u00edvel minha decis\u00e3o pessoal por jesus[\/mk_fancy_title][\/vc_column][\/mk_page_section][vc_row][vc_column][mk_fancy_title size=&#8221;45&#8243; force_font_size=&#8221;true&#8221; size_tablet=&#8221;35&#8243; size_phone=&#8221;35&#8243; font_weight=&#8221;600&#8243; margin_top=&#8221;40&#8243; margin_bottom=&#8221;0&#8243; font_family=&#8221;none&#8221; align=&#8221;center&#8221;]Inscri\u00e7\u00e3o para o batismo[\/mk_fancy_title][vc_row_inner][vc_column_inner width=&#8221;1\/2&#8243;][mk_image src=&#8221;https:\/\/www.buchegg.church\/wp-content\/uploads\/nextsteps-taufe.jpg&#8221; image_size=&#8221;full&#8221;][\/vc_column_inner][vc_column_inner width=&#8221;1\/2&#8243;][vc_column_text [&hellip;]<\/p>\n","protected":false},"author":1,"featured_media":0,"parent":0,"menu_order":0,"comment_status":"closed","ping_status":"closed","template":"","meta":{"footnotes":""},"class_list":["post-12267","page","type-page","status-publish","hentry"],"yoast_head":"<!-- This site is optimized with the Yoast SEO plugin v27.4 - https:\/\/yoast.com\/product\/yoast-seo-wordpress\/ -->\n<title>Batismo - buchegg.church<\/title>\n<meta name=\"robots\" content=\"index, follow, max-snippet:-1, max-image-preview:large, max-video-preview:-1\" \/>\n<link rel=\"canonical\" href=\"https:\/\/www.buchegg.church\/pt\/batismo\/\" \/>\n<meta property=\"og:locale\" content=\"pt_PT\" \/>\n<meta property=\"og:type\" content=\"article\" \/>\n<meta property=\"og:title\" content=\"Batismo - buchegg.church\" \/>\n<meta property=\"og:description\" content=\"[vc_row][vc_column][\/vc_column][\/vc_row][mk_page_section bg_image=&#8221;\/wp-content\/uploads\/taufe.jpg&#8221; bg_color=&#8221;#000000&#8243; attachment=&#8221;fixed&#8221; bg_position=&#8221;center top&#8221; bg_repeat=&#8221;no-repeat&#8221; bg_stretch=&#8221;true&#8221; min_height=&#8221;500&#8243; full_width=&#8221;true&#8221; padding_top=&#8221;0&#8243; sidebar=&#8221;sidebar-1&#8243;][vc_column][mk_fancy_title color=&#8221;#ffffff&#8221; size=&#8221;70&#8243; force_font_size=&#8221;true&#8221; size_tablet=&#8221;60&#8243; size_phone=&#8221;40&#8243; font_weight=&#8221;600&#8243; txt_transform=&#8221;uppercase&#8221; letter_spacing=&#8221;3&#8243; margin_top=&#8221;200&#8243; margin_bottom=&#8221;0&#8243; font_family=&#8221;none&#8221; align=&#8221;center&#8221;]Batismo[\/mk_fancy_title][mk_fancy_title color=&#8221;#ffffff&#8221; size=&#8221;35&#8243; force_font_size=&#8221;true&#8221; size_tablet=&#8221;30&#8243; size_phone=&#8221;25&#8243; font_weight=&#8221;300&#8243; font_style=&#8221;italic&#8221; font_family=&#8221;none&#8221; align=&#8221;center&#8221;]Fazer viz\u00edvel minha decis\u00e3o pessoal por jesus[\/mk_fancy_title][\/vc_column][\/mk_page_section][vc_row][vc_column][mk_fancy_title size=&#8221;45&#8243; force_font_size=&#8221;true&#8221; size_tablet=&#8221;35&#8243; size_phone=&#8221;35&#8243; font_weight=&#8221;600&#8243; margin_top=&#8221;40&#8243; margin_bottom=&#8221;0&#8243; font_family=&#8221;none&#8221; align=&#8221;center&#8221;]Inscri\u00e7\u00e3o para o batismo[\/mk_fancy_title][vc_row_inner][vc_column_inner width=&#8221;1\/2&#8243;][mk_image src=&#8221;https:\/\/www.buchegg.church\/wp-content\/uploads\/nextsteps-taufe.jpg&#8221; image_size=&#8221;full&#8221;][\/vc_column_inner][vc_column_inner width=&#8221;1\/2&#8243;][vc_column_text [&hellip;]\" \/>\n<meta property=\"og:url\" content=\"https:\/\/www.buchegg.church\/pt\/batismo\/\" \/>\n<meta property=\"og:site_name\" content=\"buchegg.church\" \/>\n<meta property=\"article:publisher\" content=\"https:\/\/www.facebook.com\/buchegg\" \/>\n<meta property=\"article:modified_time\" content=\"2024-11-25T09:50:09+00:00\" \/>\n<meta name=\"twitter:card\" content=\"summary_large_image\" \/>\n<meta name=\"twitter:label1\" content=\"Tempo estimado de leitura\" \/>\n\t<meta name=\"twitter:data1\" content=\"1 minuto\" \/>\n<script type=\"application\/ld+json\" class=\"yoast-schema-graph\">{\"@context\":\"https:\\\/\\\/schema.org\",\"@graph\":[{\"@type\":\"WebPage\",\"@id\":\"https:\\\/\\\/www.buchegg.church\\\/pt\\\/batismo\\\/\",\"url\":\"https:\\\/\\\/www.buchegg.church\\\/pt\\\/batismo\\\/\",\"name\":\"Batismo - buchegg.church\",\"isPartOf\":{\"@id\":\"https:\\\/\\\/www.buchegg.church\\\/#website\"},\"datePublished\":\"2018-01-21T16:41:41+00:00\",\"dateModified\":\"2024-11-25T09:50:09+00:00\",\"breadcrumb\":{\"@id\":\"https:\\\/\\\/www.buchegg.church\\\/pt\\\/batismo\\\/#breadcrumb\"},\"inLanguage\":\"pt-PT\",\"potentialAction\":[{\"@type\":\"ReadAction\",\"target\":[\"https:\\\/\\\/www.buchegg.church\\\/pt\\\/batismo\\\/\"]}]},{\"@type\":\"BreadcrumbList\",\"@id\":\"https:\\\/\\\/www.buchegg.church\\\/pt\\\/batismo\\\/#breadcrumb\",\"itemListElement\":[{\"@type\":\"ListItem\",\"position\":1,\"name\":\"Startseite\",\"item\":\"https:\\\/\\\/www.buchegg.church\\\/pt\\\/\"},{\"@type\":\"ListItem\",\"position\":2,\"name\":\"Batismo\"}]},{\"@type\":\"WebSite\",\"@id\":\"https:\\\/\\\/www.buchegg.church\\\/#website\",\"url\":\"https:\\\/\\\/www.buchegg.church\\\/\",\"name\":\"buchegg.church\",\"description\":\"\",\"publisher\":{\"@id\":\"https:\\\/\\\/www.buchegg.church\\\/#organization\"},\"potentialAction\":[{\"@type\":\"SearchAction\",\"target\":{\"@type\":\"EntryPoint\",\"urlTemplate\":\"https:\\\/\\\/www.buchegg.church\\\/?s={search_term_string}\"},\"query-input\":{\"@type\":\"PropertyValueSpecification\",\"valueRequired\":true,\"valueName\":\"search_term_string\"}}],\"inLanguage\":\"pt-PT\"},{\"@type\":\"Organization\",\"@id\":\"https:\\\/\\\/www.buchegg.church\\\/#organization\",\"name\":\"Buchegg Church\",\"url\":\"https:\\\/\\\/www.buchegg.church\\\/\",\"logo\":{\"@type\":\"ImageObject\",\"inLanguage\":\"pt-PT\",\"@id\":\"https:\\\/\\\/www.buchegg.church\\\/#\\\/schema\\\/logo\\\/image\\\/\",\"url\":\"https:\\\/\\\/www.buchegg.church\\\/wp-content\\\/uploads\\\/buchegg.png\",\"contentUrl\":\"https:\\\/\\\/www.buchegg.church\\\/wp-content\\\/uploads\\\/buchegg.png\",\"width\":751,\"height\":180,\"caption\":\"Buchegg Church\"},\"image\":{\"@id\":\"https:\\\/\\\/www.buchegg.church\\\/#\\\/schema\\\/logo\\\/image\\\/\"},\"sameAs\":[\"https:\\\/\\\/www.facebook.com\\\/buchegg\",\"https:\\\/\\\/www.instagram.com\\\/buchegg_church\",\"https:\\\/\\\/www.youtube.com\\\/czbzuerich\"]}]}<\/script>\n<!-- \/ Yoast SEO plugin. -->","yoast_head_json":{"title":"Batismo - buchegg.church","robots":{"index":"index","follow":"follow","max-snippet":"max-snippet:-1","max-image-preview":"max-image-preview:large","max-video-preview":"max-video-preview:-1"},"canonical":"https:\/\/www.buchegg.church\/pt\/batismo\/","og_locale":"pt_PT","og_type":"article","og_title":"Batismo - buchegg.church","og_description":"[vc_row][vc_column][\/vc_column][\/vc_row][mk_page_section bg_image=&#8221;\/wp-content\/uploads\/taufe.jpg&#8221; bg_color=&#8221;#000000&#8243; attachment=&#8221;fixed&#8221; bg_position=&#8221;center top&#8221; bg_repeat=&#8221;no-repeat&#8221; bg_stretch=&#8221;true&#8221; min_height=&#8221;500&#8243; full_width=&#8221;true&#8221; padding_top=&#8221;0&#8243; sidebar=&#8221;sidebar-1&#8243;][vc_column][mk_fancy_title color=&#8221;#ffffff&#8221; size=&#8221;70&#8243; force_font_size=&#8221;true&#8221; size_tablet=&#8221;60&#8243; size_phone=&#8221;40&#8243; font_weight=&#8221;600&#8243; txt_transform=&#8221;uppercase&#8221; letter_spacing=&#8221;3&#8243; margin_top=&#8221;200&#8243; margin_bottom=&#8221;0&#8243; font_family=&#8221;none&#8221; align=&#8221;center&#8221;]Batismo[\/mk_fancy_title][mk_fancy_title color=&#8221;#ffffff&#8221; size=&#8221;35&#8243; force_font_size=&#8221;true&#8221; size_tablet=&#8221;30&#8243; size_phone=&#8221;25&#8243; font_weight=&#8221;300&#8243; font_style=&#8221;italic&#8221; font_family=&#8221;none&#8221; align=&#8221;center&#8221;]Fazer viz\u00edvel minha decis\u00e3o pessoal por jesus[\/mk_fancy_title][\/vc_column][\/mk_page_section][vc_row][vc_column][mk_fancy_title size=&#8221;45&#8243; force_font_size=&#8221;true&#8221; size_tablet=&#8221;35&#8243; size_phone=&#8221;35&#8243; font_weight=&#8221;600&#8243; margin_top=&#8221;40&#8243; margin_bottom=&#8221;0&#8243; font_family=&#8221;none&#8221; align=&#8221;center&#8221;]Inscri\u00e7\u00e3o para o batismo[\/mk_fancy_title][vc_row_inner][vc_column_inner width=&#8221;1\/2&#8243;][mk_image src=&#8221;https:\/\/www.buchegg.church\/wp-content\/uploads\/nextsteps-taufe.jpg&#8221; image_size=&#8221;full&#8221;][\/vc_column_inner][vc_column_inner width=&#8221;1\/2&#8243;][vc_column_text [&hellip;]","og_url":"https:\/\/www.buchegg.church\/pt\/batismo\/","og_site_name":"buchegg.church","article_publisher":"https:\/\/www.facebook.com\/buchegg","article_modified_time":"2024-11-25T09:50:09+00:00","twitter_card":"summary_large_image","twitter_misc":{"Tempo estimado de leitura":"1 minuto"},"schema":{"@context":"https:\/\/schema.org","@graph":[{"@type":"WebPage","@id":"https:\/\/www.buchegg.church\/pt\/batismo\/","url":"https:\/\/www.buchegg.church\/pt\/batismo\/","name":"Batismo - buchegg.church","isPartOf":{"@id":"https:\/\/www.buchegg.church\/#website"},"datePublished":"2018-01-21T16:41:41+00:00","dateModified":"2024-11-25T09:50:09+00:00","breadcrumb":{"@id":"https:\/\/www.buchegg.church\/pt\/batismo\/#breadcrumb"},"inLanguage":"pt-PT","potentialAction":[{"@type":"ReadAction","target":["https:\/\/www.buchegg.church\/pt\/batismo\/"]}]},{"@type":"BreadcrumbList","@id":"https:\/\/www.buchegg.church\/pt\/batismo\/#breadcrumb","itemListElement":[{"@type":"ListItem","position":1,"name":"Startseite","item":"https:\/\/www.buchegg.church\/pt\/"},{"@type":"ListItem","position":2,"name":"Batismo"}]},{"@type":"WebSite","@id":"https:\/\/www.buchegg.church\/#website","url":"https:\/\/www.buchegg.church\/","name":"buchegg.church","description":"","publisher":{"@id":"https:\/\/www.buchegg.church\/#organization"},"potentialAction":[{"@type":"SearchAction","target":{"@type":"EntryPoint","urlTemplate":"https:\/\/www.buchegg.church\/?s={search_term_string}"},"query-input":{"@type":"PropertyValueSpecification","valueRequired":true,"valueName":"search_term_string"}}],"inLanguage":"pt-PT"},{"@type":"Organization","@id":"https:\/\/www.buchegg.church\/#organization","name":"Buchegg Church","url":"https:\/\/www.buchegg.church\/","logo":{"@type":"ImageObject","inLanguage":"pt-PT","@id":"https:\/\/www.buchegg.church\/#\/schema\/logo\/image\/","url":"https:\/\/www.buchegg.church\/wp-content\/uploads\/buchegg.png","contentUrl":"https:\/\/www.buchegg.church\/wp-content\/uploads\/buchegg.png","width":751,"height":180,"caption":"Buchegg Church"},"image":{"@id":"https:\/\/www.buchegg.church\/#\/schema\/logo\/image\/"},"sameAs":["https:\/\/www.facebook.com\/buchegg","https:\/\/www.instagram.com\/buchegg_church","https:\/\/www.youtube.com\/czbzuerich"]}]}},"_links":{"self":[{"href":"https:\/\/www.buchegg.church\/pt\/wp-json\/wp\/v2\/pages\/12267","targetHints":{"allow":["GET"]}}],"collection":[{"href":"https:\/\/www.buchegg.church\/pt\/wp-json\/wp\/v2\/pages"}],"about":[{"href":"https:\/\/www.buchegg.church\/pt\/wp-json\/wp\/v2\/types\/page"}],"author":[{"embeddable":true,"href":"https:\/\/www.buchegg.church\/pt\/wp-json\/wp\/v2\/users\/1"}],"replies":[{"embeddable":true,"href":"https:\/\/www.buchegg.church\/pt\/wp-json\/wp\/v2\/comments?post=12267"}],"version-history":[{"count":0,"href":"https:\/\/www.buchegg.church\/pt\/wp-json\/wp\/v2\/pages\/12267\/revisions"}],"wp:attachment":[{"href":"https:\/\/www.buchegg.church\/pt\/wp-json\/wp\/v2\/media?parent=12267"}],"curies":[{"name":"wp","href":"https:\/\/api.w.org\/{rel}","templated":true}]}}