{"id":12225,"date":"2018-01-19T10:23:47","date_gmt":"2018-01-19T09:23:47","guid":{"rendered":"https:\/\/www.buchegg.church\/spenden\/"},"modified":"2025-09-16T11:56:09","modified_gmt":"2025-09-16T09:56:09","slug":"doacoes","status":"publish","type":"page","link":"https:\/\/www.buchegg.church\/pt\/doacoes\/","title":{"rendered":"Doa\u00e7oes"},"content":{"rendered":"<div class=\"wpb-content-wrapper\">[vc_row][vc_column][\/vc_column][\/vc_row][mk_page_section bg_image=&#8221;\/wp-content\/uploads\/spenden_top.jpg&#8221; bg_color=&#8221;#000000&#8243; attachment=&#8221;fixed&#8221; bg_position=&#8221;center top&#8221; bg_repeat=&#8221;no-repeat&#8221; bg_stretch=&#8221;true&#8221; min_height=&#8221;500&#8243; full_width=&#8221;true&#8221; padding_top=&#8221;0&#8243; sidebar=&#8221;sidebar-1&#8243;][vc_column][mk_fancy_title color=&#8221;#ffffff&#8221; size=&#8221;70&#8243; force_font_size=&#8221;true&#8221; size_tablet=&#8221;60&#8243; size_phone=&#8221;40&#8243; font_weight=&#8221;600&#8243; txt_transform=&#8221;uppercase&#8221; letter_spacing=&#8221;3&#8243; margin_top=&#8221;200&#8243; margin_bottom=&#8221;0&#8243; font_family=&#8221;none&#8221; align=&#8221;center&#8221;]Doa\u00e7\u00f5es[\/mk_fancy_title][mk_fancy_title color=&#8221;#ffffff&#8221; size=&#8221;35&#8243; force_font_size=&#8221;true&#8221; size_tablet=&#8221;30&#8243; size_phone=&#8221;25&#8243; font_weight=&#8221;300&#8243; font_style=&#8221;italic&#8221; font_family=&#8221;none&#8221; align=&#8221;center&#8221;]Fa\u00e7a a diferen\u00e7a com as finan\u00e7as[\/mk_fancy_title][\/vc_column][\/mk_page_section][vc_row fullwidth=&#8221;true&#8221;][vc_column][vc_wp_custommenu nav_menu=&#8221;59&#8243; el_id=&#8221;horizontal-menu&#8221;][\/vc_column][\/vc_row][vc_row id=&#8221;oportunidades-para-ofertar&#8221;][vc_column][mk_fancy_title size=&#8221;45&#8243; force_font_size=&#8221;true&#8221; size_tablet=&#8221;35&#8243; size_phone=&#8221;35&#8243; font_weight=&#8221;600&#8243; margin_top=&#8221;40&#8243; margin_bottom=&#8221;0&#8243; font_family=&#8221;none&#8221; align=&#8221;center&#8221;]Oportunidades para Ofertar[\/mk_fancy_title][vc_row_inner][vc_column_inner width=&#8221;1\/2&#8243;][mk_image src=&#8221;https:\/\/www.buchegg.church\/wp-content\/uploads\/doacoes-buchegg-1.jpeg&#8221; image_size=&#8221;full&#8221;][\/vc_column_inner][vc_column_inner width=&#8221;1\/2&#8243;][vc_column_text css=&#8221;.vc_custom_1586264652126{margin-bottom: 0px !important;}&#8221;]Como uma Igreja Evangelica livre que somos, nosso financiamento \u00e9 feito atrav\u00e9s de doa\u00e7\u00f5es. Agradecemos o seu apoio![\/vc_column_text][mk_fancy_title size=&#8221;30&#8243; force_font_size=&#8221;true&#8221; size_tablet=&#8221;20&#8243; size_phone=&#8221;20&#8243; font_weight=&#8221;600&#8243; margin_top=&#8221;10&#8243; margin_bottom=&#8221;0&#8243; font_family=&#8221;none&#8221; responsive_align=&#8221;left&#8221;]Banco[\/mk_fancy_title][vc_column_text css=&#8221;.vc_custom_1664376849599{margin-bottom: 0px !important;}&#8221;]\n<p>Buchegg Church<br \/>\n(Pfingstmission Z\u00fcrich)<br \/>\nHofwiesenstrasse 143<br \/>\n8057 Z\u00fcrich<br \/>\nPostFinance, 3030 Bern<br \/>\nIBAN: CH18 0900 0000 8000 7143 9<\/p>\n[\/vc_column_text][vc_column_text css=&#8221;.vc_custom_1664375985012{margin-bottom: 0px !important;}&#8221;]\n<p><strong>QR-Code:<\/strong><br \/>\n<img loading=\"lazy\" decoding=\"async\" src=\"\/wp-content\/uploads\/buchegg_qr.svg\" alt=\"\" width=\"194\" height=\"194\" \/><\/p>\n[\/vc_column_text][vc_column_text css=&#8221;.vc_custom_1743411481240{margin-bottom: 0px !important;}&#8221;]<img loading=\"lazy\" decoding=\"async\" class=\"alignnone\" src=\"\/wp-content\/uploads\/payment\/mastercard.svg\" alt=\"\" width=\"128\" height=\"30\" \/><\/p>\n<p><img loading=\"lazy\" decoding=\"async\" class=\"alignnone\" src=\"\/wp-content\/uploads\/payment\/visa.svg\" alt=\"\" width=\"81\" height=\"25\" \/>[\/vc_column_text][mk_button url=&#8221;https:\/\/buchegg.payrexx.com\/ch-DE\/pay?cid=ec8e9251&#8243; target=&#8221;_blank&#8221;]Oferte facilmente online![\/mk_button][mk_padding_divider size=&#8221;10&#8243;][mk_fancy_title size=&#8221;30&#8243; force_font_size=&#8221;true&#8221; size_tablet=&#8221;20&#8243; size_phone=&#8221;20&#8243; font_weight=&#8221;600&#8243; margin_top=&#8221;20&#8243; margin_bottom=&#8221;0&#8243; font_family=&#8221;none&#8221; responsive_align=&#8221;left&#8221;]SMS[\/mk_fancy_title][vc_column_text css=&#8221;.vc_custom_1517671343706{margin-bottom: 0px !important;}&#8221;]Envie um SMS com o texto \u00abCZB Valor\u00bb para 488 para uma doa\u00e7\u00e3o por SMS.[\/vc_column_text][mk_padding_divider size=&#8221;10&#8243;][vc_column_text css=&#8221;.vc_custom_1618231566912{margin-bottom: 0px !important;}&#8221;]\n<p><img loading=\"lazy\" decoding=\"async\" src=\"\/wp-content\/uploads\/payment\/twint2.png\" alt=\"\" width=\"150\" height=\"49\" \/><\/p>\n[\/vc_column_text][vc_column_text css=&#8221;.vc_custom_1757943835173{margin-bottom: 0px !important;}&#8221;]<img loading=\"lazy\" decoding=\"async\" src=\"\/wp-content\/uploads\/twint-qr-code-buchegg.png\" alt=\"\" width=\"194\" height=\"194\" \/><\/p>\n<p>Fa\u00e7a um escaneamento do c\u00f3digo QR com o seu aplicativo Twint.<\/p>\n<p><small>Se voc\u00ea necessitar de uma comprovante da sua doa\u00e7\u00e3o, selecione <a href=\"https:\/\/buchegg.payrexx.com\/ch-DE\/pay?cid=ec8e9251\" target=\"_blank\" rel=\"noopener\">\u00abDoar facilmente online\u00bb<\/a> acima. L\u00e1 voc\u00ea poder\u00e1 doar com Twint ap\u00f3s inserir seus dados pessoais e receber\u00e1 uma confirma\u00e7\u00e3o da sua doa\u00e7\u00e3o.<\/small>[\/vc_column_text][mk_fancy_title size=&#8221;30&#8243; force_font_size=&#8221;true&#8221; size_tablet=&#8221;20&#8243; size_phone=&#8221;20&#8243; font_weight=&#8221;600&#8243; margin_top=&#8221;20&#8243; margin_bottom=&#8221;0&#8243; font_family=&#8221;none&#8221; responsive_align=&#8221;left&#8221;]Dedutibilidade[\/mk_fancy_title][vc_column_text margin_bottom=&#8221;30&#8243; css=&#8221;.vc_custom_1586264641963{margin-bottom: 0px !important;}&#8221;]Ofertas feitas a nossa Igreja podem ser retiradas dos impostos em v\u00e1rios Cant\u00f5es na Su\u00ed\u00e7a. De acordo com a Lei n. \u00b0 07\/10399, de 9 de agosto de 2007 da Secretaria Tribut\u00e1ria Cantonal de Zurique dando a institui\u00e7\u00e3o Pfingstmission Zurique a incis\u00e3o de 50% para o exerc\u00edcio de fins culturais e de fins de caridade. As doa\u00e7\u00f5es para o Institui\u00e7\u00e3o Pfingstmission Zurich s\u00e3o 50% dedut\u00edveis.[\/vc_column_text][\/vc_column_inner][\/vc_row_inner][mk_padding_divider][\/vc_column][\/vc_row][mk_page_section bg_image=&#8221;\/wp-content\/uploads\/spenden.jpg&#8221; attachment=&#8221;fixed&#8221; bg_position=&#8221;center top&#8221; bg_repeat=&#8221;no-repeat&#8221; bg_stretch=&#8221;true&#8221; min_height=&#8221;400&#8243; sidebar=&#8221;sidebar-1&#8243;][vc_column][\/vc_column][\/mk_page_section][vc_row disable_element=&#8221;yes&#8221; id=&#8221;oferta&#8221;][vc_column][mk_fancy_title size=&#8221;45&#8243; force_font_size=&#8221;true&#8221; size_tablet=&#8221;35&#8243; size_phone=&#8221;35&#8243; font_weight=&#8221;600&#8243; margin_top=&#8221;40&#8243; margin_bottom=&#8221;0&#8243; font_family=&#8221;none&#8221; align=&#8221;center&#8221;]Oferta Especial &#8220;Olhos Brilhantes para Crian\u00e7as&#8221;[\/mk_fancy_title][vc_row_inner][vc_column_inner width=&#8221;1\/2&#8243;][mk_image src=&#8221;https:\/\/www.buchegg.church\/wp-content\/uploads\/sonderopfer.jpg&#8221; image_size=&#8221;full&#8221;][mk_image src=&#8221;https:\/\/www.buchegg.church\/wp-content\/uploads\/kinderraeume.jpg&#8221;][mk_image src=&#8221;https:\/\/www.buchegg.church\/wp-content\/uploads\/spielelandschaft.jpg&#8221;][mk_image src=&#8221;https:\/\/www.buchegg.church\/wp-content\/uploads\/untiraum_nachher.jpg&#8221;][\/vc_column_inner][vc_column_inner width=&#8221;1\/2&#8243;][vc_column_text css=&#8221;.vc_custom_1528979705932{margin-bottom: 0px !important;}&#8221;]Queremos que as nossas crian\u00e7as e adolescentes durante toda semana estejam ansiosos para chegar o domingo. Por qu\u00ea? Porque na Igreja eles encontram seus amigos , conhecem melhor a Deus e se divertem em um ambiente atraente. A igreja deve ser um lugar onde os nossos filhos se sintam bem-vindos e em casa &#8211; de acordo com o nosso lema &#8220;Welcome home&#8221;! Nossas crian\u00e7as e adolescentes devem entrar em suas salas alegres com os olhos brilhantes.<\/p>\n<p>Ser\u00e1 que voc\u00ea pode apoiar algumas de nossas necessidade?[\/vc_column_text][vc_column_text css=&#8221;.vc_custom_1528979773922{margin-bottom: 0px !important;}&#8221;]<strong>Renovar da sala &#8220;Disposniv\u00e9l&#8221;<br \/>\n<\/strong>As paredes de hoje j\u00e1 est\u00e3o maravilhosamente pintadas com o lema da Arca. Arrecadamos novos m\u00f3veis que otimizaram a \u00e1rea de check-in dando brilho \u00e0 imagem da arca.<\/p>\n<p><strong>Sala de jogos da Pr\u00e9-escola<br \/>\n<\/strong>Queremos conectar dois quartos no primeiro por\u00e3o para as crian\u00e7as da pr\u00e9-escola. Nestas salas rec\u00e9m-conectadas, montamos um cen\u00e1rio de jogo que merece esse nome.[\/vc_column_text][vc_column_text css=&#8221;.vc_custom_1528979797649{margin-bottom: 0px !important;}&#8221;]<strong>Renovar o Untir\u00e4ume<br \/>\n<\/strong>Quatro salas para o Unti ser\u00e3o transformadas de &#8220;salas de aula&#8221; em sal\u00f5es modernos. Em tal ambiente, h\u00e1 mais sentimentos de pequenos grupos para os adolescentes.[\/vc_column_text][vc_column_text css=&#8221;.vc_custom_1528980313516{margin-bottom: 0px !important;}&#8221;]Estamos ansiosos para implementar esses projetos este ano e muito obrigado pelo seu apoio.<\/p>\n<p>Depositar em nossa conta com o assunto &#8220;Leuchtende Kinderaugen&#8221;.[\/vc_column_text][\/vc_column_inner][\/vc_row_inner][mk_padding_divider][\/vc_column][\/vc_row][vc_row disable_element=&#8221;yes&#8221; id=&#8221;parceria-de-investimento&#8221;][vc_column][mk_fancy_title size=&#8221;45&#8243; force_font_size=&#8221;true&#8221; size_tablet=&#8221;35&#8243; size_phone=&#8221;35&#8243; font_weight=&#8221;600&#8243; margin_top=&#8221;40&#8243; margin_bottom=&#8221;0&#8243; font_family=&#8221;none&#8221; align=&#8221;center&#8221;]Parceria de investimento[\/mk_fancy_title][vc_row_inner][vc_column_inner width=&#8221;1\/2&#8243;][mk_image src=&#8221;\/wp-content\/uploads\/investitionspaten.jpg&#8221; image_size=&#8221;full&#8221;][\/vc_column_inner][vc_column_inner width=&#8221;1\/2&#8243;][vc_column_text css=&#8221;.vc_custom_1517671398252{margin-bottom: 0px !important;}&#8221;]Para as pessoas que desejam tornar poss\u00edveis alguns projetos financiando ou investindo al\u00e9m do d\u00edzimo os seguintes projetos necessitam de voc\u00ea.[\/vc_column_text][mk_custom_list style=&#8221;mk-moon-circle-small&#8221;]\n<ul>\n<li><strong>A substitui\u00e7\u00e3o dos \u00d4nibus VW<\/strong><br \/>\nNossos \u00f4nibus VW, que usamos principalmente para nossos filhos e jovens usados em acampamentos e viagens, alguns devem ser substitu\u00eddos com urg\u00eancia.<\/li>\n<li><strong>Renova\u00e7\u00e3o da Fachada<\/strong><br \/>\nA fachada dos nossos edif\u00edcios na Hofwiesenstrasse 141 e 143 precisam de uma renova\u00e7\u00e3o.<\/li>\n<\/ul>\n[\/mk_custom_list][\/vc_column_inner][\/vc_row_inner][mk_padding_divider][\/vc_column][\/vc_row][vc_row id=&#8221;testamento&#8221;][vc_column][mk_fancy_title size=&#8221;45&#8243; force_font_size=&#8221;true&#8221; size_tablet=&#8221;35&#8243; size_phone=&#8221;35&#8243; font_weight=&#8221;600&#8243; margin_top=&#8221;40&#8243; margin_bottom=&#8221;0&#8243; font_family=&#8221;none&#8221; align=&#8221;center&#8221;]Testamento[\/mk_fancy_title][vc_row_inner][vc_column_inner width=&#8221;1\/2&#8243;][mk_image src=&#8221;\/wp-content\/uploads\/testament2.jpg&#8221; image_size=&#8221;full&#8221;][\/vc_column_inner][vc_column_inner width=&#8221;1\/2&#8243;][vc_column_text css=&#8221;.vc_custom_1739979239355{margin-bottom: 0px !important;}&#8221;]<strong>Al\u00e9m do cuidado de seus entes queridos, seu \u00faltimo desejo tamb\u00e9m pode ser a evangeliza\u00e7\u00e3o do mundo.<\/strong><\/p>\n<p>Em seu Testamento voc\u00ea poder\u00e1 considerar sua igreja, a Buchegg Church \/ Silbern Church (Pfingstmission Z\u00fcrich). Assim voc\u00ea poder\u00e1 ajudar para que o reino de Deus e Evangelho seja pregado.[\/vc_column_text][mk_button dimension=&#8221;flat&#8221; url=&#8221;https:\/\/www.buchegg.church\/wp-content\/uploads\/20250218_impulse-zum-testament-2025_einzelseiten-fuer-web.pdf&#8221; target=&#8221;_blank&#8221;]\u00abImpulse zum Testament\u00bb download (em alem\u00e3o)[\/mk_button][mk_button dimension=&#8221;flat&#8221; url=&#8221;\/pt\/contato&#8221;]Formul\u00e1rio de contato[\/mk_button][\/vc_column_inner][\/vc_row_inner][mk_padding_divider][\/vc_column][\/vc_row][mk_page_section bg_image=&#8221;\/wp-content\/uploads\/spenden.jpg&#8221; attachment=&#8221;fixed&#8221; bg_position=&#8221;center top&#8221; bg_repeat=&#8221;no-repeat&#8221; bg_stretch=&#8221;true&#8221; min_height=&#8221;400&#8243; sidebar=&#8221;sidebar-1&#8243;][vc_column][\/vc_column][\/mk_page_section]\n<\/div>","protected":false},"excerpt":{"rendered":"<p>[vc_row][vc_column][\/vc_column][\/vc_row][mk_page_section bg_image=&#8221;\/wp-content\/uploads\/spenden_top.jpg&#8221; bg_color=&#8221;#000000&#8243; attachment=&#8221;fixed&#8221; bg_position=&#8221;center top&#8221; bg_repeat=&#8221;no-repeat&#8221; bg_stretch=&#8221;true&#8221; min_height=&#8221;500&#8243; full_width=&#8221;true&#8221; padding_top=&#8221;0&#8243; sidebar=&#8221;sidebar-1&#8243;][vc_column][mk_fancy_title color=&#8221;#ffffff&#8221; size=&#8221;70&#8243; force_font_size=&#8221;true&#8221; size_tablet=&#8221;60&#8243; size_phone=&#8221;40&#8243; font_weight=&#8221;600&#8243; txt_transform=&#8221;uppercase&#8221; letter_spacing=&#8221;3&#8243; margin_top=&#8221;200&#8243; margin_bottom=&#8221;0&#8243; font_family=&#8221;none&#8221; align=&#8221;center&#8221;]Doa\u00e7\u00f5es[\/mk_fancy_title][mk_fancy_title color=&#8221;#ffffff&#8221; size=&#8221;35&#8243; force_font_size=&#8221;true&#8221; size_tablet=&#8221;30&#8243; size_phone=&#8221;25&#8243; font_weight=&#8221;300&#8243; font_style=&#8221;italic&#8221; font_family=&#8221;none&#8221; align=&#8221;center&#8221;]Fa\u00e7a a diferen\u00e7a com as finan\u00e7as[\/mk_fancy_title][\/vc_column][\/mk_page_section][vc_row fullwidth=&#8221;true&#8221;][vc_column][vc_wp_custommenu nav_menu=&#8221;59&#8243; el_id=&#8221;horizontal-menu&#8221;][\/vc_column][\/vc_row][vc_row id=&#8221;oportunidades-para-ofertar&#8221;][vc_column][mk_fancy_title size=&#8221;45&#8243; force_font_size=&#8221;true&#8221; size_tablet=&#8221;35&#8243; size_phone=&#8221;35&#8243; font_weight=&#8221;600&#8243; margin_top=&#8221;40&#8243; margin_bottom=&#8221;0&#8243; font_family=&#8221;none&#8221; align=&#8221;center&#8221;]Oportunidades para Ofertar[\/mk_fancy_title][vc_row_inner][vc_column_inner width=&#8221;1\/2&#8243;][mk_image src=&#8221;https:\/\/www.buchegg.church\/wp-content\/uploads\/doacoes-buchegg-1.jpeg&#8221; [&hellip;]<\/p>\n","protected":false},"author":1,"featured_media":0,"parent":0,"menu_order":0,"comment_status":"closed","ping_status":"closed","template":"","meta":{"footnotes":""},"class_list":["post-12225","page","type-page","status-publish","hentry"],"yoast_head":"<!-- This site is optimized with the Yoast SEO plugin v27.5 - https:\/\/yoast.com\/product\/yoast-seo-wordpress\/ -->\n<title>Doa\u00e7oes - buchegg.church<\/title>\n<meta name=\"robots\" content=\"index, follow, max-snippet:-1, max-image-preview:large, max-video-preview:-1\" \/>\n<link rel=\"canonical\" href=\"https:\/\/www.buchegg.church\/pt\/doacoes\/\" \/>\n<meta property=\"og:locale\" content=\"pt_PT\" \/>\n<meta property=\"og:type\" content=\"article\" \/>\n<meta property=\"og:title\" content=\"Doa\u00e7oes - buchegg.church\" \/>\n<meta property=\"og:description\" content=\"[vc_row][vc_column][\/vc_column][\/vc_row][mk_page_section bg_image=&#8221;\/wp-content\/uploads\/spenden_top.jpg&#8221; bg_color=&#8221;#000000&#8243; attachment=&#8221;fixed&#8221; bg_position=&#8221;center top&#8221; bg_repeat=&#8221;no-repeat&#8221; bg_stretch=&#8221;true&#8221; min_height=&#8221;500&#8243; full_width=&#8221;true&#8221; padding_top=&#8221;0&#8243; sidebar=&#8221;sidebar-1&#8243;][vc_column][mk_fancy_title color=&#8221;#ffffff&#8221; size=&#8221;70&#8243; force_font_size=&#8221;true&#8221; size_tablet=&#8221;60&#8243; size_phone=&#8221;40&#8243; font_weight=&#8221;600&#8243; txt_transform=&#8221;uppercase&#8221; letter_spacing=&#8221;3&#8243; margin_top=&#8221;200&#8243; margin_bottom=&#8221;0&#8243; font_family=&#8221;none&#8221; align=&#8221;center&#8221;]Doa\u00e7\u00f5es[\/mk_fancy_title][mk_fancy_title color=&#8221;#ffffff&#8221; size=&#8221;35&#8243; force_font_size=&#8221;true&#8221; size_tablet=&#8221;30&#8243; size_phone=&#8221;25&#8243; font_weight=&#8221;300&#8243; font_style=&#8221;italic&#8221; font_family=&#8221;none&#8221; align=&#8221;center&#8221;]Fa\u00e7a a diferen\u00e7a com as finan\u00e7as[\/mk_fancy_title][\/vc_column][\/mk_page_section][vc_row fullwidth=&#8221;true&#8221;][vc_column][vc_wp_custommenu nav_menu=&#8221;59&#8243; el_id=&#8221;horizontal-menu&#8221;][\/vc_column][\/vc_row][vc_row id=&#8221;oportunidades-para-ofertar&#8221;][vc_column][mk_fancy_title size=&#8221;45&#8243; force_font_size=&#8221;true&#8221; size_tablet=&#8221;35&#8243; size_phone=&#8221;35&#8243; font_weight=&#8221;600&#8243; margin_top=&#8221;40&#8243; margin_bottom=&#8221;0&#8243; font_family=&#8221;none&#8221; align=&#8221;center&#8221;]Oportunidades para Ofertar[\/mk_fancy_title][vc_row_inner][vc_column_inner width=&#8221;1\/2&#8243;][mk_image src=&#8221;https:\/\/www.buchegg.church\/wp-content\/uploads\/doacoes-buchegg-1.jpeg&#8221; [&hellip;]\" \/>\n<meta property=\"og:url\" content=\"https:\/\/www.buchegg.church\/pt\/doacoes\/\" \/>\n<meta property=\"og:site_name\" content=\"buchegg.church\" \/>\n<meta property=\"article:publisher\" content=\"https:\/\/www.facebook.com\/buchegg\" \/>\n<meta property=\"article:modified_time\" content=\"2025-09-16T09:56:09+00:00\" \/>\n<meta name=\"twitter:card\" content=\"summary_large_image\" \/>\n<meta name=\"twitter:label1\" content=\"Tempo estimado de leitura\" \/>\n\t<meta name=\"twitter:data1\" content=\"5 minutos\" \/>\n<script type=\"application\/ld+json\" class=\"yoast-schema-graph\">{\"@context\":\"https:\\\/\\\/schema.org\",\"@graph\":[{\"@type\":\"WebPage\",\"@id\":\"https:\\\/\\\/www.buchegg.church\\\/pt\\\/doacoes\\\/\",\"url\":\"https:\\\/\\\/www.buchegg.church\\\/pt\\\/doacoes\\\/\",\"name\":\"Doa\u00e7oes - buchegg.church\",\"isPartOf\":{\"@id\":\"https:\\\/\\\/www.buchegg.church\\\/#website\"},\"datePublished\":\"2018-01-19T09:23:47+00:00\",\"dateModified\":\"2025-09-16T09:56:09+00:00\",\"breadcrumb\":{\"@id\":\"https:\\\/\\\/www.buchegg.church\\\/pt\\\/doacoes\\\/#breadcrumb\"},\"inLanguage\":\"pt-PT\",\"potentialAction\":[{\"@type\":\"ReadAction\",\"target\":[\"https:\\\/\\\/www.buchegg.church\\\/pt\\\/doacoes\\\/\"]}]},{\"@type\":\"BreadcrumbList\",\"@id\":\"https:\\\/\\\/www.buchegg.church\\\/pt\\\/doacoes\\\/#breadcrumb\",\"itemListElement\":[{\"@type\":\"ListItem\",\"position\":1,\"name\":\"Startseite\",\"item\":\"https:\\\/\\\/www.buchegg.church\\\/pt\\\/\"},{\"@type\":\"ListItem\",\"position\":2,\"name\":\"Doa\u00e7oes\"}]},{\"@type\":\"WebSite\",\"@id\":\"https:\\\/\\\/www.buchegg.church\\\/#website\",\"url\":\"https:\\\/\\\/www.buchegg.church\\\/\",\"name\":\"buchegg.church\",\"description\":\"\",\"publisher\":{\"@id\":\"https:\\\/\\\/www.buchegg.church\\\/#organization\"},\"potentialAction\":[{\"@type\":\"SearchAction\",\"target\":{\"@type\":\"EntryPoint\",\"urlTemplate\":\"https:\\\/\\\/www.buchegg.church\\\/?s={search_term_string}\"},\"query-input\":{\"@type\":\"PropertyValueSpecification\",\"valueRequired\":true,\"valueName\":\"search_term_string\"}}],\"inLanguage\":\"pt-PT\"},{\"@type\":\"Organization\",\"@id\":\"https:\\\/\\\/www.buchegg.church\\\/#organization\",\"name\":\"Buchegg Church\",\"url\":\"https:\\\/\\\/www.buchegg.church\\\/\",\"logo\":{\"@type\":\"ImageObject\",\"inLanguage\":\"pt-PT\",\"@id\":\"https:\\\/\\\/www.buchegg.church\\\/#\\\/schema\\\/logo\\\/image\\\/\",\"url\":\"https:\\\/\\\/www.buchegg.church\\\/wp-content\\\/uploads\\\/buchegg.png\",\"contentUrl\":\"https:\\\/\\\/www.buchegg.church\\\/wp-content\\\/uploads\\\/buchegg.png\",\"width\":751,\"height\":180,\"caption\":\"Buchegg Church\"},\"image\":{\"@id\":\"https:\\\/\\\/www.buchegg.church\\\/#\\\/schema\\\/logo\\\/image\\\/\"},\"sameAs\":[\"https:\\\/\\\/www.facebook.com\\\/buchegg\",\"https:\\\/\\\/www.instagram.com\\\/buchegg_church\",\"https:\\\/\\\/www.youtube.com\\\/czbzuerich\"]}]}<\/script>\n<!-- \/ Yoast SEO plugin. -->","yoast_head_json":{"title":"Doa\u00e7oes - buchegg.church","robots":{"index":"index","follow":"follow","max-snippet":"max-snippet:-1","max-image-preview":"max-image-preview:large","max-video-preview":"max-video-preview:-1"},"canonical":"https:\/\/www.buchegg.church\/pt\/doacoes\/","og_locale":"pt_PT","og_type":"article","og_title":"Doa\u00e7oes - buchegg.church","og_description":"[vc_row][vc_column][\/vc_column][\/vc_row][mk_page_section bg_image=&#8221;\/wp-content\/uploads\/spenden_top.jpg&#8221; bg_color=&#8221;#000000&#8243; attachment=&#8221;fixed&#8221; bg_position=&#8221;center top&#8221; bg_repeat=&#8221;no-repeat&#8221; bg_stretch=&#8221;true&#8221; min_height=&#8221;500&#8243; full_width=&#8221;true&#8221; padding_top=&#8221;0&#8243; sidebar=&#8221;sidebar-1&#8243;][vc_column][mk_fancy_title color=&#8221;#ffffff&#8221; size=&#8221;70&#8243; force_font_size=&#8221;true&#8221; size_tablet=&#8221;60&#8243; size_phone=&#8221;40&#8243; font_weight=&#8221;600&#8243; txt_transform=&#8221;uppercase&#8221; letter_spacing=&#8221;3&#8243; margin_top=&#8221;200&#8243; margin_bottom=&#8221;0&#8243; font_family=&#8221;none&#8221; align=&#8221;center&#8221;]Doa\u00e7\u00f5es[\/mk_fancy_title][mk_fancy_title color=&#8221;#ffffff&#8221; size=&#8221;35&#8243; force_font_size=&#8221;true&#8221; size_tablet=&#8221;30&#8243; size_phone=&#8221;25&#8243; font_weight=&#8221;300&#8243; font_style=&#8221;italic&#8221; font_family=&#8221;none&#8221; align=&#8221;center&#8221;]Fa\u00e7a a diferen\u00e7a com as finan\u00e7as[\/mk_fancy_title][\/vc_column][\/mk_page_section][vc_row fullwidth=&#8221;true&#8221;][vc_column][vc_wp_custommenu nav_menu=&#8221;59&#8243; el_id=&#8221;horizontal-menu&#8221;][\/vc_column][\/vc_row][vc_row id=&#8221;oportunidades-para-ofertar&#8221;][vc_column][mk_fancy_title size=&#8221;45&#8243; force_font_size=&#8221;true&#8221; size_tablet=&#8221;35&#8243; size_phone=&#8221;35&#8243; font_weight=&#8221;600&#8243; margin_top=&#8221;40&#8243; margin_bottom=&#8221;0&#8243; font_family=&#8221;none&#8221; align=&#8221;center&#8221;]Oportunidades para Ofertar[\/mk_fancy_title][vc_row_inner][vc_column_inner width=&#8221;1\/2&#8243;][mk_image src=&#8221;https:\/\/www.buchegg.church\/wp-content\/uploads\/doacoes-buchegg-1.jpeg&#8221; [&hellip;]","og_url":"https:\/\/www.buchegg.church\/pt\/doacoes\/","og_site_name":"buchegg.church","article_publisher":"https:\/\/www.facebook.com\/buchegg","article_modified_time":"2025-09-16T09:56:09+00:00","twitter_card":"summary_large_image","twitter_misc":{"Tempo estimado de leitura":"5 minutos"},"schema":{"@context":"https:\/\/schema.org","@graph":[{"@type":"WebPage","@id":"https:\/\/www.buchegg.church\/pt\/doacoes\/","url":"https:\/\/www.buchegg.church\/pt\/doacoes\/","name":"Doa\u00e7oes - buchegg.church","isPartOf":{"@id":"https:\/\/www.buchegg.church\/#website"},"datePublished":"2018-01-19T09:23:47+00:00","dateModified":"2025-09-16T09:56:09+00:00","breadcrumb":{"@id":"https:\/\/www.buchegg.church\/pt\/doacoes\/#breadcrumb"},"inLanguage":"pt-PT","potentialAction":[{"@type":"ReadAction","target":["https:\/\/www.buchegg.church\/pt\/doacoes\/"]}]},{"@type":"BreadcrumbList","@id":"https:\/\/www.buchegg.church\/pt\/doacoes\/#breadcrumb","itemListElement":[{"@type":"ListItem","position":1,"name":"Startseite","item":"https:\/\/www.buchegg.church\/pt\/"},{"@type":"ListItem","position":2,"name":"Doa\u00e7oes"}]},{"@type":"WebSite","@id":"https:\/\/www.buchegg.church\/#website","url":"https:\/\/www.buchegg.church\/","name":"buchegg.church","description":"","publisher":{"@id":"https:\/\/www.buchegg.church\/#organization"},"potentialAction":[{"@type":"SearchAction","target":{"@type":"EntryPoint","urlTemplate":"https:\/\/www.buchegg.church\/?s={search_term_string}"},"query-input":{"@type":"PropertyValueSpecification","valueRequired":true,"valueName":"search_term_string"}}],"inLanguage":"pt-PT"},{"@type":"Organization","@id":"https:\/\/www.buchegg.church\/#organization","name":"Buchegg Church","url":"https:\/\/www.buchegg.church\/","logo":{"@type":"ImageObject","inLanguage":"pt-PT","@id":"https:\/\/www.buchegg.church\/#\/schema\/logo\/image\/","url":"https:\/\/www.buchegg.church\/wp-content\/uploads\/buchegg.png","contentUrl":"https:\/\/www.buchegg.church\/wp-content\/uploads\/buchegg.png","width":751,"height":180,"caption":"Buchegg Church"},"image":{"@id":"https:\/\/www.buchegg.church\/#\/schema\/logo\/image\/"},"sameAs":["https:\/\/www.facebook.com\/buchegg","https:\/\/www.instagram.com\/buchegg_church","https:\/\/www.youtube.com\/czbzuerich"]}]}},"_links":{"self":[{"href":"https:\/\/www.buchegg.church\/pt\/wp-json\/wp\/v2\/pages\/12225","targetHints":{"allow":["GET"]}}],"collection":[{"href":"https:\/\/www.buchegg.church\/pt\/wp-json\/wp\/v2\/pages"}],"about":[{"href":"https:\/\/www.buchegg.church\/pt\/wp-json\/wp\/v2\/types\/page"}],"author":[{"embeddable":true,"href":"https:\/\/www.buchegg.church\/pt\/wp-json\/wp\/v2\/users\/1"}],"replies":[{"embeddable":true,"href":"https:\/\/www.buchegg.church\/pt\/wp-json\/wp\/v2\/comments?post=12225"}],"version-history":[{"count":6,"href":"https:\/\/www.buchegg.church\/pt\/wp-json\/wp\/v2\/pages\/12225\/revisions"}],"predecessor-version":[{"id":5129645,"href":"https:\/\/www.buchegg.church\/pt\/wp-json\/wp\/v2\/pages\/12225\/revisions\/5129645"}],"wp:attachment":[{"href":"https:\/\/www.buchegg.church\/pt\/wp-json\/wp\/v2\/media?parent=12225"}],"curies":[{"name":"wp","href":"https:\/\/api.w.org\/{rel}","templated":true}]}}