{"id":12168,"date":"2018-01-19T10:05:07","date_gmt":"2018-01-19T09:05:07","guid":{"rendered":"https:\/\/www.buchegg.church\/kleingruppen\/"},"modified":"2024-05-29T09:52:37","modified_gmt":"2024-05-29T07:52:37","slug":"grupos-pequenos","status":"publish","type":"page","link":"https:\/\/www.buchegg.church\/pt\/grupos-pequenos\/","title":{"rendered":"Grupos Pequenos"},"content":{"rendered":"<div class=\"wpb-content-wrapper\">[vc_row][vc_column][\/vc_column][\/vc_row][mk_page_section bg_image=&#8221;\/wp-content\/uploads\/kleingruppen_top.jpg&#8221; bg_color=&#8221;#000000&#8243; attachment=&#8221;fixed&#8221; bg_position=&#8221;center top&#8221; bg_repeat=&#8221;no-repeat&#8221; bg_stretch=&#8221;true&#8221; min_height=&#8221;500&#8243; full_width=&#8221;true&#8221; padding_top=&#8221;0&#8243; sidebar=&#8221;sidebar-1&#8243;][vc_column][mk_fancy_title color=&#8221;#ffffff&#8221; size=&#8221;70&#8243; force_font_size=&#8221;true&#8221; size_tablet=&#8221;60&#8243; size_phone=&#8221;40&#8243; font_weight=&#8221;600&#8243; txt_transform=&#8221;uppercase&#8221; letter_spacing=&#8221;3&#8243; margin_top=&#8221;200&#8243; margin_bottom=&#8221;0&#8243; font_family=&#8221;none&#8221; align=&#8221;center&#8221;]Grupos Pequenos[\/mk_fancy_title][mk_fancy_title color=&#8221;#ffffff&#8221; size=&#8221;35&#8243; force_font_size=&#8221;true&#8221; size_tablet=&#8221;30&#8243; size_phone=&#8221;25&#8243; font_weight=&#8221;300&#8243; font_style=&#8221;italic&#8221; font_family=&#8221;none&#8221; align=&#8221;center&#8221;]\n<p class=\"p1\"><span class=\"s1\">Compartilhar interesses comuns e experimentar a Deus.<\/span><\/p>\n[\/mk_fancy_title][\/vc_column][\/mk_page_section][vc_row fullwidth=&#8221;true&#8221;][vc_column][vc_wp_custommenu nav_menu=&#8221;51&#8243; el_id=&#8221;horizontal-menu&#8221;][\/vc_column][\/vc_row][vc_row fullwidth=&#8221;true&#8221;][vc_column][mk_padding_divider][mk_button url=&#8221;https:\/\/meine.church.tools\/grouphomepage\/Nf0f1ywcchksSFaNAUCr9PPtQlRwIsMH&#8221; target=&#8221;_blank&#8221; align=&#8221;center&#8221;]Vis\u00e3o geral de Grupos Pequenos[\/mk_button][\/vc_column][\/vc_row][vc_row id=&#8221;o-que-sao-pequenos-grupos&#8221;][vc_column][mk_fancy_title size=&#8221;45&#8243; force_font_size=&#8221;true&#8221; size_tablet=&#8221;35&#8243; size_phone=&#8221;35&#8243; font_weight=&#8221;600&#8243; margin_top=&#8221;40&#8243; margin_bottom=&#8221;0&#8243; font_family=&#8221;none&#8221; align=&#8221;center&#8221;]O que s\u00e3o Grupos Pequenos?[\/mk_fancy_title][vc_row_inner][vc_column_inner width=&#8221;1\/2&#8243;][mk_image src=&#8221;https:\/\/www.buchegg.church\/wp-content\/uploads\/better-together.jpg&#8221; image_size=&#8221;full&#8221;][\/vc_column_inner][vc_column_inner width=&#8221;1\/2&#8243;][vc_column_text css=&#8221;.vc_custom_1519383390063{margin-bottom: 0px !important;}&#8221;]Grupos Pequenos s\u00e3o lugares de verdadeiras amizades onde compartilhamos nossas vidas e cresecemos juntos no Senhor. Independente de quantos anos voc\u00ea tenha, quais s\u00e3o os seus interesses, que fase da vida voc\u00ea se encontra ou onde voc\u00ea mora sempre h\u00e1 um Grupo Pequeno que combina com voc\u00ea.<\/p>\n<p>Nossos Grupos Pequenos ocorrem todos os anos em dois semestres (mar\u00e7o-junho e setembro-dezembro). Seja bem-vindo![\/vc_column_text][\/vc_column_inner][\/vc_row_inner][mk_padding_divider][\/vc_column][\/vc_row][mk_page_section bg_image=&#8221;\/wp-content\/uploads\/kleingruppen.jpg&#8221; attachment=&#8221;fixed&#8221; bg_position=&#8221;center top&#8221; bg_repeat=&#8221;no-repeat&#8221; bg_stretch=&#8221;true&#8221; min_height=&#8221;400&#8243; sidebar=&#8221;sidebar-1&#8243;][vc_column][\/vc_column][\/mk_page_section][vc_row id=&#8221;encontre-seu-pequeno-grupo&#8221;][vc_column][mk_fancy_title size=&#8221;45&#8243; force_font_size=&#8221;true&#8221; size_tablet=&#8221;35&#8243; size_phone=&#8221;35&#8243; font_weight=&#8221;600&#8243; margin_top=&#8221;40&#8243; margin_bottom=&#8221;0&#8243; font_family=&#8221;none&#8221; align=&#8221;center&#8221;]Encontre seu Grupo Pequeno[\/mk_fancy_title][vc_row_inner][vc_column_inner width=&#8221;1\/2&#8243;][mk_image src=&#8221;\/wp-content\/uploads\/kleingruppe-finden-2.jpg&#8221; image_size=&#8221;full&#8221;][\/vc_column_inner][vc_column_inner width=&#8221;1\/2&#8243;][vc_column_text css=&#8221;.vc_custom_1612538809533{margin-bottom: 0px !important;}&#8221;]O bot\u00e3o \u00abVis\u00e3o geral de Grupos Pequenos\u00bb ir\u00e1 lev\u00e1-lo para a busca de um Grupo Pequeno.<\/p>\n<p>Ali voc\u00ea poder\u00e1 contatar diretamente o l\u00edder do Grupo Pequeno que te interessa.<\/p>\n<p>Para quest\u00f5es e interesses por favor contacte info@buchegg.church ou 044 366 65 33.<\/p>\n<p><!-- Muito obrigado pelo seu interesse em nossos Pequenos Grupos! A partir de 8 de fevereiro publicaremos aqui a lista com todas as informa\u00e7\u00f5es dos nossos Pequenos Grupos e voc\u00ea poder\u00e1 encontrar o que melhor responde \u00e0s suas necessidades. Existem muitos Pequenos Grupos em diferentes partes de Zurique e arredores, em diferentes l\u00ednguas e diferentes interesses. Temos a certeza que encontrar\u00e1 o grupo que se adaptar\u00e1 melhor \u00e0s suas necessidades! -->[\/vc_column_text][\/vc_column_inner][\/vc_row_inner][mk_padding_divider][vc_accordions open_toggle=&#8221;-1&#8243;][vc_accordion_tab title=&#8221;Em quais idiomas h\u00e1 Grupos Pequenos?&#8221;][vc_column_text css=&#8221;.vc_custom_1519383589942{margin-bottom: 0px !important;}&#8221;]Atualmente temos Grupos Pequenos nos seguintes idiomas:<\/p>\n<ul>\n<li>Alem\u00e3o<\/li>\n<li>Espanhol<\/li>\n<li>Portugu\u00eas<\/li>\n<li>Ingl\u00eas<\/li>\n<li>Franc\u00eas<\/li>\n<li>Italiano<\/li>\n<li>Servo-croata<\/li>\n<li>Tailand\u00eas e Tamil<\/li>\n<\/ul>\n[\/vc_column_text][\/vc_accordion_tab][vc_accordion_tab title=&#8221;Qual Grupo Pequeno posso visitar?&#8221;][vc_column_text css=&#8221;.vc_custom_1519385725322{margin-bottom: 0px !important;}&#8221;]Basicamente todos os Grupos Pequenos est\u00e3o dispon\u00edveis para uma visita durante um semestre. Voc\u00ea gostaria de se inscrever para um Grupo espec\u00edfico ou tem d\u00favidas sobre algum Grupo? Entre em contato diretamente com o l\u00edder respons\u00e1vel do Grupo. Os detalhes de contato podem ser encontrados na busca de\u00a0Grupos Pequenos atrav\u00e9s do link abaixo.[\/vc_column_text][\/vc_accordion_tab][vc_accordion_tab title=&#8221;Como posso liderar um Grupo Pequeno?&#8221;][vc_column_text css=&#8221;.vc_custom_1519385748344{margin-bottom: 0px !important;}&#8221;]Para se tornar um l\u00edder de Grupo Pequeno s\u00e3o necess\u00e1rios dois pr\u00e9-requisitos: por um lado uma adequa\u00e7\u00e3o para este chamado que \u00e9 avaliada pelo seu respectivo l\u00edder e por outro lado, a presen\u00e7a no curso de l\u00edderes para Grupo Pequeno. Fale para seu l\u00edder que voc\u00ea gostaria de liderar um Grupo. Ele poder\u00e1 ajud\u00e1-lo a se inscrever para o pr\u00f3ximo curso de l\u00edder de Grupo Pequeno.[\/vc_column_text][\/vc_accordion_tab][vc_accordion_tab title=&#8221;O que est\u00e1 acontecendo durante a pausa do semestre?&#8221;][vc_column_text css=&#8221;.vc_custom_1534748705697{margin-bottom: 0px !important;}&#8221;]Quando estamos em pausa dos semestres nos dedicamos a outras prioridades. Em janeiro estamos envolvidos em 21 dias de ora\u00e7\u00e3o. Durante as f\u00e9rias de ver\u00e3o (meados de junho a in\u00edcio de setembro), temos semin\u00e1rios, ensino complementar, f\u00e9rias de ver\u00e3o e uma semana de ora\u00e7\u00e3o.<\/p>\n<p>Al\u00e9m disso a pausa entre os semestres serve para aliviar nossa agenda e aumentar nosso compromisso para o per\u00edodo vigentes dos semestres.[\/vc_column_text][\/vc_accordion_tab][\/vc_accordions][\/vc_column][\/vc_row][vc_row fullwidth=&#8221;true&#8221;][vc_column][mk_button url=&#8221;https:\/\/meine.church.tools\/grouphomepage\/Nf0f1ywcchksSFaNAUCr9PPtQlRwIsMH&#8221; target=&#8221;_blank&#8221; align=&#8221;center&#8221;]Vis\u00e3o geral de Grupos Pequenos[\/mk_button][mk_padding_divider][\/vc_column][\/vc_row][mk_page_section bg_image=&#8221;\/wp-content\/uploads\/kleingruppen.jpg&#8221; attachment=&#8221;fixed&#8221; bg_position=&#8221;center top&#8221; bg_repeat=&#8221;no-repeat&#8221; bg_stretch=&#8221;true&#8221; min_height=&#8221;400&#8243; sidebar=&#8221;sidebar-1&#8243;][vc_column][\/vc_column][\/mk_page_section]\n<\/div>","protected":false},"excerpt":{"rendered":"<p>[vc_row][vc_column][\/vc_column][\/vc_row][mk_page_section bg_image=&#8221;\/wp-content\/uploads\/kleingruppen_top.jpg&#8221; bg_color=&#8221;#000000&#8243; attachment=&#8221;fixed&#8221; bg_position=&#8221;center top&#8221; bg_repeat=&#8221;no-repeat&#8221; bg_stretch=&#8221;true&#8221; min_height=&#8221;500&#8243; full_width=&#8221;true&#8221; padding_top=&#8221;0&#8243; sidebar=&#8221;sidebar-1&#8243;][vc_column][mk_fancy_title color=&#8221;#ffffff&#8221; size=&#8221;70&#8243; force_font_size=&#8221;true&#8221; size_tablet=&#8221;60&#8243; size_phone=&#8221;40&#8243; font_weight=&#8221;600&#8243; txt_transform=&#8221;uppercase&#8221; letter_spacing=&#8221;3&#8243; margin_top=&#8221;200&#8243; margin_bottom=&#8221;0&#8243; font_family=&#8221;none&#8221; align=&#8221;center&#8221;]Grupos Pequenos[\/mk_fancy_title][mk_fancy_title color=&#8221;#ffffff&#8221; size=&#8221;35&#8243; force_font_size=&#8221;true&#8221; size_tablet=&#8221;30&#8243; size_phone=&#8221;25&#8243; font_weight=&#8221;300&#8243; font_style=&#8221;italic&#8221; font_family=&#8221;none&#8221; align=&#8221;center&#8221;] Compartilhar interesses comuns e experimentar a Deus. [\/mk_fancy_title][\/vc_column][\/mk_page_section][vc_row fullwidth=&#8221;true&#8221;][vc_column][vc_wp_custommenu nav_menu=&#8221;51&#8243; el_id=&#8221;horizontal-menu&#8221;][\/vc_column][\/vc_row][vc_row fullwidth=&#8221;true&#8221;][vc_column][mk_padding_divider][mk_button url=&#8221;https:\/\/meine.church.tools\/grouphomepage\/Nf0f1ywcchksSFaNAUCr9PPtQlRwIsMH&#8221; target=&#8221;_blank&#8221; align=&#8221;center&#8221;]Vis\u00e3o geral de Grupos Pequenos[\/mk_button][\/vc_column][\/vc_row][vc_row id=&#8221;o-que-sao-pequenos-grupos&#8221;][vc_column][mk_fancy_title size=&#8221;45&#8243; [&hellip;]<\/p>\n","protected":false},"author":1,"featured_media":0,"parent":0,"menu_order":0,"comment_status":"closed","ping_status":"closed","template":"","meta":{"footnotes":""},"class_list":["post-12168","page","type-page","status-publish","hentry"],"yoast_head":"<!-- This site is optimized with the Yoast SEO plugin v27.4 - https:\/\/yoast.com\/product\/yoast-seo-wordpress\/ -->\n<title>Grupos Pequenos - buchegg.church<\/title>\n<meta name=\"robots\" content=\"index, follow, max-snippet:-1, max-image-preview:large, max-video-preview:-1\" \/>\n<link rel=\"canonical\" href=\"https:\/\/www.buchegg.church\/pt\/grupos-pequenos\/\" \/>\n<meta property=\"og:locale\" content=\"pt_PT\" \/>\n<meta property=\"og:type\" content=\"article\" \/>\n<meta property=\"og:title\" content=\"Grupos Pequenos - buchegg.church\" \/>\n<meta property=\"og:description\" content=\"[vc_row][vc_column][\/vc_column][\/vc_row][mk_page_section bg_image=&#8221;\/wp-content\/uploads\/kleingruppen_top.jpg&#8221; bg_color=&#8221;#000000&#8243; attachment=&#8221;fixed&#8221; bg_position=&#8221;center top&#8221; bg_repeat=&#8221;no-repeat&#8221; bg_stretch=&#8221;true&#8221; min_height=&#8221;500&#8243; full_width=&#8221;true&#8221; padding_top=&#8221;0&#8243; sidebar=&#8221;sidebar-1&#8243;][vc_column][mk_fancy_title color=&#8221;#ffffff&#8221; size=&#8221;70&#8243; force_font_size=&#8221;true&#8221; size_tablet=&#8221;60&#8243; size_phone=&#8221;40&#8243; font_weight=&#8221;600&#8243; txt_transform=&#8221;uppercase&#8221; letter_spacing=&#8221;3&#8243; margin_top=&#8221;200&#8243; margin_bottom=&#8221;0&#8243; font_family=&#8221;none&#8221; align=&#8221;center&#8221;]Grupos Pequenos[\/mk_fancy_title][mk_fancy_title color=&#8221;#ffffff&#8221; size=&#8221;35&#8243; force_font_size=&#8221;true&#8221; size_tablet=&#8221;30&#8243; size_phone=&#8221;25&#8243; font_weight=&#8221;300&#8243; font_style=&#8221;italic&#8221; font_family=&#8221;none&#8221; align=&#8221;center&#8221;] Compartilhar interesses comuns e experimentar a Deus. [\/mk_fancy_title][\/vc_column][\/mk_page_section][vc_row fullwidth=&#8221;true&#8221;][vc_column][vc_wp_custommenu nav_menu=&#8221;51&#8243; el_id=&#8221;horizontal-menu&#8221;][\/vc_column][\/vc_row][vc_row fullwidth=&#8221;true&#8221;][vc_column][mk_padding_divider][mk_button url=&#8221;https:\/\/meine.church.tools\/grouphomepage\/Nf0f1ywcchksSFaNAUCr9PPtQlRwIsMH&#8221; target=&#8221;_blank&#8221; align=&#8221;center&#8221;]Vis\u00e3o geral de Grupos Pequenos[\/mk_button][\/vc_column][\/vc_row][vc_row id=&#8221;o-que-sao-pequenos-grupos&#8221;][vc_column][mk_fancy_title size=&#8221;45&#8243; [&hellip;]\" \/>\n<meta property=\"og:url\" content=\"https:\/\/www.buchegg.church\/pt\/grupos-pequenos\/\" \/>\n<meta property=\"og:site_name\" content=\"buchegg.church\" \/>\n<meta property=\"article:publisher\" content=\"https:\/\/www.facebook.com\/buchegg\" \/>\n<meta property=\"article:modified_time\" content=\"2024-05-29T07:52:37+00:00\" \/>\n<meta name=\"twitter:card\" content=\"summary_large_image\" \/>\n<meta name=\"twitter:label1\" content=\"Tempo estimado de leitura\" \/>\n\t<meta name=\"twitter:data1\" content=\"3 minutos\" \/>\n<script type=\"application\/ld+json\" class=\"yoast-schema-graph\">{\"@context\":\"https:\\\/\\\/schema.org\",\"@graph\":[{\"@type\":\"WebPage\",\"@id\":\"https:\\\/\\\/www.buchegg.church\\\/pt\\\/grupos-pequenos\\\/\",\"url\":\"https:\\\/\\\/www.buchegg.church\\\/pt\\\/grupos-pequenos\\\/\",\"name\":\"Grupos Pequenos - buchegg.church\",\"isPartOf\":{\"@id\":\"https:\\\/\\\/www.buchegg.church\\\/#website\"},\"datePublished\":\"2018-01-19T09:05:07+00:00\",\"dateModified\":\"2024-05-29T07:52:37+00:00\",\"breadcrumb\":{\"@id\":\"https:\\\/\\\/www.buchegg.church\\\/pt\\\/grupos-pequenos\\\/#breadcrumb\"},\"inLanguage\":\"pt-PT\",\"potentialAction\":[{\"@type\":\"ReadAction\",\"target\":[\"https:\\\/\\\/www.buchegg.church\\\/pt\\\/grupos-pequenos\\\/\"]}]},{\"@type\":\"BreadcrumbList\",\"@id\":\"https:\\\/\\\/www.buchegg.church\\\/pt\\\/grupos-pequenos\\\/#breadcrumb\",\"itemListElement\":[{\"@type\":\"ListItem\",\"position\":1,\"name\":\"Startseite\",\"item\":\"https:\\\/\\\/www.buchegg.church\\\/pt\\\/\"},{\"@type\":\"ListItem\",\"position\":2,\"name\":\"Grupos Pequenos\"}]},{\"@type\":\"WebSite\",\"@id\":\"https:\\\/\\\/www.buchegg.church\\\/#website\",\"url\":\"https:\\\/\\\/www.buchegg.church\\\/\",\"name\":\"buchegg.church\",\"description\":\"\",\"publisher\":{\"@id\":\"https:\\\/\\\/www.buchegg.church\\\/#organization\"},\"potentialAction\":[{\"@type\":\"SearchAction\",\"target\":{\"@type\":\"EntryPoint\",\"urlTemplate\":\"https:\\\/\\\/www.buchegg.church\\\/?s={search_term_string}\"},\"query-input\":{\"@type\":\"PropertyValueSpecification\",\"valueRequired\":true,\"valueName\":\"search_term_string\"}}],\"inLanguage\":\"pt-PT\"},{\"@type\":\"Organization\",\"@id\":\"https:\\\/\\\/www.buchegg.church\\\/#organization\",\"name\":\"Buchegg Church\",\"url\":\"https:\\\/\\\/www.buchegg.church\\\/\",\"logo\":{\"@type\":\"ImageObject\",\"inLanguage\":\"pt-PT\",\"@id\":\"https:\\\/\\\/www.buchegg.church\\\/#\\\/schema\\\/logo\\\/image\\\/\",\"url\":\"https:\\\/\\\/www.buchegg.church\\\/wp-content\\\/uploads\\\/buchegg.png\",\"contentUrl\":\"https:\\\/\\\/www.buchegg.church\\\/wp-content\\\/uploads\\\/buchegg.png\",\"width\":751,\"height\":180,\"caption\":\"Buchegg Church\"},\"image\":{\"@id\":\"https:\\\/\\\/www.buchegg.church\\\/#\\\/schema\\\/logo\\\/image\\\/\"},\"sameAs\":[\"https:\\\/\\\/www.facebook.com\\\/buchegg\",\"https:\\\/\\\/www.instagram.com\\\/buchegg_church\",\"https:\\\/\\\/www.youtube.com\\\/czbzuerich\"]}]}<\/script>\n<!-- \/ Yoast SEO plugin. -->","yoast_head_json":{"title":"Grupos Pequenos - buchegg.church","robots":{"index":"index","follow":"follow","max-snippet":"max-snippet:-1","max-image-preview":"max-image-preview:large","max-video-preview":"max-video-preview:-1"},"canonical":"https:\/\/www.buchegg.church\/pt\/grupos-pequenos\/","og_locale":"pt_PT","og_type":"article","og_title":"Grupos Pequenos - buchegg.church","og_description":"[vc_row][vc_column][\/vc_column][\/vc_row][mk_page_section bg_image=&#8221;\/wp-content\/uploads\/kleingruppen_top.jpg&#8221; bg_color=&#8221;#000000&#8243; attachment=&#8221;fixed&#8221; bg_position=&#8221;center top&#8221; bg_repeat=&#8221;no-repeat&#8221; bg_stretch=&#8221;true&#8221; min_height=&#8221;500&#8243; full_width=&#8221;true&#8221; padding_top=&#8221;0&#8243; sidebar=&#8221;sidebar-1&#8243;][vc_column][mk_fancy_title color=&#8221;#ffffff&#8221; size=&#8221;70&#8243; force_font_size=&#8221;true&#8221; size_tablet=&#8221;60&#8243; size_phone=&#8221;40&#8243; font_weight=&#8221;600&#8243; txt_transform=&#8221;uppercase&#8221; letter_spacing=&#8221;3&#8243; margin_top=&#8221;200&#8243; margin_bottom=&#8221;0&#8243; font_family=&#8221;none&#8221; align=&#8221;center&#8221;]Grupos Pequenos[\/mk_fancy_title][mk_fancy_title color=&#8221;#ffffff&#8221; size=&#8221;35&#8243; force_font_size=&#8221;true&#8221; size_tablet=&#8221;30&#8243; size_phone=&#8221;25&#8243; font_weight=&#8221;300&#8243; font_style=&#8221;italic&#8221; font_family=&#8221;none&#8221; align=&#8221;center&#8221;] Compartilhar interesses comuns e experimentar a Deus. [\/mk_fancy_title][\/vc_column][\/mk_page_section][vc_row fullwidth=&#8221;true&#8221;][vc_column][vc_wp_custommenu nav_menu=&#8221;51&#8243; el_id=&#8221;horizontal-menu&#8221;][\/vc_column][\/vc_row][vc_row fullwidth=&#8221;true&#8221;][vc_column][mk_padding_divider][mk_button url=&#8221;https:\/\/meine.church.tools\/grouphomepage\/Nf0f1ywcchksSFaNAUCr9PPtQlRwIsMH&#8221; target=&#8221;_blank&#8221; align=&#8221;center&#8221;]Vis\u00e3o geral de Grupos Pequenos[\/mk_button][\/vc_column][\/vc_row][vc_row id=&#8221;o-que-sao-pequenos-grupos&#8221;][vc_column][mk_fancy_title size=&#8221;45&#8243; [&hellip;]","og_url":"https:\/\/www.buchegg.church\/pt\/grupos-pequenos\/","og_site_name":"buchegg.church","article_publisher":"https:\/\/www.facebook.com\/buchegg","article_modified_time":"2024-05-29T07:52:37+00:00","twitter_card":"summary_large_image","twitter_misc":{"Tempo estimado de leitura":"3 minutos"},"schema":{"@context":"https:\/\/schema.org","@graph":[{"@type":"WebPage","@id":"https:\/\/www.buchegg.church\/pt\/grupos-pequenos\/","url":"https:\/\/www.buchegg.church\/pt\/grupos-pequenos\/","name":"Grupos Pequenos - buchegg.church","isPartOf":{"@id":"https:\/\/www.buchegg.church\/#website"},"datePublished":"2018-01-19T09:05:07+00:00","dateModified":"2024-05-29T07:52:37+00:00","breadcrumb":{"@id":"https:\/\/www.buchegg.church\/pt\/grupos-pequenos\/#breadcrumb"},"inLanguage":"pt-PT","potentialAction":[{"@type":"ReadAction","target":["https:\/\/www.buchegg.church\/pt\/grupos-pequenos\/"]}]},{"@type":"BreadcrumbList","@id":"https:\/\/www.buchegg.church\/pt\/grupos-pequenos\/#breadcrumb","itemListElement":[{"@type":"ListItem","position":1,"name":"Startseite","item":"https:\/\/www.buchegg.church\/pt\/"},{"@type":"ListItem","position":2,"name":"Grupos Pequenos"}]},{"@type":"WebSite","@id":"https:\/\/www.buchegg.church\/#website","url":"https:\/\/www.buchegg.church\/","name":"buchegg.church","description":"","publisher":{"@id":"https:\/\/www.buchegg.church\/#organization"},"potentialAction":[{"@type":"SearchAction","target":{"@type":"EntryPoint","urlTemplate":"https:\/\/www.buchegg.church\/?s={search_term_string}"},"query-input":{"@type":"PropertyValueSpecification","valueRequired":true,"valueName":"search_term_string"}}],"inLanguage":"pt-PT"},{"@type":"Organization","@id":"https:\/\/www.buchegg.church\/#organization","name":"Buchegg Church","url":"https:\/\/www.buchegg.church\/","logo":{"@type":"ImageObject","inLanguage":"pt-PT","@id":"https:\/\/www.buchegg.church\/#\/schema\/logo\/image\/","url":"https:\/\/www.buchegg.church\/wp-content\/uploads\/buchegg.png","contentUrl":"https:\/\/www.buchegg.church\/wp-content\/uploads\/buchegg.png","width":751,"height":180,"caption":"Buchegg Church"},"image":{"@id":"https:\/\/www.buchegg.church\/#\/schema\/logo\/image\/"},"sameAs":["https:\/\/www.facebook.com\/buchegg","https:\/\/www.instagram.com\/buchegg_church","https:\/\/www.youtube.com\/czbzuerich"]}]}},"_links":{"self":[{"href":"https:\/\/www.buchegg.church\/pt\/wp-json\/wp\/v2\/pages\/12168","targetHints":{"allow":["GET"]}}],"collection":[{"href":"https:\/\/www.buchegg.church\/pt\/wp-json\/wp\/v2\/pages"}],"about":[{"href":"https:\/\/www.buchegg.church\/pt\/wp-json\/wp\/v2\/types\/page"}],"author":[{"embeddable":true,"href":"https:\/\/www.buchegg.church\/pt\/wp-json\/wp\/v2\/users\/1"}],"replies":[{"embeddable":true,"href":"https:\/\/www.buchegg.church\/pt\/wp-json\/wp\/v2\/comments?post=12168"}],"version-history":[{"count":0,"href":"https:\/\/www.buchegg.church\/pt\/wp-json\/wp\/v2\/pages\/12168\/revisions"}],"wp:attachment":[{"href":"https:\/\/www.buchegg.church\/pt\/wp-json\/wp\/v2\/media?parent=12168"}],"curies":[{"name":"wp","href":"https:\/\/api.w.org\/{rel}","templated":true}]}}