{"id":5073172,"date":"2025-04-16T15:11:41","date_gmt":"2025-04-16T13:11:41","guid":{"rendered":"https:\/\/www.buchegg.church\/?page_id=5073172"},"modified":"2026-05-07T17:40:23","modified_gmt":"2026-05-07T15:40:23","slug":"sharehope","status":"publish","type":"page","link":"https:\/\/www.buchegg.church\/es\/sharehope\/","title":{"rendered":"Misi\u00f3n en Suiza"},"content":{"rendered":"<div class=\"wpb-content-wrapper\">[vc_row][vc_column][\/vc_column][\/vc_row][mk_page_section bg_image=\u00bbhttps:\/\/www.buchegg.church\/wp-content\/uploads\/matterhorn.jpg\u00bb bg_color=\u00bb#000000&#8243; attachment=\u00bbfixed\u00bb bg_position=\u00bbcenter top\u00bb bg_repeat=\u00bbno-repeat\u00bb bg_stretch=\u00bbtrue\u00bb min_height=\u00bb500&#8243; full_width=\u00bbtrue\u00bb padding_top=\u00bb0&#8243; sidebar=\u00bbsidebar-1&#8243;][vc_column][mk_fancy_title color=\u00bb#ffffff\u00bb size=\u00bb70&#8243; force_font_size=\u00bbtrue\u00bb size_tablet=\u00bb60&#8243; size_phone=\u00bb40&#8243; font_weight=\u00bb600&#8243; txt_transform=\u00bbuppercase\u00bb letter_spacing=\u00bb3&#8243; margin_top=\u00bb200&#8243; margin_bottom=\u00bb0&#8243; font_family=\u00bbnone\u00bb align=\u00bbcenter\u00bb drop_shadow=\u00bbtrue\u00bb shadow_distance=\u00bb5&#8243; shadow_blur=\u00bb5&#8243; shadow_color=\u00bb#000000&#8243;]Misi\u00f3n en Suiza[\/mk_fancy_title][mk_fancy_title color=\u00bb#ffffff\u00bb size=\u00bb35&#8243; force_font_size=\u00bbtrue\u00bb size_tablet=\u00bb30&#8243; size_phone=\u00bb25&#8243; font_weight=\u00bb300&#8243; font_style=\u00bbitalic\u00bb font_family=\u00bbnone\u00bb align=\u00bbcenter\u00bb drop_shadow=\u00bbtrue\u00bb shadow_distance=\u00bb5&#8243; shadow_blur=\u00bb5&#8243; shadow_color=\u00bb#0a0a0a\u00bb]Ofrenda especial 2026[\/mk_fancy_title][\/vc_column][\/mk_page_section][vc_row fullwidth=\u00bbtrue\u00bb disable_element=\u00bbyes\u00bb][vc_column][vc_wp_custommenu nav_menu=\u00bb113&#8243; el_id=\u00bbhorizontal-menu\u00bb][\/vc_column][\/vc_row][vc_row id=\u00bbgemeinden\u00bb][vc_column][mk_fancy_title size=\u00bb45&#8243; force_font_size=\u00bbtrue\u00bb size_tablet=\u00bb35&#8243; size_phone=\u00bb35&#8243; font_weight=\u00bb600&#8243; margin_top=\u00bb40&#8243; margin_bottom=\u00bb0&#8243; font_family=\u00bbnone\u00bb align=\u00bbcenter\u00bb]\u00a1Nuestro pa\u00eds necesita el evangelio de nuevo![\/mk_fancy_title][vc_row_inner][vc_column_inner width=\u00bb1\/2&#8243;][mk_image src=\u00bbhttps:\/\/www.buchegg.church\/wp-content\/uploads\/titelseite-sonderopfer-2026_es.png\u00bb image_size=\u00bbfull\u00bb][mk_padding_divider size=\u00bb20&#8243;][mk_image src=\u00bbhttps:\/\/www.buchegg.church\/wp-content\/uploads\/sharehope_logo.png\u00bb image_size=\u00bbfull\u00bb][mk_padding_divider size=\u00bb20&#8243;][\/vc_column_inner][vc_column_inner width=\u00bb1\/2&#8243;][vc_column_text css=\u00bb.vc_custom_1778168386399{margin-bottom: 0px !important;}\u00bb]Jes\u00fas dijo que sus buenas nuevas son para todas las naciones. Por lo tanto, \u00a1debe hacerse conocida y proclamarse en todas partes! \u00a1Nuestro pa\u00eds necesita el evangelio de nuevo!<br \/>\nEl a\u00f1o pasado, como iglesia, empezamos a recolectar espec\u00edficamente para la misi\u00f3n en Suiza. Hoy ya podemos informar sobre los primeros resultados y motivadores avances:<\/p>\n<p><b>\u00abShareHope\u00bb<\/b><br \/>\nEl Centro de Competencia Evang\u00e9lica ahora lleva el nombre conciso y significativo de <b>\u00abShareHope\u00bb<\/b>. Este resume de qu\u00e9 va: <b>compartir<\/b> la <b>esperanza<\/b> que encontramos solo en Jes\u00fas.<\/p>\n<p><b>Desarrollo posterior de LiFe<\/b><br \/>\nLiFe tambi\u00e9n ha sido desarrollada y difundida a\u00fan m\u00e1s. Ahora est\u00e1 disponible en una versi\u00f3n completamente nueva y moderna. Adem\u00e1s, ahora hay diez formadores en las regiones de Suiza que acompa\u00f1an a iglesias con LiFe. Los cristianos est\u00e1n facultados para organizar eventos evangel\u00edsticos.<\/p>\n<p><b>Cooperaci\u00f3n con Livenet<\/b><br \/>\nAdem\u00e1s, hemos encontrado un socio valioso en Livenet que comparte la misma visi\u00f3n en nuestro pa\u00eds. La colaboraci\u00f3n nos permite difundir contenido sobre la formaci\u00f3n y el equipamiento de cristianos a trav\u00e9s de su plataforma impactante y consolidada.<br \/>\nDesde mediados de abril de 2026, hay cortos videos para motivar y formar a cristianos que quieren vivir y compartir su fe de forma aut\u00e9ntica. Estos mensajes no solo se difunden en Livenet, sino tambi\u00e9n a trav\u00e9s de las redes sociales.<\/p>\n<p><b>Folleto de formaci\u00f3n \u00abCompartiendo tu fe con alegr\u00eda\u00bb<\/b><br \/>\nAl mismo tiempo, publicaremos un primer folleto de formaci\u00f3n a finales de agosto. Ayuda a los cristianos a responder a las preguntas de las personas interesadas y a tender puentes en el poder del Esp\u00edritu Santo.<\/p>\n<p><b>D\u00eda de la Visi\u00f3n \/ D\u00eda del Impulso de la Evangelizaci\u00f3n<\/b><br \/>\nEl vers\u00edculo del a\u00f1o 2026 de nuestra iglesia es 1 Pedro 3:15. Nos llama a \u00abestar siempre preparados para compartir esperanza con los dem\u00e1s\u00bb. \u00abShareHope\u00bb tambi\u00e9n ha elegido este verso como base para su obra. Por eso no solo abriremos nuestro D\u00eda de la Visi\u00f3n para L\u00edderes a finales de agosto para nuestra iglesia, sino que tambi\u00e9n lo combinaremos con el anual \u00abImpulstag Evangelisation\u00bb. Esto significa que el evento est\u00e1 abierto a todas las partes interesadas en toda Suiza.<\/p>\n<p><b>Iniciativa \u00abKirche f\u00fcr andere\u00bb<\/b><br \/>\nEstamos convencidos de que el Esp\u00edritu Santo est\u00e1 haciendo algo nuevo en nuestro pa\u00eds. Durante los pr\u00f3ximos diez a\u00f1os, la mayor\u00eda de las asociaciones de iglesias libres de Suiza participar\u00e1n en una iniciativa llamada \u00ab<a href=\"https:\/\/www.kirchefuerandere.ch\/\" target=\"_blank\" rel=\"noopener\">Kirche f\u00fcr andere<\/a>\u00bb (Iglesia para otros). Lo que nos alegra especialmente es que \u00abShareHope\u00bb ser\u00e1 una fuerza motriz clave en este sentido. \u00a1Estamos encantados de formar parte de esta iniciativa!<\/p>\n<p><b>Oraci\u00f3n y apoyo financiero<\/b><br \/>\nTu oraci\u00f3n y apoyo econ\u00f3mico marcan la diferencia. Por favor, t\u00f3mate un momento para orar sobre esta petici\u00f3n y pregunta al Se\u00f1or que contribuci\u00f3n te gustar\u00eda compartir.[\/vc_column_text][mk_image src=\u00bbhttps:\/\/www.buchegg.church\/wp-content\/uploads\/unterschrift-matthias.png\u00bb image_size=\u00bbfull\u00bb][vc_column_text css=\u00bb.vc_custom_1744810433313{margin-bottom: 0px !important;}\u00bb]Matthias Theis<br \/>\n<small>L\u00edder de la Iglesia y jefe de la comisi\u00f3n de misiones<\/small>[\/vc_column_text][mk_padding_divider size=\u00bb20&#8243;][mk_button dimension=\u00bbtwo\u00bb url=\u00bb\/wp-content\/uploads\/flyer-sonderopfer-2026_es.pdf\u00bb target=\u00bb_blank\u00bb align=\u00bbcenter\u00bb]Descargar folleto[\/mk_button][mk_padding_divider size=\u00bb20&#8243;][\/vc_column_inner][\/vc_row_inner][\/vc_column][\/vc_row][mk_page_section bg_image=\u00bbhttps:\/\/www.buchegg.church\/wp-content\/uploads\/matterhorn.jpg\u00bb attachment=\u00bbfixed\u00bb bg_position=\u00bbcenter top\u00bb bg_repeat=\u00bbno-repeat\u00bb bg_stretch=\u00bbtrue\u00bb min_height=\u00bb400&#8243; sidebar=\u00bbsidebar-1&#8243;][vc_column][\/vc_column][\/mk_page_section][vc_row id=\u00bbbeitrag\u00bb][vc_column][mk_fancy_title size=\u00bb45&#8243; force_font_size=\u00bbtrue\u00bb size_tablet=\u00bb35&#8243; size_phone=\u00bb35&#8243; font_weight=\u00bb600&#8243; margin_top=\u00bb40&#8243; margin_bottom=\u00bb0&#8243; font_family=\u00bbnone\u00bb align=\u00bbcenter\u00bb]Tu contribuci\u00f3n[\/mk_fancy_title][vc_row_inner][vc_column_inner width=\u00bb1\/2&#8243;][mk_padding_divider size=\u00bb20&#8243;][\/vc_column_inner][vc_column_inner width=\u00bb1\/2&#8243;][vc_column_text css=\u00bb.vc_custom_1776864506487{margin-bottom: 0px !important;}\u00bb]Formas de contribuir:<\/p>\n<ul>\n<li><strong><strong>Ofrenda especial en los servicios de la iglesia a partir del <\/strong><\/strong><strong>24 de mayo de 2026<\/strong><\/li>\n<li><strong>Ingreso en nuestra cuenta postal<br \/>\n<\/strong>(Comentario: Misi\u00f3n en Suiza)<\/li>\n<\/ul>\n<p>Buchegg y Silbern Church (Pfingstmission Z\u00fcrich)<br \/>\n8057 Z\u00fcrich<br \/>\nIBAN CH18 0900 0000 8000 7143 9<\/p>\n<p>\u00a1Muchas gracias por su apoyo![\/vc_column_text][mk_image src=\u00bbhttps:\/\/www.buchegg.church\/wp-content\/uploads\/qr-einzahlungsschein-sonderopfer.png\u00bb image_size=\u00bbmedium\u00bb][\/vc_column_inner][\/vc_row_inner][mk_padding_divider][\/vc_column][\/vc_row][mk_page_section bg_image=\u00bbhttps:\/\/www.buchegg.church\/wp-content\/uploads\/matterhorn.jpg\u00bb attachment=\u00bbfixed\u00bb bg_position=\u00bbcenter top\u00bb bg_repeat=\u00bbno-repeat\u00bb bg_stretch=\u00bbtrue\u00bb min_height=\u00bb400&#8243; sidebar=\u00bbsidebar-1&#8243;][vc_column][\/vc_column][\/mk_page_section]\n<\/div>","protected":false},"excerpt":{"rendered":"<p>[vc_row][vc_column][\/vc_column][\/vc_row][mk_page_section bg_image=\u00bbhttps:\/\/www.buchegg.church\/wp-content\/uploads\/matterhorn.jpg\u00bb bg_color=\u00bb#000000&#8243; attachment=\u00bbfixed\u00bb bg_position=\u00bbcenter top\u00bb bg_repeat=\u00bbno-repeat\u00bb bg_stretch=\u00bbtrue\u00bb min_height=\u00bb500&#8243; full_width=\u00bbtrue\u00bb padding_top=\u00bb0&#8243; sidebar=\u00bbsidebar-1&#8243;][vc_column][mk_fancy_title color=\u00bb#ffffff\u00bb size=\u00bb70&#8243; force_font_size=\u00bbtrue\u00bb size_tablet=\u00bb60&#8243; size_phone=\u00bb40&#8243; font_weight=\u00bb600&#8243; txt_transform=\u00bbuppercase\u00bb letter_spacing=\u00bb3&#8243; margin_top=\u00bb200&#8243; margin_bottom=\u00bb0&#8243; font_family=\u00bbnone\u00bb align=\u00bbcenter\u00bb drop_shadow=\u00bbtrue\u00bb shadow_distance=\u00bb5&#8243; shadow_blur=\u00bb5&#8243; shadow_color=\u00bb#000000&#8243;]Misi\u00f3n en Suiza[\/mk_fancy_title][mk_fancy_title color=\u00bb#ffffff\u00bb size=\u00bb35&#8243; force_font_size=\u00bbtrue\u00bb size_tablet=\u00bb30&#8243; size_phone=\u00bb25&#8243; font_weight=\u00bb300&#8243; font_style=\u00bbitalic\u00bb font_family=\u00bbnone\u00bb align=\u00bbcenter\u00bb drop_shadow=\u00bbtrue\u00bb shadow_distance=\u00bb5&#8243; shadow_blur=\u00bb5&#8243; shadow_color=\u00bb#0a0a0a\u00bb]Ofrenda especial 2026[\/mk_fancy_title][\/vc_column][\/mk_page_section][vc_row fullwidth=\u00bbtrue\u00bb disable_element=\u00bbyes\u00bb][vc_column][vc_wp_custommenu nav_menu=\u00bb113&#8243; el_id=\u00bbhorizontal-menu\u00bb][\/vc_column][\/vc_row][vc_row id=\u00bbgemeinden\u00bb][vc_column][mk_fancy_title size=\u00bb45&#8243; force_font_size=\u00bbtrue\u00bb size_tablet=\u00bb35&#8243; size_phone=\u00bb35&#8243; font_weight=\u00bb600&#8243; [&hellip;]<\/p>\n","protected":false},"author":4,"featured_media":0,"parent":0,"menu_order":0,"comment_status":"closed","ping_status":"closed","template":"","meta":{"footnotes":""},"class_list":["post-5073172","page","type-page","status-publish","hentry"],"yoast_head":"<!-- This site is optimized with the Yoast SEO plugin v27.6 - https:\/\/yoast.com\/product\/yoast-seo-wordpress\/ -->\n<title>Misi\u00f3n en Suiza - buchegg.church<\/title>\n<meta name=\"robots\" content=\"index, follow, max-snippet:-1, max-image-preview:large, max-video-preview:-1\" \/>\n<link rel=\"canonical\" href=\"https:\/\/www.buchegg.church\/es\/sharehope\/\" \/>\n<meta property=\"og:locale\" content=\"es_ES\" \/>\n<meta property=\"og:type\" content=\"article\" \/>\n<meta property=\"og:title\" content=\"Misi\u00f3n en Suiza - buchegg.church\" \/>\n<meta property=\"og:description\" content=\"[vc_row][vc_column][\/vc_column][\/vc_row][mk_page_section bg_image=\u00bbhttps:\/\/www.buchegg.church\/wp-content\/uploads\/matterhorn.jpg\u00bb bg_color=\u00bb#000000&#8243; attachment=\u00bbfixed\u00bb bg_position=\u00bbcenter top\u00bb bg_repeat=\u00bbno-repeat\u00bb bg_stretch=\u00bbtrue\u00bb min_height=\u00bb500&#8243; full_width=\u00bbtrue\u00bb padding_top=\u00bb0&#8243; sidebar=\u00bbsidebar-1&#8243;][vc_column][mk_fancy_title color=\u00bb#ffffff\u00bb size=\u00bb70&#8243; force_font_size=\u00bbtrue\u00bb size_tablet=\u00bb60&#8243; size_phone=\u00bb40&#8243; font_weight=\u00bb600&#8243; txt_transform=\u00bbuppercase\u00bb letter_spacing=\u00bb3&#8243; margin_top=\u00bb200&#8243; margin_bottom=\u00bb0&#8243; font_family=\u00bbnone\u00bb align=\u00bbcenter\u00bb drop_shadow=\u00bbtrue\u00bb shadow_distance=\u00bb5&#8243; shadow_blur=\u00bb5&#8243; shadow_color=\u00bb#000000&#8243;]Misi\u00f3n en Suiza[\/mk_fancy_title][mk_fancy_title color=\u00bb#ffffff\u00bb size=\u00bb35&#8243; force_font_size=\u00bbtrue\u00bb size_tablet=\u00bb30&#8243; size_phone=\u00bb25&#8243; font_weight=\u00bb300&#8243; font_style=\u00bbitalic\u00bb font_family=\u00bbnone\u00bb align=\u00bbcenter\u00bb drop_shadow=\u00bbtrue\u00bb shadow_distance=\u00bb5&#8243; shadow_blur=\u00bb5&#8243; shadow_color=\u00bb#0a0a0a\u00bb]Ofrenda especial 2026[\/mk_fancy_title][\/vc_column][\/mk_page_section][vc_row fullwidth=\u00bbtrue\u00bb disable_element=\u00bbyes\u00bb][vc_column][vc_wp_custommenu nav_menu=\u00bb113&#8243; el_id=\u00bbhorizontal-menu\u00bb][\/vc_column][\/vc_row][vc_row id=\u00bbgemeinden\u00bb][vc_column][mk_fancy_title size=\u00bb45&#8243; force_font_size=\u00bbtrue\u00bb size_tablet=\u00bb35&#8243; size_phone=\u00bb35&#8243; font_weight=\u00bb600&#8243; [&hellip;]\" \/>\n<meta property=\"og:url\" content=\"https:\/\/www.buchegg.church\/es\/sharehope\/\" \/>\n<meta property=\"og:site_name\" content=\"buchegg.church\" \/>\n<meta property=\"article:publisher\" content=\"https:\/\/www.facebook.com\/buchegg\" \/>\n<meta property=\"article:modified_time\" content=\"2026-05-07T15:40:23+00:00\" \/>\n<meta name=\"twitter:card\" content=\"summary_large_image\" \/>\n<meta name=\"twitter:label1\" content=\"Tiempo de lectura\" \/>\n\t<meta name=\"twitter:data1\" content=\"4 minutos\" \/>\n<script type=\"application\/ld+json\" class=\"yoast-schema-graph\">{\"@context\":\"https:\\\/\\\/schema.org\",\"@graph\":[{\"@type\":\"WebPage\",\"@id\":\"https:\\\/\\\/www.buchegg.church\\\/es\\\/sharehope\\\/\",\"url\":\"https:\\\/\\\/www.buchegg.church\\\/es\\\/sharehope\\\/\",\"name\":\"Misi\u00f3n en Suiza - buchegg.church\",\"isPartOf\":{\"@id\":\"https:\\\/\\\/www.buchegg.church\\\/#website\"},\"datePublished\":\"2025-04-16T13:11:41+00:00\",\"dateModified\":\"2026-05-07T15:40:23+00:00\",\"breadcrumb\":{\"@id\":\"https:\\\/\\\/www.buchegg.church\\\/es\\\/sharehope\\\/#breadcrumb\"},\"inLanguage\":\"es\",\"potentialAction\":[{\"@type\":\"ReadAction\",\"target\":[\"https:\\\/\\\/www.buchegg.church\\\/es\\\/sharehope\\\/\"]}]},{\"@type\":\"BreadcrumbList\",\"@id\":\"https:\\\/\\\/www.buchegg.church\\\/es\\\/sharehope\\\/#breadcrumb\",\"itemListElement\":[{\"@type\":\"ListItem\",\"position\":1,\"name\":\"Startseite\",\"item\":\"https:\\\/\\\/www.buchegg.church\\\/es\\\/\"},{\"@type\":\"ListItem\",\"position\":2,\"name\":\"Misi\u00f3n en Suiza\"}]},{\"@type\":\"WebSite\",\"@id\":\"https:\\\/\\\/www.buchegg.church\\\/#website\",\"url\":\"https:\\\/\\\/www.buchegg.church\\\/\",\"name\":\"buchegg.church\",\"description\":\"\",\"publisher\":{\"@id\":\"https:\\\/\\\/www.buchegg.church\\\/#organization\"},\"potentialAction\":[{\"@type\":\"SearchAction\",\"target\":{\"@type\":\"EntryPoint\",\"urlTemplate\":\"https:\\\/\\\/www.buchegg.church\\\/?s={search_term_string}\"},\"query-input\":{\"@type\":\"PropertyValueSpecification\",\"valueRequired\":true,\"valueName\":\"search_term_string\"}}],\"inLanguage\":\"es\"},{\"@type\":\"Organization\",\"@id\":\"https:\\\/\\\/www.buchegg.church\\\/#organization\",\"name\":\"Buchegg Church\",\"url\":\"https:\\\/\\\/www.buchegg.church\\\/\",\"logo\":{\"@type\":\"ImageObject\",\"inLanguage\":\"es\",\"@id\":\"https:\\\/\\\/www.buchegg.church\\\/#\\\/schema\\\/logo\\\/image\\\/\",\"url\":\"https:\\\/\\\/www.buchegg.church\\\/wp-content\\\/uploads\\\/buchegg.png\",\"contentUrl\":\"https:\\\/\\\/www.buchegg.church\\\/wp-content\\\/uploads\\\/buchegg.png\",\"width\":751,\"height\":180,\"caption\":\"Buchegg Church\"},\"image\":{\"@id\":\"https:\\\/\\\/www.buchegg.church\\\/#\\\/schema\\\/logo\\\/image\\\/\"},\"sameAs\":[\"https:\\\/\\\/www.facebook.com\\\/buchegg\",\"https:\\\/\\\/www.instagram.com\\\/buchegg_church\",\"https:\\\/\\\/www.youtube.com\\\/czbzuerich\"]}]}<\/script>\n<!-- \/ Yoast SEO plugin. -->","yoast_head_json":{"title":"Misi\u00f3n en Suiza - buchegg.church","robots":{"index":"index","follow":"follow","max-snippet":"max-snippet:-1","max-image-preview":"max-image-preview:large","max-video-preview":"max-video-preview:-1"},"canonical":"https:\/\/www.buchegg.church\/es\/sharehope\/","og_locale":"es_ES","og_type":"article","og_title":"Misi\u00f3n en Suiza - buchegg.church","og_description":"[vc_row][vc_column][\/vc_column][\/vc_row][mk_page_section bg_image=\u00bbhttps:\/\/www.buchegg.church\/wp-content\/uploads\/matterhorn.jpg\u00bb bg_color=\u00bb#000000&#8243; attachment=\u00bbfixed\u00bb bg_position=\u00bbcenter top\u00bb bg_repeat=\u00bbno-repeat\u00bb bg_stretch=\u00bbtrue\u00bb min_height=\u00bb500&#8243; full_width=\u00bbtrue\u00bb padding_top=\u00bb0&#8243; sidebar=\u00bbsidebar-1&#8243;][vc_column][mk_fancy_title color=\u00bb#ffffff\u00bb size=\u00bb70&#8243; force_font_size=\u00bbtrue\u00bb size_tablet=\u00bb60&#8243; size_phone=\u00bb40&#8243; font_weight=\u00bb600&#8243; txt_transform=\u00bbuppercase\u00bb letter_spacing=\u00bb3&#8243; margin_top=\u00bb200&#8243; margin_bottom=\u00bb0&#8243; font_family=\u00bbnone\u00bb align=\u00bbcenter\u00bb drop_shadow=\u00bbtrue\u00bb shadow_distance=\u00bb5&#8243; shadow_blur=\u00bb5&#8243; shadow_color=\u00bb#000000&#8243;]Misi\u00f3n en Suiza[\/mk_fancy_title][mk_fancy_title color=\u00bb#ffffff\u00bb size=\u00bb35&#8243; force_font_size=\u00bbtrue\u00bb size_tablet=\u00bb30&#8243; size_phone=\u00bb25&#8243; font_weight=\u00bb300&#8243; font_style=\u00bbitalic\u00bb font_family=\u00bbnone\u00bb align=\u00bbcenter\u00bb drop_shadow=\u00bbtrue\u00bb shadow_distance=\u00bb5&#8243; shadow_blur=\u00bb5&#8243; shadow_color=\u00bb#0a0a0a\u00bb]Ofrenda especial 2026[\/mk_fancy_title][\/vc_column][\/mk_page_section][vc_row fullwidth=\u00bbtrue\u00bb disable_element=\u00bbyes\u00bb][vc_column][vc_wp_custommenu nav_menu=\u00bb113&#8243; el_id=\u00bbhorizontal-menu\u00bb][\/vc_column][\/vc_row][vc_row id=\u00bbgemeinden\u00bb][vc_column][mk_fancy_title size=\u00bb45&#8243; force_font_size=\u00bbtrue\u00bb size_tablet=\u00bb35&#8243; size_phone=\u00bb35&#8243; font_weight=\u00bb600&#8243; [&hellip;]","og_url":"https:\/\/www.buchegg.church\/es\/sharehope\/","og_site_name":"buchegg.church","article_publisher":"https:\/\/www.facebook.com\/buchegg","article_modified_time":"2026-05-07T15:40:23+00:00","twitter_card":"summary_large_image","twitter_misc":{"Tiempo de lectura":"4 minutos"},"schema":{"@context":"https:\/\/schema.org","@graph":[{"@type":"WebPage","@id":"https:\/\/www.buchegg.church\/es\/sharehope\/","url":"https:\/\/www.buchegg.church\/es\/sharehope\/","name":"Misi\u00f3n en Suiza - buchegg.church","isPartOf":{"@id":"https:\/\/www.buchegg.church\/#website"},"datePublished":"2025-04-16T13:11:41+00:00","dateModified":"2026-05-07T15:40:23+00:00","breadcrumb":{"@id":"https:\/\/www.buchegg.church\/es\/sharehope\/#breadcrumb"},"inLanguage":"es","potentialAction":[{"@type":"ReadAction","target":["https:\/\/www.buchegg.church\/es\/sharehope\/"]}]},{"@type":"BreadcrumbList","@id":"https:\/\/www.buchegg.church\/es\/sharehope\/#breadcrumb","itemListElement":[{"@type":"ListItem","position":1,"name":"Startseite","item":"https:\/\/www.buchegg.church\/es\/"},{"@type":"ListItem","position":2,"name":"Misi\u00f3n en Suiza"}]},{"@type":"WebSite","@id":"https:\/\/www.buchegg.church\/#website","url":"https:\/\/www.buchegg.church\/","name":"buchegg.church","description":"","publisher":{"@id":"https:\/\/www.buchegg.church\/#organization"},"potentialAction":[{"@type":"SearchAction","target":{"@type":"EntryPoint","urlTemplate":"https:\/\/www.buchegg.church\/?s={search_term_string}"},"query-input":{"@type":"PropertyValueSpecification","valueRequired":true,"valueName":"search_term_string"}}],"inLanguage":"es"},{"@type":"Organization","@id":"https:\/\/www.buchegg.church\/#organization","name":"Buchegg Church","url":"https:\/\/www.buchegg.church\/","logo":{"@type":"ImageObject","inLanguage":"es","@id":"https:\/\/www.buchegg.church\/#\/schema\/logo\/image\/","url":"https:\/\/www.buchegg.church\/wp-content\/uploads\/buchegg.png","contentUrl":"https:\/\/www.buchegg.church\/wp-content\/uploads\/buchegg.png","width":751,"height":180,"caption":"Buchegg Church"},"image":{"@id":"https:\/\/www.buchegg.church\/#\/schema\/logo\/image\/"},"sameAs":["https:\/\/www.facebook.com\/buchegg","https:\/\/www.instagram.com\/buchegg_church","https:\/\/www.youtube.com\/czbzuerich"]}]}},"_links":{"self":[{"href":"https:\/\/www.buchegg.church\/es\/wp-json\/wp\/v2\/pages\/5073172","targetHints":{"allow":["GET"]}}],"collection":[{"href":"https:\/\/www.buchegg.church\/es\/wp-json\/wp\/v2\/pages"}],"about":[{"href":"https:\/\/www.buchegg.church\/es\/wp-json\/wp\/v2\/types\/page"}],"author":[{"embeddable":true,"href":"https:\/\/www.buchegg.church\/es\/wp-json\/wp\/v2\/users\/4"}],"replies":[{"embeddable":true,"href":"https:\/\/www.buchegg.church\/es\/wp-json\/wp\/v2\/comments?post=5073172"}],"version-history":[{"count":11,"href":"https:\/\/www.buchegg.church\/es\/wp-json\/wp\/v2\/pages\/5073172\/revisions"}],"predecessor-version":[{"id":5195905,"href":"https:\/\/www.buchegg.church\/es\/wp-json\/wp\/v2\/pages\/5073172\/revisions\/5195905"}],"wp:attachment":[{"href":"https:\/\/www.buchegg.church\/es\/wp-json\/wp\/v2\/media?parent=5073172"}],"curies":[{"name":"wp","href":"https:\/\/api.w.org\/{rel}","templated":true}]}}