{"id":4931326,"date":"2023-10-27T09:28:11","date_gmt":"2023-10-27T07:28:11","guid":{"rendered":"https:\/\/www.buchegg.church\/?page_id=4931326"},"modified":"2025-11-10T09:41:10","modified_gmt":"2025-11-10T08:41:10","slug":"thanksgiving","status":"publish","type":"page","link":"https:\/\/www.buchegg.church\/es\/thanksgiving\/","title":{"rendered":"Thanksgiving 2025"},"content":{"rendered":"<div class=\"wpb-content-wrapper\">[vc_row][vc_column][\/vc_column][\/vc_row][mk_page_section bg_image=\u00bbhttps:\/\/www.buchegg.church\/wp-content\/uploads\/20250930_thanksgiving-2025_screen.jpg\u00bb bg_color=\u00bb#000000&#8243; attachment=\u00bbfixed\u00bb bg_position=\u00bbcenter top\u00bb bg_repeat=\u00bbno-repeat\u00bb bg_stretch=\u00bbtrue\u00bb min_height=\u00bb500&#8243; full_width=\u00bbtrue\u00bb full_height=\u00bbtrue\u00bb padding_top=\u00bb0&#8243; sidebar=\u00bbsidebar-1&#8243;][vc_column][mk_padding_divider size=\u00bb150&#8243;][\/vc_column][\/mk_page_section][mk_page_section attachment=\u00bbfixed\u00bb bg_position=\u00bbcenter top\u00bb bg_repeat=\u00bbno-repeat\u00bb bg_stretch=\u00bbtrue\u00bb min_height=\u00bb200&#8243; section_id=\u00bbanmeldung\u00bb sidebar=\u00bbsidebar-1&#8243;][vc_column][mk_fancy_title size=\u00bb35&#8243; force_font_size=\u00bbtrue\u00bb size_tablet=\u00bb35&#8243; size_phone=\u00bb35&#8243; font_weight=\u00bb600&#8243; margin_top=\u00bb20&#8243; margin_bottom=\u00bb0&#8243; font_family=\u00bbnone\u00bb]Cordial invitaci\u00f3n[\/mk_fancy_title][vc_column_text css=\u00bb.vc_custom_1759416380516{margin-bottom: 0px !important;}\u00bb]<strong>Estimados empleados y empleadas<\/strong><\/p>\n<p>Es un placer para nosotros invitaros a nuestro <b>D\u00eda de Acci\u00f3n de Gracias 2025<\/b>. Con vuestro compromiso y lealtad, hab\u00e9is marcado de manera decisiva este a\u00f1o. Por ello queremos daros las gracias, celebrar juntos y honrar a Dios por todo lo bueno.<\/p>\n<p>Pod\u00e9is elegir en qu\u00e9 noche quer\u00e9is participar:<\/p>\n<ul>\n<li><strong>Jueves, 13\/11\/2025<\/strong><\/li>\n<li><strong>Viernes, 14\/11\/2025<\/strong><\/li>\n<\/ul>\n<p>Las puertas se abrir\u00e1n a las <b>18:30 h<\/b> y os invitaremos a una copa de bienvenida. A las <b>19:00<\/b> horas comenzaremos oficialmente en la sala. Despu\u00e9s celebraremos en un ambiente informal dentro y fuera del Z\u00fcri-Lounge con diferentes ofertas gastron\u00f3micas al estilo street food.<\/p>\n<p>Ambas noches habr\u00e1 <b>traducciones al ingl\u00e9s y al espa\u00f1ol<\/b>. Quien quiera puede vestirse de manera elegante.<\/p>\n<p>Para poder planificar bien, os rogamos que os inscrib\u00e1is antes del <b>9 de noviembre de 2025<\/b>.<\/p>\n<p>Con mucha expectativa[\/vc_column_text][vc_single_image image=\u00bb4931259&#8243;][vc_column_text css=\u00bb.vc_custom_1759146323317{margin-bottom: 0px !important;}\u00bb]En nombre de todo el staff de Buchegg[\/vc_column_text][\/vc_column][vc_column][vc_row_inner][vc_column_inner][mk_padding_divider size=\u00bb20&#8243;][\/vc_column_inner][\/vc_row_inner][\/vc_column][\/mk_page_section][vc_row disable_element=\u00bbyes\u00bb][vc_column][mk_button url=\u00bbhttps:\/\/forms.office.com\/Pages\/ResponsePage.aspx?id=tdPA7k0Dm02laUiHHCxiJHNlkXTeUuZEosRyKcnQDHtURDAwRjZRQzJJUjFVV0NLWlRGQ01DUEdSMSQlQCN0PWcu\u00bb target=\u00bb_blank\u00bb]Inscripci\u00f3n[\/mk_button][\/vc_column][\/vc_row]\n<\/div>","protected":false},"excerpt":{"rendered":"<p>[vc_row][vc_column][\/vc_column][\/vc_row][mk_page_section bg_image=\u00bbhttps:\/\/www.buchegg.church\/wp-content\/uploads\/20250930_thanksgiving-2025_screen.jpg\u00bb bg_color=\u00bb#000000&#8243; attachment=\u00bbfixed\u00bb bg_position=\u00bbcenter top\u00bb bg_repeat=\u00bbno-repeat\u00bb bg_stretch=\u00bbtrue\u00bb min_height=\u00bb500&#8243; full_width=\u00bbtrue\u00bb full_height=\u00bbtrue\u00bb padding_top=\u00bb0&#8243; sidebar=\u00bbsidebar-1&#8243;][vc_column][mk_padding_divider size=\u00bb150&#8243;][\/vc_column][\/mk_page_section][mk_page_section attachment=\u00bbfixed\u00bb bg_position=\u00bbcenter top\u00bb bg_repeat=\u00bbno-repeat\u00bb bg_stretch=\u00bbtrue\u00bb min_height=\u00bb200&#8243; section_id=\u00bbanmeldung\u00bb sidebar=\u00bbsidebar-1&#8243;][vc_column][mk_fancy_title size=\u00bb35&#8243; force_font_size=\u00bbtrue\u00bb size_tablet=\u00bb35&#8243; size_phone=\u00bb35&#8243; font_weight=\u00bb600&#8243; margin_top=\u00bb20&#8243; margin_bottom=\u00bb0&#8243; font_family=\u00bbnone\u00bb]Cordial invitaci\u00f3n[\/mk_fancy_title][vc_column_text css=\u00bb.vc_custom_1759416380516{margin-bottom: 0px !important;}\u00bb]Estimados empleados y empleadas Es un placer para nosotros invitaros a nuestro D\u00eda de Acci\u00f3n de Gracias 2025. Con vuestro compromiso y [&hellip;]<\/p>\n","protected":false},"author":4,"featured_media":0,"parent":0,"menu_order":0,"comment_status":"closed","ping_status":"closed","template":"","meta":{"footnotes":""},"class_list":["post-4931326","page","type-page","status-publish","hentry"],"yoast_head":"<!-- This site is optimized with the Yoast SEO plugin v27.5 - https:\/\/yoast.com\/product\/yoast-seo-wordpress\/ -->\n<title>Thanksgiving 2025 - buchegg.church<\/title>\n<meta name=\"robots\" content=\"index, follow, max-snippet:-1, max-image-preview:large, max-video-preview:-1\" \/>\n<link rel=\"canonical\" href=\"https:\/\/www.buchegg.church\/es\/thanksgiving\/\" \/>\n<meta property=\"og:locale\" content=\"es_ES\" \/>\n<meta property=\"og:type\" content=\"article\" \/>\n<meta property=\"og:title\" content=\"Thanksgiving 2025 - buchegg.church\" \/>\n<meta property=\"og:description\" content=\"[vc_row][vc_column][\/vc_column][\/vc_row][mk_page_section bg_image=\u00bbhttps:\/\/www.buchegg.church\/wp-content\/uploads\/20250930_thanksgiving-2025_screen.jpg\u00bb bg_color=\u00bb#000000&#8243; attachment=\u00bbfixed\u00bb bg_position=\u00bbcenter top\u00bb bg_repeat=\u00bbno-repeat\u00bb bg_stretch=\u00bbtrue\u00bb min_height=\u00bb500&#8243; full_width=\u00bbtrue\u00bb full_height=\u00bbtrue\u00bb padding_top=\u00bb0&#8243; sidebar=\u00bbsidebar-1&#8243;][vc_column][mk_padding_divider size=\u00bb150&#8243;][\/vc_column][\/mk_page_section][mk_page_section attachment=\u00bbfixed\u00bb bg_position=\u00bbcenter top\u00bb bg_repeat=\u00bbno-repeat\u00bb bg_stretch=\u00bbtrue\u00bb min_height=\u00bb200&#8243; section_id=\u00bbanmeldung\u00bb sidebar=\u00bbsidebar-1&#8243;][vc_column][mk_fancy_title size=\u00bb35&#8243; force_font_size=\u00bbtrue\u00bb size_tablet=\u00bb35&#8243; size_phone=\u00bb35&#8243; font_weight=\u00bb600&#8243; margin_top=\u00bb20&#8243; margin_bottom=\u00bb0&#8243; font_family=\u00bbnone\u00bb]Cordial invitaci\u00f3n[\/mk_fancy_title][vc_column_text css=\u00bb.vc_custom_1759416380516{margin-bottom: 0px !important;}\u00bb]Estimados empleados y empleadas Es un placer para nosotros invitaros a nuestro D\u00eda de Acci\u00f3n de Gracias 2025. Con vuestro compromiso y [&hellip;]\" \/>\n<meta property=\"og:url\" content=\"https:\/\/www.buchegg.church\/es\/thanksgiving\/\" \/>\n<meta property=\"og:site_name\" content=\"buchegg.church\" \/>\n<meta property=\"article:publisher\" content=\"https:\/\/www.facebook.com\/buchegg\" \/>\n<meta property=\"article:modified_time\" content=\"2025-11-10T08:41:10+00:00\" \/>\n<meta name=\"twitter:card\" content=\"summary_large_image\" \/>\n<meta name=\"twitter:label1\" content=\"Tiempo de lectura\" \/>\n\t<meta name=\"twitter:data1\" content=\"2 minutos\" \/>\n<script type=\"application\/ld+json\" class=\"yoast-schema-graph\">{\"@context\":\"https:\\\/\\\/schema.org\",\"@graph\":[{\"@type\":\"WebPage\",\"@id\":\"https:\\\/\\\/www.buchegg.church\\\/es\\\/thanksgiving\\\/\",\"url\":\"https:\\\/\\\/www.buchegg.church\\\/es\\\/thanksgiving\\\/\",\"name\":\"Thanksgiving 2025 - buchegg.church\",\"isPartOf\":{\"@id\":\"https:\\\/\\\/www.buchegg.church\\\/#website\"},\"datePublished\":\"2023-10-27T07:28:11+00:00\",\"dateModified\":\"2025-11-10T08:41:10+00:00\",\"breadcrumb\":{\"@id\":\"https:\\\/\\\/www.buchegg.church\\\/es\\\/thanksgiving\\\/#breadcrumb\"},\"inLanguage\":\"es\",\"potentialAction\":[{\"@type\":\"ReadAction\",\"target\":[\"https:\\\/\\\/www.buchegg.church\\\/es\\\/thanksgiving\\\/\"]}]},{\"@type\":\"BreadcrumbList\",\"@id\":\"https:\\\/\\\/www.buchegg.church\\\/es\\\/thanksgiving\\\/#breadcrumb\",\"itemListElement\":[{\"@type\":\"ListItem\",\"position\":1,\"name\":\"Startseite\",\"item\":\"https:\\\/\\\/www.buchegg.church\\\/es\\\/\"},{\"@type\":\"ListItem\",\"position\":2,\"name\":\"Thanksgiving 2025\"}]},{\"@type\":\"WebSite\",\"@id\":\"https:\\\/\\\/www.buchegg.church\\\/#website\",\"url\":\"https:\\\/\\\/www.buchegg.church\\\/\",\"name\":\"buchegg.church\",\"description\":\"\",\"publisher\":{\"@id\":\"https:\\\/\\\/www.buchegg.church\\\/#organization\"},\"potentialAction\":[{\"@type\":\"SearchAction\",\"target\":{\"@type\":\"EntryPoint\",\"urlTemplate\":\"https:\\\/\\\/www.buchegg.church\\\/?s={search_term_string}\"},\"query-input\":{\"@type\":\"PropertyValueSpecification\",\"valueRequired\":true,\"valueName\":\"search_term_string\"}}],\"inLanguage\":\"es\"},{\"@type\":\"Organization\",\"@id\":\"https:\\\/\\\/www.buchegg.church\\\/#organization\",\"name\":\"Buchegg Church\",\"url\":\"https:\\\/\\\/www.buchegg.church\\\/\",\"logo\":{\"@type\":\"ImageObject\",\"inLanguage\":\"es\",\"@id\":\"https:\\\/\\\/www.buchegg.church\\\/#\\\/schema\\\/logo\\\/image\\\/\",\"url\":\"https:\\\/\\\/www.buchegg.church\\\/wp-content\\\/uploads\\\/buchegg.png\",\"contentUrl\":\"https:\\\/\\\/www.buchegg.church\\\/wp-content\\\/uploads\\\/buchegg.png\",\"width\":751,\"height\":180,\"caption\":\"Buchegg Church\"},\"image\":{\"@id\":\"https:\\\/\\\/www.buchegg.church\\\/#\\\/schema\\\/logo\\\/image\\\/\"},\"sameAs\":[\"https:\\\/\\\/www.facebook.com\\\/buchegg\",\"https:\\\/\\\/www.instagram.com\\\/buchegg_church\",\"https:\\\/\\\/www.youtube.com\\\/czbzuerich\"]}]}<\/script>\n<!-- \/ Yoast SEO plugin. -->","yoast_head_json":{"title":"Thanksgiving 2025 - buchegg.church","robots":{"index":"index","follow":"follow","max-snippet":"max-snippet:-1","max-image-preview":"max-image-preview:large","max-video-preview":"max-video-preview:-1"},"canonical":"https:\/\/www.buchegg.church\/es\/thanksgiving\/","og_locale":"es_ES","og_type":"article","og_title":"Thanksgiving 2025 - buchegg.church","og_description":"[vc_row][vc_column][\/vc_column][\/vc_row][mk_page_section bg_image=\u00bbhttps:\/\/www.buchegg.church\/wp-content\/uploads\/20250930_thanksgiving-2025_screen.jpg\u00bb bg_color=\u00bb#000000&#8243; attachment=\u00bbfixed\u00bb bg_position=\u00bbcenter top\u00bb bg_repeat=\u00bbno-repeat\u00bb bg_stretch=\u00bbtrue\u00bb min_height=\u00bb500&#8243; full_width=\u00bbtrue\u00bb full_height=\u00bbtrue\u00bb padding_top=\u00bb0&#8243; sidebar=\u00bbsidebar-1&#8243;][vc_column][mk_padding_divider size=\u00bb150&#8243;][\/vc_column][\/mk_page_section][mk_page_section attachment=\u00bbfixed\u00bb bg_position=\u00bbcenter top\u00bb bg_repeat=\u00bbno-repeat\u00bb bg_stretch=\u00bbtrue\u00bb min_height=\u00bb200&#8243; section_id=\u00bbanmeldung\u00bb sidebar=\u00bbsidebar-1&#8243;][vc_column][mk_fancy_title size=\u00bb35&#8243; force_font_size=\u00bbtrue\u00bb size_tablet=\u00bb35&#8243; size_phone=\u00bb35&#8243; font_weight=\u00bb600&#8243; margin_top=\u00bb20&#8243; margin_bottom=\u00bb0&#8243; font_family=\u00bbnone\u00bb]Cordial invitaci\u00f3n[\/mk_fancy_title][vc_column_text css=\u00bb.vc_custom_1759416380516{margin-bottom: 0px !important;}\u00bb]Estimados empleados y empleadas Es un placer para nosotros invitaros a nuestro D\u00eda de Acci\u00f3n de Gracias 2025. Con vuestro compromiso y [&hellip;]","og_url":"https:\/\/www.buchegg.church\/es\/thanksgiving\/","og_site_name":"buchegg.church","article_publisher":"https:\/\/www.facebook.com\/buchegg","article_modified_time":"2025-11-10T08:41:10+00:00","twitter_card":"summary_large_image","twitter_misc":{"Tiempo de lectura":"2 minutos"},"schema":{"@context":"https:\/\/schema.org","@graph":[{"@type":"WebPage","@id":"https:\/\/www.buchegg.church\/es\/thanksgiving\/","url":"https:\/\/www.buchegg.church\/es\/thanksgiving\/","name":"Thanksgiving 2025 - buchegg.church","isPartOf":{"@id":"https:\/\/www.buchegg.church\/#website"},"datePublished":"2023-10-27T07:28:11+00:00","dateModified":"2025-11-10T08:41:10+00:00","breadcrumb":{"@id":"https:\/\/www.buchegg.church\/es\/thanksgiving\/#breadcrumb"},"inLanguage":"es","potentialAction":[{"@type":"ReadAction","target":["https:\/\/www.buchegg.church\/es\/thanksgiving\/"]}]},{"@type":"BreadcrumbList","@id":"https:\/\/www.buchegg.church\/es\/thanksgiving\/#breadcrumb","itemListElement":[{"@type":"ListItem","position":1,"name":"Startseite","item":"https:\/\/www.buchegg.church\/es\/"},{"@type":"ListItem","position":2,"name":"Thanksgiving 2025"}]},{"@type":"WebSite","@id":"https:\/\/www.buchegg.church\/#website","url":"https:\/\/www.buchegg.church\/","name":"buchegg.church","description":"","publisher":{"@id":"https:\/\/www.buchegg.church\/#organization"},"potentialAction":[{"@type":"SearchAction","target":{"@type":"EntryPoint","urlTemplate":"https:\/\/www.buchegg.church\/?s={search_term_string}"},"query-input":{"@type":"PropertyValueSpecification","valueRequired":true,"valueName":"search_term_string"}}],"inLanguage":"es"},{"@type":"Organization","@id":"https:\/\/www.buchegg.church\/#organization","name":"Buchegg Church","url":"https:\/\/www.buchegg.church\/","logo":{"@type":"ImageObject","inLanguage":"es","@id":"https:\/\/www.buchegg.church\/#\/schema\/logo\/image\/","url":"https:\/\/www.buchegg.church\/wp-content\/uploads\/buchegg.png","contentUrl":"https:\/\/www.buchegg.church\/wp-content\/uploads\/buchegg.png","width":751,"height":180,"caption":"Buchegg Church"},"image":{"@id":"https:\/\/www.buchegg.church\/#\/schema\/logo\/image\/"},"sameAs":["https:\/\/www.facebook.com\/buchegg","https:\/\/www.instagram.com\/buchegg_church","https:\/\/www.youtube.com\/czbzuerich"]}]}},"_links":{"self":[{"href":"https:\/\/www.buchegg.church\/es\/wp-json\/wp\/v2\/pages\/4931326","targetHints":{"allow":["GET"]}}],"collection":[{"href":"https:\/\/www.buchegg.church\/es\/wp-json\/wp\/v2\/pages"}],"about":[{"href":"https:\/\/www.buchegg.church\/es\/wp-json\/wp\/v2\/types\/page"}],"author":[{"embeddable":true,"href":"https:\/\/www.buchegg.church\/es\/wp-json\/wp\/v2\/users\/4"}],"replies":[{"embeddable":true,"href":"https:\/\/www.buchegg.church\/es\/wp-json\/wp\/v2\/comments?post=4931326"}],"version-history":[{"count":15,"href":"https:\/\/www.buchegg.church\/es\/wp-json\/wp\/v2\/pages\/4931326\/revisions"}],"predecessor-version":[{"id":5146614,"href":"https:\/\/www.buchegg.church\/es\/wp-json\/wp\/v2\/pages\/4931326\/revisions\/5146614"}],"wp:attachment":[{"href":"https:\/\/www.buchegg.church\/es\/wp-json\/wp\/v2\/media?parent=4931326"}],"curies":[{"name":"wp","href":"https:\/\/api.w.org\/{rel}","templated":true}]}}