{"id":4914572,"date":"2023-08-28T17:55:03","date_gmt":"2023-08-28T15:55:03","guid":{"rendered":"https:\/\/www.buchegg.church\/?page_id=4914572"},"modified":"2026-01-22T16:35:01","modified_gmt":"2026-01-22T15:35:01","slug":"refresh","status":"publish","type":"page","link":"https:\/\/www.buchegg.church\/es\/refresh\/","title":{"rendered":"Refresh"},"content":{"rendered":"<div class=\"wpb-content-wrapper\">[vc_row][vc_column][\/vc_column][\/vc_row][mk_page_section bg_image=\u00bbhttps:\/\/www.buchegg.church\/wp-content\/uploads\/eheseminar_es_nur-titel.jpg\u00bb bg_color=\u00bb#000000&#8243; attachment=\u00bbfixed\u00bb bg_position=\u00bbcenter top\u00bb bg_repeat=\u00bbno-repeat\u00bb bg_stretch=\u00bbtrue\u00bb min_height=\u00bb500&#8243; full_width=\u00bbtrue\u00bb full_height=\u00bbtrue\u00bb padding_top=\u00bb0&#8243; sidebar=\u00bbsidebar-1&#8243;][vc_column][mk_fancy_title color=\u00bb#ffffff\u00bb size=\u00bb70&#8243; force_font_size=\u00bbtrue\u00bb size_tablet=\u00bb60&#8243; size_phone=\u00bb40&#8243; font_weight=\u00bb600&#8243; txt_transform=\u00bbuppercase\u00bb letter_spacing=\u00bb3&#8243; margin_top=\u00bb200&#8243; margin_bottom=\u00bb0&#8243; font_family=\u00bbnone\u00bb align=\u00bbcenter\u00bb]Gracia para el camino[\/mk_fancy_title][mk_fancy_title color=\u00bb#ffffff\u00bb size=\u00bb35&#8243; force_font_size=\u00bbtrue\u00bb size_tablet=\u00bb30&#8243; size_phone=\u00bb25&#8243; font_weight=\u00bb300&#8243; font_style=\u00bbitalic\u00bb font_family=\u00bbnone\u00bb align=\u00bbcenter\u00bb]7 de marzo de 2026[\/mk_fancy_title][\/vc_column][\/mk_page_section][vc_row][vc_column][mk_padding_divider][vc_row_inner][vc_column_inner width=\u00bb1\/2&#8243;][mk_image src=\u00bbhttps:\/\/www.buchegg.church\/wp-content\/uploads\/eheseminar_es_mit-datum_qr.jpg\u00bb image_size=\u00bbfull\u00bb][mk_padding_divider size=\u00bb20&#8243;][\/vc_column_inner][vc_column_inner width=\u00bb1\/2&#8243;][vc_column_text css=\u00bb.vc_custom_1769094306616{margin-bottom: 0px !important;}\u00bb]<strong>Pasos saludables para redescubrir tu matrimonio<\/strong><\/p>\n<p>Participa en nuestro seminario, dise\u00f1ado para ayudar a las parejas a volver a conectarse, crecer y dar pasos saludables en su matrimonio. Ya sea que est\u00e9s enfrentando dificultades o simplemente quieras fortalecer tu relaci\u00f3n, esta experiencia ofrece esperanza y \u00e1nimo de forma pr\u00e1ctica.<\/p>\n<p>Desmond &amp; Sandy[\/vc_column_text][mk_padding_divider size=\u00bb20&#8243;][\/vc_column_inner][\/vc_row_inner][vc_row_inner][vc_column_inner width=\u00bb1\/2&#8243;][mk_image src=\u00bbhttps:\/\/www.buchegg.church\/wp-content\/uploads\/mixed-couples-1.jpg\u00bb image_size=\u00bbfull\u00bb][mk_padding_divider size=\u00bb20&#8243;][mk_image src=\u00bbhttps:\/\/www.buchegg.church\/wp-content\/uploads\/mixed-couples-2.jpg\u00bb image_size=\u00bbfull\u00bb][mk_padding_divider size=\u00bb20&#8243;][\/vc_column_inner][vc_column_inner width=\u00bb1\/2&#8243;][mk_padding_divider][mk_button dimension=\u00bbflat\u00bb icon=\u00bbmk-icon-map-marker\u00bb nofollow=\u00bbtrue\u00bb align=\u00bbcenter\u00bb fullwidth=\u00bbtrue\u00bb margin_bottom=\u00bb0&#8243; margin_right=\u00bb0&#8243; bg_color=\u00bbrgba(10,10,10,0.3)\u00bb btn_hover_bg=\u00bbrgba(10,10,10,0.3)\u00bb][\/mk_button][vc_column_text css=\u00bb.vc_custom_1759394732600{margin-bottom: 0px !important;}\u00bb]\n<p style=\"text-align: center;\">Buchegg Church, Sala Grande<\/p>\n[\/vc_column_text][mk_button dimension=\u00bbflat\u00bb icon=\u00bbmk-icon-calendar\u00bb nofollow=\u00bbtrue\u00bb align=\u00bbcenter\u00bb fullwidth=\u00bbtrue\u00bb bg_color=\u00bbrgba(10,10,10,0.3)\u00bb btn_hover_bg=\u00bbrgba(0,0,0,0.3)\u00bb][\/mk_button][vc_column_text css=\u00bb.vc_custom_1769094221937{margin-bottom: 0px !important;}\u00bb]\n<p style=\"text-align: center;\">7 de marzo de 2026<\/p>\n[\/vc_column_text][mk_button dimension=\u00bbflat\u00bb icon=\u00bbmk-icon-clock-o\u00bb nofollow=\u00bbtrue\u00bb align=\u00bbcenter\u00bb fullwidth=\u00bbtrue\u00bb bg_color=\u00bbrgba(10,10,10,0.3)\u00bb btn_hover_bg=\u00bbrgba(10,10,10,0.3)\u00bb][\/mk_button][vc_column_text css=\u00bb.vc_custom_1759394808112{margin-bottom: 0px !important;}\u00bb]\n<p style=\"text-align: center;\">14:00 \u2013 18:00 horas<\/p>\n[\/vc_column_text][mk_button dimension=\u00bbflat\u00bb icon=\u00bbmk-li-users\u00bb nofollow=\u00bbtrue\u00bb align=\u00bbcenter\u00bb fullwidth=\u00bbtrue\u00bb bg_color=\u00bbrgba(10,10,10,0.3)\u00bb btn_hover_bg=\u00bbrgba(10,10,10,0.3)\u00bb][\/mk_button][vc_column_text css=\u00bb.vc_custom_1660746840803{margin-bottom: 0px !important;}\u00bb]\n<p style=\"text-align: center;\">Desmond &amp; Sandy Frey<\/p>\n[\/vc_column_text][mk_padding_divider size=\u00bb20&#8243;][mk_button dimension=\u00bbtwo\u00bb url=\u00bb#inscripci\u00f3n\u00bb]Inscripci\u00f3n[\/mk_button][\/vc_column_inner][\/vc_row_inner][mk_padding_divider][\/vc_column][\/vc_row][vc_row id=\u00bbinscripci\u00f3n\u00bb][vc_column][mk_fancy_title size=\u00bb45&#8243; force_font_size=\u00bbtrue\u00bb size_tablet=\u00bb35&#8243; size_phone=\u00bb35&#8243; font_weight=\u00bb600&#8243; margin_top=\u00bb40&#8243; margin_bottom=\u00bb0&#8243; font_family=\u00bbnone\u00bb align=\u00bbcenter\u00bb]Anmeldung | Registration | Inscripci\u00f3n | Inscri\u00e7\u00e3o[\/mk_fancy_title]\n<div class=\"wpcf7 no-js\" id=\"wpcf7-f201964-o1\" lang=\"de-DE\" dir=\"ltr\" data-wpcf7-id=\"201964\">\n<div class=\"screen-reader-response\"><p role=\"status\" aria-live=\"polite\" aria-atomic=\"true\"><\/p> <ul><\/ul><\/div>\n<form action=\"\/es\/wp-json\/wp\/v2\/pages\/4914572#wpcf7-f201964-o1\" method=\"post\" class=\"wpcf7-form init\" aria-label=\"Kontaktformular\" novalidate=\"novalidate\" data-status=\"init\">\n<fieldset class=\"hidden-fields-container\"><input type=\"hidden\" name=\"_wpcf7\" value=\"201964\" \/><input type=\"hidden\" name=\"_wpcf7_version\" value=\"6.1.5\" \/><input type=\"hidden\" name=\"_wpcf7_locale\" value=\"de_DE\" \/><input type=\"hidden\" name=\"_wpcf7_unit_tag\" value=\"wpcf7-f201964-o1\" \/><input type=\"hidden\" name=\"_wpcf7_container_post\" value=\"0\" \/><input type=\"hidden\" name=\"_wpcf7_posted_data_hash\" value=\"\" \/><input type=\"hidden\" name=\"_wpcf7_recaptcha_response\" value=\"\" \/>\n<\/fieldset>\n<p><label>Vorname Frau | first name woman | nombre mujer | nome mulher*<br \/>\n<span class=\"wpcf7-form-control-wrap\" data-name=\"Vorname_Frau\"><input size=\"40\" maxlength=\"400\" class=\"wpcf7-form-control wpcf7-text wpcf7-validates-as-required\" aria-required=\"true\" aria-invalid=\"false\" value=\"\" type=\"text\" name=\"Vorname_Frau\" \/><\/span><\/label><br \/>\n<label>Vorname Mann | first name man | nombre marido | nome homem*<br \/>\n<span class=\"wpcf7-form-control-wrap\" data-name=\"Vorname_Mann\"><input size=\"40\" maxlength=\"400\" class=\"wpcf7-form-control wpcf7-text wpcf7-validates-as-required\" aria-required=\"true\" aria-invalid=\"false\" value=\"\" type=\"text\" name=\"Vorname_Mann\" \/><\/span><\/label><br \/>\n<label>Nachname | last name | apellido | sobrenome*<br \/>\n<span class=\"wpcf7-form-control-wrap\" data-name=\"Nachname\"><input size=\"40\" maxlength=\"400\" class=\"wpcf7-form-control wpcf7-text wpcf7-validates-as-required\" aria-required=\"true\" aria-invalid=\"false\" value=\"\" type=\"text\" name=\"Nachname\" \/><\/span><\/label>\n<\/p>\n<p><label>E-Mail | email*<br \/>\n<span class=\"wpcf7-form-control-wrap\" data-name=\"E-Mail\"><input size=\"40\" maxlength=\"400\" class=\"wpcf7-form-control wpcf7-email wpcf7-validates-as-required wpcf7-text wpcf7-validates-as-email\" aria-required=\"true\" aria-invalid=\"false\" value=\"\" type=\"email\" name=\"E-Mail\" \/><\/span><\/label>\n<\/p>\n<p>M\u00fcndliche \u00dcbersetzung gew\u00fcnscht | Oral translation desired | Se desea traducci\u00f3n oral | Tradu\u00e7\u00e3o oral desejada<br \/>\n<span class=\"wpcf7-form-control-wrap\" data-name=\"Sprache_Muendlich\"><select class=\"wpcf7-form-control wpcf7-select\" aria-invalid=\"false\" name=\"Sprache_Muendlich\"><option value=\"\">&#8211; Bitte ausw\u00e4hlen &#8211;<\/option><option value=\"English\">English<\/option><option value=\"Espa\u00f1ol\">Espa\u00f1ol<\/option><option value=\"Fran\u00e7ais\">Fran\u00e7ais<\/option><option value=\"Italiano\">Italiano<\/option><option value=\"Portugu\u00eas\">Portugu\u00eas<\/option><option value=\"\u0441\u0440\u043f\u0441\u043a\u043e-\u0445\u0440\u0432\u0430\u0442\u0441\u043a\u0438\">\u0441\u0440\u043f\u0441\u043a\u043e-\u0445\u0440\u0432\u0430\u0442\u0441\u043a\u0438<\/option><option value=\"\u0420\u0443\u0441\u0441\u043a\u0438\u0439\">\u0420\u0443\u0441\u0441\u043a\u0438\u0439<\/option><option value=\"Tamil\">Tamil<\/option><option value=\"Thai\">Thai<\/option><\/select><\/span>\n<\/p>\n<p><label>Ich w\u00fcnsche die Unterlagen in folgender Sprache | I would like to receive the documents in the following language | Deseo el material impreso en el idioma | Eu gostaria dos documentos no seguinte idioma:*<\/label><br \/>\n<span class=\"wpcf7-form-control-wrap\" data-name=\"Sprache_Unterlagen\"><select class=\"wpcf7-form-control wpcf7-select wpcf7-validates-as-required\" aria-required=\"true\" aria-invalid=\"false\" name=\"Sprache_Unterlagen\"><option value=\"Deutsch\">Deutsch<\/option><option value=\"English\">English<\/option><option value=\"Espa\u00f1ol\">Espa\u00f1ol<\/option><option value=\"Portugu\u00eas\">Portugu\u00eas<\/option><\/select><\/span>\n<\/p>\n<h4>Bemerkungen | comments | observaciones | observa\u00e7\u00f5es:\n<\/h4>\n<p><span class=\"wpcf7-form-control-wrap\" data-name=\"Bemerkungen\"><textarea cols=\"40\" rows=\"3\" maxlength=\"2000\" class=\"wpcf7-form-control wpcf7-textarea\" aria-invalid=\"false\" name=\"Bemerkungen\"><\/textarea><\/span>\n<\/p>\n<p><input class=\"wpcf7-form-control wpcf7-submit has-spinner\" type=\"submit\" value=\"Senden \/ Send \/ Enviar\" \/>\n<\/p><div class=\"wpcf7-response-output\" aria-hidden=\"true\"><\/div>\n<\/form>\n<\/div>\n[mk_padding_divider][\/vc_column][\/vc_row][mk_page_section bg_image=\u00bbhttps:\/\/www.buchegg.church\/wp-content\/uploads\/eheseminar_es_nur-titel.jpg\u00bb attachment=\u00bbfixed\u00bb bg_position=\u00bbcenter top\u00bb bg_repeat=\u00bbno-repeat\u00bb bg_stretch=\u00bbtrue\u00bb min_height=\u00bb400&#8243; sidebar=\u00bbsidebar-1&#8243;][vc_column][\/vc_column][\/mk_page_section]\n<\/div>","protected":false},"excerpt":{"rendered":"<p>[vc_row][vc_column][\/vc_column][\/vc_row][mk_page_section bg_image=\u00bbhttps:\/\/www.buchegg.church\/wp-content\/uploads\/eheseminar_es_nur-titel.jpg\u00bb bg_color=\u00bb#000000&#8243; attachment=\u00bbfixed\u00bb bg_position=\u00bbcenter top\u00bb bg_repeat=\u00bbno-repeat\u00bb bg_stretch=\u00bbtrue\u00bb min_height=\u00bb500&#8243; full_width=\u00bbtrue\u00bb full_height=\u00bbtrue\u00bb padding_top=\u00bb0&#8243; sidebar=\u00bbsidebar-1&#8243;][vc_column][mk_fancy_title color=\u00bb#ffffff\u00bb size=\u00bb70&#8243; force_font_size=\u00bbtrue\u00bb size_tablet=\u00bb60&#8243; size_phone=\u00bb40&#8243; font_weight=\u00bb600&#8243; txt_transform=\u00bbuppercase\u00bb letter_spacing=\u00bb3&#8243; margin_top=\u00bb200&#8243; margin_bottom=\u00bb0&#8243; font_family=\u00bbnone\u00bb align=\u00bbcenter\u00bb]Gracia para el camino[\/mk_fancy_title][mk_fancy_title color=\u00bb#ffffff\u00bb size=\u00bb35&#8243; force_font_size=\u00bbtrue\u00bb size_tablet=\u00bb30&#8243; size_phone=\u00bb25&#8243; font_weight=\u00bb300&#8243; font_style=\u00bbitalic\u00bb font_family=\u00bbnone\u00bb align=\u00bbcenter\u00bb]7 de marzo de 2026[\/mk_fancy_title][\/vc_column][\/mk_page_section][vc_row][vc_column][mk_padding_divider][vc_row_inner][vc_column_inner width=\u00bb1\/2&#8243;][mk_image src=\u00bbhttps:\/\/www.buchegg.church\/wp-content\/uploads\/eheseminar_es_mit-datum_qr.jpg\u00bb image_size=\u00bbfull\u00bb][mk_padding_divider size=\u00bb20&#8243;][\/vc_column_inner][vc_column_inner width=\u00bb1\/2&#8243;][vc_column_text css=\u00bb.vc_custom_1769094306616{margin-bottom: 0px !important;}\u00bb]Pasos saludables para redescubrir tu matrimonio Participa [&hellip;]<\/p>\n","protected":false},"author":4,"featured_media":0,"parent":0,"menu_order":0,"comment_status":"closed","ping_status":"closed","template":"","meta":{"footnotes":""},"class_list":["post-4914572","page","type-page","status-publish","hentry"],"yoast_head":"<!-- This site is optimized with the Yoast SEO plugin v27.4 - https:\/\/yoast.com\/product\/yoast-seo-wordpress\/ -->\n<title>Refresh - buchegg.church<\/title>\n<meta name=\"robots\" content=\"index, follow, max-snippet:-1, max-image-preview:large, max-video-preview:-1\" \/>\n<link rel=\"canonical\" href=\"https:\/\/www.buchegg.church\/es\/refresh\/\" \/>\n<meta property=\"og:locale\" content=\"es_ES\" \/>\n<meta property=\"og:type\" content=\"article\" \/>\n<meta property=\"og:title\" content=\"Refresh - buchegg.church\" \/>\n<meta property=\"og:description\" content=\"[vc_row][vc_column][\/vc_column][\/vc_row][mk_page_section bg_image=\u00bbhttps:\/\/www.buchegg.church\/wp-content\/uploads\/eheseminar_es_nur-titel.jpg\u00bb bg_color=\u00bb#000000&#8243; attachment=\u00bbfixed\u00bb bg_position=\u00bbcenter top\u00bb bg_repeat=\u00bbno-repeat\u00bb bg_stretch=\u00bbtrue\u00bb min_height=\u00bb500&#8243; full_width=\u00bbtrue\u00bb full_height=\u00bbtrue\u00bb padding_top=\u00bb0&#8243; sidebar=\u00bbsidebar-1&#8243;][vc_column][mk_fancy_title color=\u00bb#ffffff\u00bb size=\u00bb70&#8243; force_font_size=\u00bbtrue\u00bb size_tablet=\u00bb60&#8243; size_phone=\u00bb40&#8243; font_weight=\u00bb600&#8243; txt_transform=\u00bbuppercase\u00bb letter_spacing=\u00bb3&#8243; margin_top=\u00bb200&#8243; margin_bottom=\u00bb0&#8243; font_family=\u00bbnone\u00bb align=\u00bbcenter\u00bb]Gracia para el camino[\/mk_fancy_title][mk_fancy_title color=\u00bb#ffffff\u00bb size=\u00bb35&#8243; force_font_size=\u00bbtrue\u00bb size_tablet=\u00bb30&#8243; size_phone=\u00bb25&#8243; font_weight=\u00bb300&#8243; font_style=\u00bbitalic\u00bb font_family=\u00bbnone\u00bb align=\u00bbcenter\u00bb]7 de marzo de 2026[\/mk_fancy_title][\/vc_column][\/mk_page_section][vc_row][vc_column][mk_padding_divider][vc_row_inner][vc_column_inner width=\u00bb1\/2&#8243;][mk_image src=\u00bbhttps:\/\/www.buchegg.church\/wp-content\/uploads\/eheseminar_es_mit-datum_qr.jpg\u00bb image_size=\u00bbfull\u00bb][mk_padding_divider size=\u00bb20&#8243;][\/vc_column_inner][vc_column_inner width=\u00bb1\/2&#8243;][vc_column_text css=\u00bb.vc_custom_1769094306616{margin-bottom: 0px !important;}\u00bb]Pasos saludables para redescubrir tu matrimonio Participa [&hellip;]\" \/>\n<meta property=\"og:url\" content=\"https:\/\/www.buchegg.church\/es\/refresh\/\" \/>\n<meta property=\"og:site_name\" content=\"buchegg.church\" \/>\n<meta property=\"article:publisher\" content=\"https:\/\/www.facebook.com\/buchegg\" \/>\n<meta property=\"article:modified_time\" content=\"2026-01-22T15:35:01+00:00\" \/>\n<meta name=\"twitter:card\" content=\"summary_large_image\" \/>\n<meta name=\"twitter:label1\" content=\"Tiempo de lectura\" \/>\n\t<meta name=\"twitter:data1\" content=\"2 minutos\" \/>\n<script type=\"application\/ld+json\" class=\"yoast-schema-graph\">{\"@context\":\"https:\\\/\\\/schema.org\",\"@graph\":[{\"@type\":\"WebPage\",\"@id\":\"https:\\\/\\\/www.buchegg.church\\\/es\\\/refresh\\\/\",\"url\":\"https:\\\/\\\/www.buchegg.church\\\/es\\\/refresh\\\/\",\"name\":\"Refresh - buchegg.church\",\"isPartOf\":{\"@id\":\"https:\\\/\\\/www.buchegg.church\\\/#website\"},\"datePublished\":\"2023-08-28T15:55:03+00:00\",\"dateModified\":\"2026-01-22T15:35:01+00:00\",\"breadcrumb\":{\"@id\":\"https:\\\/\\\/www.buchegg.church\\\/es\\\/refresh\\\/#breadcrumb\"},\"inLanguage\":\"es\",\"potentialAction\":[{\"@type\":\"ReadAction\",\"target\":[\"https:\\\/\\\/www.buchegg.church\\\/es\\\/refresh\\\/\"]}]},{\"@type\":\"BreadcrumbList\",\"@id\":\"https:\\\/\\\/www.buchegg.church\\\/es\\\/refresh\\\/#breadcrumb\",\"itemListElement\":[{\"@type\":\"ListItem\",\"position\":1,\"name\":\"Startseite\",\"item\":\"https:\\\/\\\/www.buchegg.church\\\/es\\\/\"},{\"@type\":\"ListItem\",\"position\":2,\"name\":\"Refresh\"}]},{\"@type\":\"WebSite\",\"@id\":\"https:\\\/\\\/www.buchegg.church\\\/#website\",\"url\":\"https:\\\/\\\/www.buchegg.church\\\/\",\"name\":\"buchegg.church\",\"description\":\"\",\"publisher\":{\"@id\":\"https:\\\/\\\/www.buchegg.church\\\/#organization\"},\"potentialAction\":[{\"@type\":\"SearchAction\",\"target\":{\"@type\":\"EntryPoint\",\"urlTemplate\":\"https:\\\/\\\/www.buchegg.church\\\/?s={search_term_string}\"},\"query-input\":{\"@type\":\"PropertyValueSpecification\",\"valueRequired\":true,\"valueName\":\"search_term_string\"}}],\"inLanguage\":\"es\"},{\"@type\":\"Organization\",\"@id\":\"https:\\\/\\\/www.buchegg.church\\\/#organization\",\"name\":\"Buchegg Church\",\"url\":\"https:\\\/\\\/www.buchegg.church\\\/\",\"logo\":{\"@type\":\"ImageObject\",\"inLanguage\":\"es\",\"@id\":\"https:\\\/\\\/www.buchegg.church\\\/#\\\/schema\\\/logo\\\/image\\\/\",\"url\":\"https:\\\/\\\/www.buchegg.church\\\/wp-content\\\/uploads\\\/buchegg.png\",\"contentUrl\":\"https:\\\/\\\/www.buchegg.church\\\/wp-content\\\/uploads\\\/buchegg.png\",\"width\":751,\"height\":180,\"caption\":\"Buchegg Church\"},\"image\":{\"@id\":\"https:\\\/\\\/www.buchegg.church\\\/#\\\/schema\\\/logo\\\/image\\\/\"},\"sameAs\":[\"https:\\\/\\\/www.facebook.com\\\/buchegg\",\"https:\\\/\\\/www.instagram.com\\\/buchegg_church\",\"https:\\\/\\\/www.youtube.com\\\/czbzuerich\"]}]}<\/script>\n<!-- \/ Yoast SEO plugin. -->","yoast_head_json":{"title":"Refresh - buchegg.church","robots":{"index":"index","follow":"follow","max-snippet":"max-snippet:-1","max-image-preview":"max-image-preview:large","max-video-preview":"max-video-preview:-1"},"canonical":"https:\/\/www.buchegg.church\/es\/refresh\/","og_locale":"es_ES","og_type":"article","og_title":"Refresh - buchegg.church","og_description":"[vc_row][vc_column][\/vc_column][\/vc_row][mk_page_section bg_image=\u00bbhttps:\/\/www.buchegg.church\/wp-content\/uploads\/eheseminar_es_nur-titel.jpg\u00bb bg_color=\u00bb#000000&#8243; attachment=\u00bbfixed\u00bb bg_position=\u00bbcenter top\u00bb bg_repeat=\u00bbno-repeat\u00bb bg_stretch=\u00bbtrue\u00bb min_height=\u00bb500&#8243; full_width=\u00bbtrue\u00bb full_height=\u00bbtrue\u00bb padding_top=\u00bb0&#8243; sidebar=\u00bbsidebar-1&#8243;][vc_column][mk_fancy_title color=\u00bb#ffffff\u00bb size=\u00bb70&#8243; force_font_size=\u00bbtrue\u00bb size_tablet=\u00bb60&#8243; size_phone=\u00bb40&#8243; font_weight=\u00bb600&#8243; txt_transform=\u00bbuppercase\u00bb letter_spacing=\u00bb3&#8243; margin_top=\u00bb200&#8243; margin_bottom=\u00bb0&#8243; font_family=\u00bbnone\u00bb align=\u00bbcenter\u00bb]Gracia para el camino[\/mk_fancy_title][mk_fancy_title color=\u00bb#ffffff\u00bb size=\u00bb35&#8243; force_font_size=\u00bbtrue\u00bb size_tablet=\u00bb30&#8243; size_phone=\u00bb25&#8243; font_weight=\u00bb300&#8243; font_style=\u00bbitalic\u00bb font_family=\u00bbnone\u00bb align=\u00bbcenter\u00bb]7 de marzo de 2026[\/mk_fancy_title][\/vc_column][\/mk_page_section][vc_row][vc_column][mk_padding_divider][vc_row_inner][vc_column_inner width=\u00bb1\/2&#8243;][mk_image src=\u00bbhttps:\/\/www.buchegg.church\/wp-content\/uploads\/eheseminar_es_mit-datum_qr.jpg\u00bb image_size=\u00bbfull\u00bb][mk_padding_divider size=\u00bb20&#8243;][\/vc_column_inner][vc_column_inner width=\u00bb1\/2&#8243;][vc_column_text css=\u00bb.vc_custom_1769094306616{margin-bottom: 0px !important;}\u00bb]Pasos saludables para redescubrir tu matrimonio Participa [&hellip;]","og_url":"https:\/\/www.buchegg.church\/es\/refresh\/","og_site_name":"buchegg.church","article_publisher":"https:\/\/www.facebook.com\/buchegg","article_modified_time":"2026-01-22T15:35:01+00:00","twitter_card":"summary_large_image","twitter_misc":{"Tiempo de lectura":"2 minutos"},"schema":{"@context":"https:\/\/schema.org","@graph":[{"@type":"WebPage","@id":"https:\/\/www.buchegg.church\/es\/refresh\/","url":"https:\/\/www.buchegg.church\/es\/refresh\/","name":"Refresh - buchegg.church","isPartOf":{"@id":"https:\/\/www.buchegg.church\/#website"},"datePublished":"2023-08-28T15:55:03+00:00","dateModified":"2026-01-22T15:35:01+00:00","breadcrumb":{"@id":"https:\/\/www.buchegg.church\/es\/refresh\/#breadcrumb"},"inLanguage":"es","potentialAction":[{"@type":"ReadAction","target":["https:\/\/www.buchegg.church\/es\/refresh\/"]}]},{"@type":"BreadcrumbList","@id":"https:\/\/www.buchegg.church\/es\/refresh\/#breadcrumb","itemListElement":[{"@type":"ListItem","position":1,"name":"Startseite","item":"https:\/\/www.buchegg.church\/es\/"},{"@type":"ListItem","position":2,"name":"Refresh"}]},{"@type":"WebSite","@id":"https:\/\/www.buchegg.church\/#website","url":"https:\/\/www.buchegg.church\/","name":"buchegg.church","description":"","publisher":{"@id":"https:\/\/www.buchegg.church\/#organization"},"potentialAction":[{"@type":"SearchAction","target":{"@type":"EntryPoint","urlTemplate":"https:\/\/www.buchegg.church\/?s={search_term_string}"},"query-input":{"@type":"PropertyValueSpecification","valueRequired":true,"valueName":"search_term_string"}}],"inLanguage":"es"},{"@type":"Organization","@id":"https:\/\/www.buchegg.church\/#organization","name":"Buchegg Church","url":"https:\/\/www.buchegg.church\/","logo":{"@type":"ImageObject","inLanguage":"es","@id":"https:\/\/www.buchegg.church\/#\/schema\/logo\/image\/","url":"https:\/\/www.buchegg.church\/wp-content\/uploads\/buchegg.png","contentUrl":"https:\/\/www.buchegg.church\/wp-content\/uploads\/buchegg.png","width":751,"height":180,"caption":"Buchegg Church"},"image":{"@id":"https:\/\/www.buchegg.church\/#\/schema\/logo\/image\/"},"sameAs":["https:\/\/www.facebook.com\/buchegg","https:\/\/www.instagram.com\/buchegg_church","https:\/\/www.youtube.com\/czbzuerich"]}]}},"_links":{"self":[{"href":"https:\/\/www.buchegg.church\/es\/wp-json\/wp\/v2\/pages\/4914572","targetHints":{"allow":["GET"]}}],"collection":[{"href":"https:\/\/www.buchegg.church\/es\/wp-json\/wp\/v2\/pages"}],"about":[{"href":"https:\/\/www.buchegg.church\/es\/wp-json\/wp\/v2\/types\/page"}],"author":[{"embeddable":true,"href":"https:\/\/www.buchegg.church\/es\/wp-json\/wp\/v2\/users\/4"}],"replies":[{"embeddable":true,"href":"https:\/\/www.buchegg.church\/es\/wp-json\/wp\/v2\/comments?post=4914572"}],"version-history":[{"count":20,"href":"https:\/\/www.buchegg.church\/es\/wp-json\/wp\/v2\/pages\/4914572\/revisions"}],"predecessor-version":[{"id":5174942,"href":"https:\/\/www.buchegg.church\/es\/wp-json\/wp\/v2\/pages\/4914572\/revisions\/5174942"}],"wp:attachment":[{"href":"https:\/\/www.buchegg.church\/es\/wp-json\/wp\/v2\/media?parent=4914572"}],"curies":[{"name":"wp","href":"https:\/\/api.w.org\/{rel}","templated":true}]}}