{"id":35748,"date":"2018-02-15T11:42:06","date_gmt":"2018-02-15T10:42:06","guid":{"rendered":"https:\/\/www.buchegg.church\/?page_id=35748"},"modified":"2025-01-23T08:40:25","modified_gmt":"2025-01-23T07:40:25","slug":"live","status":"publish","type":"page","link":"https:\/\/www.buchegg.church\/es\/live\/","title":{"rendered":"Live"},"content":{"rendered":"<div class=\"wpb-content-wrapper\">[mk_page_section bg_image=\u00bb\/wp-content\/uploads\/live.jpg\u00bb bg_color=\u00bb#000000&#8243; attachment=\u00bbfixed\u00bb bg_position=\u00bbcenter top\u00bb bg_repeat=\u00bbno-repeat\u00bb bg_stretch=\u00bbtrue\u00bb min_height=\u00bb500&#8243; full_width=\u00bbtrue\u00bb padding_top=\u00bb0&#8243; sidebar=\u00bbsidebar-1&#8243;][vc_column][mk_fancy_title color=\u00bb#ffffff\u00bb size=\u00bb70&#8243; force_font_size=\u00bbtrue\u00bb size_tablet=\u00bb60&#8243; size_phone=\u00bb40&#8243; font_weight=\u00bb600&#8243; txt_transform=\u00bbuppercase\u00bb letter_spacing=\u00bb3&#8243; margin_top=\u00bb200&#8243; margin_bottom=\u00bb0&#8243; font_family=\u00bbnone\u00bb align=\u00bbcenter\u00bb]Transmisi\u00f3n en vivo[\/mk_fancy_title][mk_fancy_title color=\u00bb#ffffff\u00bb size=\u00bb35&#8243; force_font_size=\u00bbtrue\u00bb size_tablet=\u00bb30&#8243; size_phone=\u00bb25&#8243; font_weight=\u00bb300&#8243; font_style=\u00bbitalic\u00bb font_family=\u00bbnone\u00bb align=\u00bbcenter\u00bb]Asiste aunque no puedas llegar.[\/mk_fancy_title][\/vc_column][\/mk_page_section][vc_row id=\u00bbwas-dich-erwartet\u00bb][vc_column width=\u00bb1\/6&#8243;][\/vc_column][vc_column width=\u00bb2\/3&#8243;][mk_fancy_title size=\u00bb45&#8243; force_font_size=\u00bbtrue\u00bb size_tablet=\u00bb35&#8243; size_phone=\u00bb35&#8243; font_weight=\u00bb600&#8243; margin_top=\u00bb40&#8243; margin_bottom=\u00bb0&#8243; font_family=\u00bbnone\u00bb align=\u00bbcenter\u00bb]Transmisi\u00f3n en vivo[\/mk_fancy_title]<div class=\"wpb_video_widget\">    <div class=\"wpb_wrapper\">        <div class=\"video-container \" data-id=\"9\" data-source=\"social_hosted\" data-autoplay=\"1\" data-loop=\"0\" data-target=\"lightbox\" itemprop=\"video\" itemtype=\"https:\/\/schema.org\/VideoObject\" >        <div class=\"video-player\">                <iframe loading=\"lazy\" width=\"1140\" height=\"641\" src=\"https:\/\/www.youtube.com\/embed\/live_stream?rel=0&showinfo=0&modestbranding=1&channel=UCOUK3TMjNp9KHkPO0TQIbWQ\" frameborder=\"0\" allow=\"autoplay; encrypted-media\" allowfullscreen><\/iframe>           <\/div>        <\/div>    <\/div><\/div>\n[mk_padding_divider][vc_column_text css=\u00bb.vc_custom_1615390955174{margin-bottom: 0px !important;}\u00bb]\n<p style=\"text-align: center;\"><a href=\"https:\/\/www.buchegg.church\/es\/connect\/\">Connect Card<\/a><\/p>\n[\/vc_column_text][vc_column_text css=\u00bb.vc_custom_1595336179723{margin-bottom: 0px !important;}\u00bb]\n<p style=\"text-align: center;\">A las 16:00 h transmisi\u00f3n en vivo <a href=\"https:\/\/www.facebook.com\/buchegg.latinos\" target=\"_blank\" rel=\"noopener noreferrer\">en Facebook<\/a>, archivo <a href=\"https:\/\/www.youtube.com\/channel\/UCGPMq7ABfjnnhnv5ybuv4GQ\/playlists\" target=\"_blank\" rel=\"noopener noreferrer\">en YouTube<\/a><\/p>\n[\/vc_column_text][mk_padding_divider][vc_row_inner][vc_column_inner][vc_single_image image=\u00bb346426&#8243; img_size=\u00bbfull\u00bb alignment=\u00bbcenter\u00bb][vc_column_text css=\u00bb.vc_custom_1737368141418{margin-bottom: 0px !important;}\u00bb]\n<p style=\"text-align: center;\">Encontrar\u00e1 los v\u00eddeos de los servicios para ni\u00f1os en nuestro <a href=\"https:\/\/www.youtube.com\/user\/czbzuerich\" target=\"_blank\" rel=\"noopener\">canal de YouTube<\/a>, en la lista de reproducci\u00f3n \u00ab<a href=\"https:\/\/www.youtube.com\/playlist?list=PLEAT1-3PvOT3NiaATCkIOe1hp_LXm2JJc\" target=\"_blank\" rel=\"noopener\">Mini servicios para ni\u00f1os (de 3 a 6 a\u00f1os) <\/a>\u00bb and \u00ab<a href=\"https:\/\/www.youtube.com\/playlist?list=PLEAT1-3PvOT3_gOCkcXKRHE5CA2H_siLO\" target=\"_blank\" rel=\"noopener\">Servicios para ni\u00f1os (de 1\u00ba a 5\u00ba curso)<\/a>\u00bb. \u00a1Le deseamos mucha diversi\u00f3n!<\/p>\n[\/vc_column_text][\/vc_column_inner][\/vc_row_inner][mk_padding_divider][\/vc_column][\/vc_row][mk_page_section bg_image=\u00bb\/wp-content\/uploads\/live.jpg\u00bb attachment=\u00bbfixed\u00bb bg_position=\u00bbcenter top\u00bb bg_repeat=\u00bbno-repeat\u00bb bg_stretch=\u00bbtrue\u00bb min_height=\u00bb400&#8243; sidebar=\u00bbsidebar-1&#8243;][vc_column][\/vc_column][\/mk_page_section]\n<\/div>","protected":false},"excerpt":{"rendered":"<p>[mk_page_section bg_image=\u00bb\/wp-content\/uploads\/live.jpg\u00bb bg_color=\u00bb#000000&#8243; attachment=\u00bbfixed\u00bb bg_position=\u00bbcenter top\u00bb bg_repeat=\u00bbno-repeat\u00bb bg_stretch=\u00bbtrue\u00bb min_height=\u00bb500&#8243; full_width=\u00bbtrue\u00bb padding_top=\u00bb0&#8243; sidebar=\u00bbsidebar-1&#8243;][vc_column][mk_fancy_title color=\u00bb#ffffff\u00bb size=\u00bb70&#8243; force_font_size=\u00bbtrue\u00bb size_tablet=\u00bb60&#8243; size_phone=\u00bb40&#8243; font_weight=\u00bb600&#8243; txt_transform=\u00bbuppercase\u00bb letter_spacing=\u00bb3&#8243; margin_top=\u00bb200&#8243; margin_bottom=\u00bb0&#8243; font_family=\u00bbnone\u00bb align=\u00bbcenter\u00bb]Transmisi\u00f3n en vivo[\/mk_fancy_title][mk_fancy_title color=\u00bb#ffffff\u00bb size=\u00bb35&#8243; force_font_size=\u00bbtrue\u00bb size_tablet=\u00bb30&#8243; size_phone=\u00bb25&#8243; font_weight=\u00bb300&#8243; font_style=\u00bbitalic\u00bb font_family=\u00bbnone\u00bb align=\u00bbcenter\u00bb]Asiste aunque no puedas llegar.[\/mk_fancy_title][\/vc_column][\/mk_page_section][vc_row id=\u00bbwas-dich-erwartet\u00bb][vc_column width=\u00bb1\/6&#8243;][\/vc_column][vc_column width=\u00bb2\/3&#8243;][mk_fancy_title size=\u00bb45&#8243; force_font_size=\u00bbtrue\u00bb size_tablet=\u00bb35&#8243; size_phone=\u00bb35&#8243; font_weight=\u00bb600&#8243; margin_top=\u00bb40&#8243; margin_bottom=\u00bb0&#8243; font_family=\u00bbnone\u00bb align=\u00bbcenter\u00bb]Transmisi\u00f3n en vivo[\/mk_fancy_title][mk_padding_divider][vc_column_text css=\u00bb.vc_custom_1615390955174{margin-bottom: 0px [&hellip;]<\/p>\n","protected":false},"author":4,"featured_media":0,"parent":0,"menu_order":0,"comment_status":"closed","ping_status":"closed","template":"","meta":{"footnotes":""},"class_list":["post-35748","page","type-page","status-publish","hentry"],"yoast_head":"<!-- This site is optimized with the Yoast SEO plugin v27.5 - https:\/\/yoast.com\/product\/yoast-seo-wordpress\/ -->\n<title>Live - buchegg.church<\/title>\n<meta name=\"robots\" content=\"index, follow, max-snippet:-1, max-image-preview:large, max-video-preview:-1\" \/>\n<link rel=\"canonical\" href=\"https:\/\/www.buchegg.church\/es\/live\/\" \/>\n<meta property=\"og:locale\" content=\"es_ES\" \/>\n<meta property=\"og:type\" content=\"article\" \/>\n<meta property=\"og:title\" content=\"Live - buchegg.church\" \/>\n<meta property=\"og:description\" content=\"[mk_page_section bg_image=\u00bb\/wp-content\/uploads\/live.jpg\u00bb bg_color=\u00bb#000000&#8243; attachment=\u00bbfixed\u00bb bg_position=\u00bbcenter top\u00bb bg_repeat=\u00bbno-repeat\u00bb bg_stretch=\u00bbtrue\u00bb min_height=\u00bb500&#8243; full_width=\u00bbtrue\u00bb padding_top=\u00bb0&#8243; sidebar=\u00bbsidebar-1&#8243;][vc_column][mk_fancy_title color=\u00bb#ffffff\u00bb size=\u00bb70&#8243; force_font_size=\u00bbtrue\u00bb size_tablet=\u00bb60&#8243; size_phone=\u00bb40&#8243; font_weight=\u00bb600&#8243; txt_transform=\u00bbuppercase\u00bb letter_spacing=\u00bb3&#8243; margin_top=\u00bb200&#8243; margin_bottom=\u00bb0&#8243; font_family=\u00bbnone\u00bb align=\u00bbcenter\u00bb]Transmisi\u00f3n en vivo[\/mk_fancy_title][mk_fancy_title color=\u00bb#ffffff\u00bb size=\u00bb35&#8243; force_font_size=\u00bbtrue\u00bb size_tablet=\u00bb30&#8243; size_phone=\u00bb25&#8243; font_weight=\u00bb300&#8243; font_style=\u00bbitalic\u00bb font_family=\u00bbnone\u00bb align=\u00bbcenter\u00bb]Asiste aunque no puedas llegar.[\/mk_fancy_title][\/vc_column][\/mk_page_section][vc_row id=\u00bbwas-dich-erwartet\u00bb][vc_column width=\u00bb1\/6&#8243;][\/vc_column][vc_column width=\u00bb2\/3&#8243;][mk_fancy_title size=\u00bb45&#8243; force_font_size=\u00bbtrue\u00bb size_tablet=\u00bb35&#8243; size_phone=\u00bb35&#8243; font_weight=\u00bb600&#8243; margin_top=\u00bb40&#8243; margin_bottom=\u00bb0&#8243; font_family=\u00bbnone\u00bb align=\u00bbcenter\u00bb]Transmisi\u00f3n en vivo[\/mk_fancy_title][mk_padding_divider][vc_column_text css=\u00bb.vc_custom_1615390955174{margin-bottom: 0px [&hellip;]\" \/>\n<meta property=\"og:url\" content=\"https:\/\/www.buchegg.church\/es\/live\/\" \/>\n<meta property=\"og:site_name\" content=\"buchegg.church\" \/>\n<meta property=\"article:publisher\" content=\"https:\/\/www.facebook.com\/buchegg\" \/>\n<meta property=\"article:modified_time\" content=\"2025-01-23T07:40:25+00:00\" \/>\n<meta name=\"twitter:card\" content=\"summary_large_image\" \/>\n<meta name=\"twitter:label1\" content=\"Tiempo de lectura\" \/>\n\t<meta name=\"twitter:data1\" content=\"1 minuto\" \/>\n<script type=\"application\/ld+json\" class=\"yoast-schema-graph\">{\"@context\":\"https:\\\/\\\/schema.org\",\"@graph\":[{\"@type\":\"WebPage\",\"@id\":\"https:\\\/\\\/www.buchegg.church\\\/es\\\/live\\\/\",\"url\":\"https:\\\/\\\/www.buchegg.church\\\/es\\\/live\\\/\",\"name\":\"Live - buchegg.church\",\"isPartOf\":{\"@id\":\"https:\\\/\\\/www.buchegg.church\\\/#website\"},\"datePublished\":\"2018-02-15T10:42:06+00:00\",\"dateModified\":\"2025-01-23T07:40:25+00:00\",\"breadcrumb\":{\"@id\":\"https:\\\/\\\/www.buchegg.church\\\/es\\\/live\\\/#breadcrumb\"},\"inLanguage\":\"es\",\"potentialAction\":[{\"@type\":\"ReadAction\",\"target\":[\"https:\\\/\\\/www.buchegg.church\\\/es\\\/live\\\/\"]}]},{\"@type\":\"BreadcrumbList\",\"@id\":\"https:\\\/\\\/www.buchegg.church\\\/es\\\/live\\\/#breadcrumb\",\"itemListElement\":[{\"@type\":\"ListItem\",\"position\":1,\"name\":\"Startseite\",\"item\":\"https:\\\/\\\/www.buchegg.church\\\/es\\\/\"},{\"@type\":\"ListItem\",\"position\":2,\"name\":\"Live\"}]},{\"@type\":\"WebSite\",\"@id\":\"https:\\\/\\\/www.buchegg.church\\\/#website\",\"url\":\"https:\\\/\\\/www.buchegg.church\\\/\",\"name\":\"buchegg.church\",\"description\":\"\",\"publisher\":{\"@id\":\"https:\\\/\\\/www.buchegg.church\\\/#organization\"},\"potentialAction\":[{\"@type\":\"SearchAction\",\"target\":{\"@type\":\"EntryPoint\",\"urlTemplate\":\"https:\\\/\\\/www.buchegg.church\\\/?s={search_term_string}\"},\"query-input\":{\"@type\":\"PropertyValueSpecification\",\"valueRequired\":true,\"valueName\":\"search_term_string\"}}],\"inLanguage\":\"es\"},{\"@type\":\"Organization\",\"@id\":\"https:\\\/\\\/www.buchegg.church\\\/#organization\",\"name\":\"Buchegg Church\",\"url\":\"https:\\\/\\\/www.buchegg.church\\\/\",\"logo\":{\"@type\":\"ImageObject\",\"inLanguage\":\"es\",\"@id\":\"https:\\\/\\\/www.buchegg.church\\\/#\\\/schema\\\/logo\\\/image\\\/\",\"url\":\"https:\\\/\\\/www.buchegg.church\\\/wp-content\\\/uploads\\\/buchegg.png\",\"contentUrl\":\"https:\\\/\\\/www.buchegg.church\\\/wp-content\\\/uploads\\\/buchegg.png\",\"width\":751,\"height\":180,\"caption\":\"Buchegg Church\"},\"image\":{\"@id\":\"https:\\\/\\\/www.buchegg.church\\\/#\\\/schema\\\/logo\\\/image\\\/\"},\"sameAs\":[\"https:\\\/\\\/www.facebook.com\\\/buchegg\",\"https:\\\/\\\/www.instagram.com\\\/buchegg_church\",\"https:\\\/\\\/www.youtube.com\\\/czbzuerich\"]}]}<\/script>\n<!-- \/ Yoast SEO plugin. -->","yoast_head_json":{"title":"Live - buchegg.church","robots":{"index":"index","follow":"follow","max-snippet":"max-snippet:-1","max-image-preview":"max-image-preview:large","max-video-preview":"max-video-preview:-1"},"canonical":"https:\/\/www.buchegg.church\/es\/live\/","og_locale":"es_ES","og_type":"article","og_title":"Live - buchegg.church","og_description":"[mk_page_section bg_image=\u00bb\/wp-content\/uploads\/live.jpg\u00bb bg_color=\u00bb#000000&#8243; attachment=\u00bbfixed\u00bb bg_position=\u00bbcenter top\u00bb bg_repeat=\u00bbno-repeat\u00bb bg_stretch=\u00bbtrue\u00bb min_height=\u00bb500&#8243; full_width=\u00bbtrue\u00bb padding_top=\u00bb0&#8243; sidebar=\u00bbsidebar-1&#8243;][vc_column][mk_fancy_title color=\u00bb#ffffff\u00bb size=\u00bb70&#8243; force_font_size=\u00bbtrue\u00bb size_tablet=\u00bb60&#8243; size_phone=\u00bb40&#8243; font_weight=\u00bb600&#8243; txt_transform=\u00bbuppercase\u00bb letter_spacing=\u00bb3&#8243; margin_top=\u00bb200&#8243; margin_bottom=\u00bb0&#8243; font_family=\u00bbnone\u00bb align=\u00bbcenter\u00bb]Transmisi\u00f3n en vivo[\/mk_fancy_title][mk_fancy_title color=\u00bb#ffffff\u00bb size=\u00bb35&#8243; force_font_size=\u00bbtrue\u00bb size_tablet=\u00bb30&#8243; size_phone=\u00bb25&#8243; font_weight=\u00bb300&#8243; font_style=\u00bbitalic\u00bb font_family=\u00bbnone\u00bb align=\u00bbcenter\u00bb]Asiste aunque no puedas llegar.[\/mk_fancy_title][\/vc_column][\/mk_page_section][vc_row id=\u00bbwas-dich-erwartet\u00bb][vc_column width=\u00bb1\/6&#8243;][\/vc_column][vc_column width=\u00bb2\/3&#8243;][mk_fancy_title size=\u00bb45&#8243; force_font_size=\u00bbtrue\u00bb size_tablet=\u00bb35&#8243; size_phone=\u00bb35&#8243; font_weight=\u00bb600&#8243; margin_top=\u00bb40&#8243; margin_bottom=\u00bb0&#8243; font_family=\u00bbnone\u00bb align=\u00bbcenter\u00bb]Transmisi\u00f3n en vivo[\/mk_fancy_title][mk_padding_divider][vc_column_text css=\u00bb.vc_custom_1615390955174{margin-bottom: 0px [&hellip;]","og_url":"https:\/\/www.buchegg.church\/es\/live\/","og_site_name":"buchegg.church","article_publisher":"https:\/\/www.facebook.com\/buchegg","article_modified_time":"2025-01-23T07:40:25+00:00","twitter_card":"summary_large_image","twitter_misc":{"Tiempo de lectura":"1 minuto"},"schema":{"@context":"https:\/\/schema.org","@graph":[{"@type":"WebPage","@id":"https:\/\/www.buchegg.church\/es\/live\/","url":"https:\/\/www.buchegg.church\/es\/live\/","name":"Live - buchegg.church","isPartOf":{"@id":"https:\/\/www.buchegg.church\/#website"},"datePublished":"2018-02-15T10:42:06+00:00","dateModified":"2025-01-23T07:40:25+00:00","breadcrumb":{"@id":"https:\/\/www.buchegg.church\/es\/live\/#breadcrumb"},"inLanguage":"es","potentialAction":[{"@type":"ReadAction","target":["https:\/\/www.buchegg.church\/es\/live\/"]}]},{"@type":"BreadcrumbList","@id":"https:\/\/www.buchegg.church\/es\/live\/#breadcrumb","itemListElement":[{"@type":"ListItem","position":1,"name":"Startseite","item":"https:\/\/www.buchegg.church\/es\/"},{"@type":"ListItem","position":2,"name":"Live"}]},{"@type":"WebSite","@id":"https:\/\/www.buchegg.church\/#website","url":"https:\/\/www.buchegg.church\/","name":"buchegg.church","description":"","publisher":{"@id":"https:\/\/www.buchegg.church\/#organization"},"potentialAction":[{"@type":"SearchAction","target":{"@type":"EntryPoint","urlTemplate":"https:\/\/www.buchegg.church\/?s={search_term_string}"},"query-input":{"@type":"PropertyValueSpecification","valueRequired":true,"valueName":"search_term_string"}}],"inLanguage":"es"},{"@type":"Organization","@id":"https:\/\/www.buchegg.church\/#organization","name":"Buchegg Church","url":"https:\/\/www.buchegg.church\/","logo":{"@type":"ImageObject","inLanguage":"es","@id":"https:\/\/www.buchegg.church\/#\/schema\/logo\/image\/","url":"https:\/\/www.buchegg.church\/wp-content\/uploads\/buchegg.png","contentUrl":"https:\/\/www.buchegg.church\/wp-content\/uploads\/buchegg.png","width":751,"height":180,"caption":"Buchegg Church"},"image":{"@id":"https:\/\/www.buchegg.church\/#\/schema\/logo\/image\/"},"sameAs":["https:\/\/www.facebook.com\/buchegg","https:\/\/www.instagram.com\/buchegg_church","https:\/\/www.youtube.com\/czbzuerich"]}]}},"_links":{"self":[{"href":"https:\/\/www.buchegg.church\/es\/wp-json\/wp\/v2\/pages\/35748","targetHints":{"allow":["GET"]}}],"collection":[{"href":"https:\/\/www.buchegg.church\/es\/wp-json\/wp\/v2\/pages"}],"about":[{"href":"https:\/\/www.buchegg.church\/es\/wp-json\/wp\/v2\/types\/page"}],"author":[{"embeddable":true,"href":"https:\/\/www.buchegg.church\/es\/wp-json\/wp\/v2\/users\/4"}],"replies":[{"embeddable":true,"href":"https:\/\/www.buchegg.church\/es\/wp-json\/wp\/v2\/comments?post=35748"}],"version-history":[{"count":4,"href":"https:\/\/www.buchegg.church\/es\/wp-json\/wp\/v2\/pages\/35748\/revisions"}],"predecessor-version":[{"id":5059976,"href":"https:\/\/www.buchegg.church\/es\/wp-json\/wp\/v2\/pages\/35748\/revisions\/5059976"}],"wp:attachment":[{"href":"https:\/\/www.buchegg.church\/es\/wp-json\/wp\/v2\/media?parent=35748"}],"curies":[{"name":"wp","href":"https:\/\/api.w.org\/{rel}","templated":true}]}}