{"id":16487,"date":"2018-02-08T14:37:38","date_gmt":"2018-02-08T13:37:38","guid":{"rendered":"https:\/\/www.buchegg.church\/?page_id=16487"},"modified":"2018-06-06T11:56:09","modified_gmt":"2018-06-06T09:56:09","slug":"nuevogrupopequeno","status":"publish","type":"page","link":"https:\/\/www.buchegg.church\/es\/nuevogrupopequeno\/","title":{"rendered":"Nuevo Grupo Peque\u00f1o"},"content":{"rendered":"<div class=\"wpb-content-wrapper\">[vc_row][vc_column][\/vc_column][\/vc_row][mk_page_section bg_image=\u00bb\/wp-content\/uploads\/kleingruppen_top.jpg\u00bb bg_color=\u00bb#000000&#8243; attachment=\u00bbfixed\u00bb bg_position=\u00bbcenter top\u00bb bg_repeat=\u00bbno-repeat\u00bb bg_stretch=\u00bbtrue\u00bb min_height=\u00bb500&#8243; full_width=\u00bbtrue\u00bb padding_top=\u00bb0&#8243; sidebar=\u00bbsidebar-1&#8243;][vc_column][mk_fancy_title color=\u00bb#ffffff\u00bb size=\u00bb70&#8243; force_font_size=\u00bbtrue\u00bb size_tablet=\u00bb60&#8243; size_phone=\u00bb40&#8243; font_weight=\u00bb600&#8243; txt_transform=\u00bbuppercase\u00bb letter_spacing=\u00bb3&#8243; margin_top=\u00bb200&#8243; margin_bottom=\u00bb0&#8243; font_family=\u00bbnone\u00bb align=\u00bbcenter\u00bb]Nuevo Grupo Peque\u00f1o[\/mk_fancy_title][mk_fancy_title color=\u00bb#ffffff\u00bb size=\u00bb35&#8243; force_font_size=\u00bbtrue\u00bb size_tablet=\u00bb30&#8243; size_phone=\u00bb25&#8243; font_weight=\u00bb300&#8243; font_style=\u00bbitalic\u00bb font_family=\u00bbnone\u00bb align=\u00bbcenter\u00bb]Compartir intereses comunes y experimentar a Dios.[\/mk_fancy_title][\/vc_column][\/mk_page_section][vc_row id=\u00bbkleingruppen\u00bb][vc_column][mk_fancy_title size=\u00bb45&#8243; force_font_size=\u00bbtrue\u00bb size_tablet=\u00bb35&#8243; size_phone=\u00bb35&#8243; font_weight=\u00bb600&#8243; margin_top=\u00bb40&#8243; margin_bottom=\u00bb0&#8243; font_family=\u00bbnone\u00bb align=\u00bbcenter\u00bb]Registro nuevo Grupos Peque\u00f1o[\/mk_fancy_title]\n<div class=\"wpcf7 no-js\" id=\"wpcf7-f12277-o1\" lang=\"de-DE\" dir=\"ltr\" data-wpcf7-id=\"12277\">\n<div class=\"screen-reader-response\"><p role=\"status\" aria-live=\"polite\" aria-atomic=\"true\"><\/p> <ul><\/ul><\/div>\n<form action=\"\/es\/wp-json\/wp\/v2\/pages\/16487#wpcf7-f12277-o1\" method=\"post\" class=\"wpcf7-form init\" aria-label=\"Kontaktformular\" novalidate=\"novalidate\" data-status=\"init\">\n<fieldset class=\"hidden-fields-container\"><input type=\"hidden\" name=\"_wpcf7\" value=\"12277\" \/><input type=\"hidden\" name=\"_wpcf7_version\" value=\"6.1.5\" \/><input type=\"hidden\" name=\"_wpcf7_locale\" value=\"de_DE\" \/><input type=\"hidden\" name=\"_wpcf7_unit_tag\" value=\"wpcf7-f12277-o1\" \/><input type=\"hidden\" name=\"_wpcf7_container_post\" value=\"0\" \/><input type=\"hidden\" name=\"_wpcf7_posted_data_hash\" value=\"\" \/><input type=\"hidden\" name=\"_wpcf7_recaptcha_response\" value=\"\" \/>\n<\/fieldset>\n<p><label>Mi nombre y apellido<br \/>\n<span class=\"wpcf7-form-control-wrap\" data-name=\"Name\"><input size=\"40\" maxlength=\"400\" class=\"wpcf7-form-control wpcf7-text wpcf7-validates-as-required\" aria-required=\"true\" aria-invalid=\"false\" value=\"\" type=\"text\" name=\"Name\" \/><\/span><\/label>\n<\/p>\n<p><label>Email<br \/>\n<span class=\"wpcf7-form-control-wrap\" data-name=\"E-Mail\"><input size=\"40\" maxlength=\"400\" class=\"wpcf7-form-control wpcf7-email wpcf7-validates-as-required wpcf7-text wpcf7-validates-as-email\" aria-required=\"true\" aria-invalid=\"false\" value=\"\" type=\"email\" name=\"E-Mail\" \/><\/span><\/label>\n<\/p>\n<p><label>Nombre deseado para el grupo peque\u00f1o<br \/>\n<span class=\"wpcf7-form-control-wrap\" data-name=\"Kleingruppenname\"><input size=\"40\" maxlength=\"400\" class=\"wpcf7-form-control wpcf7-text wpcf7-validates-as-required\" aria-required=\"true\" aria-invalid=\"false\" value=\"\" type=\"text\" name=\"Kleingruppenname\" \/><\/span><\/label>\n<\/p>\n<p><label>Mi grupo peque\u00f1o es parte del siguiente distrito<br \/>\n<span class=\"wpcf7-form-control-wrap\" data-name=\"Gebiet\"><select class=\"wpcf7-form-control wpcf7-select wpcf7-validates-as-required\" aria-required=\"true\" aria-invalid=\"false\" name=\"Gebiet\"><option value=\"\u2013\">\u2013<\/option><option value=\"Distrito Buchegg Norte (Manu Weiss)\">Distrito Buchegg Norte (Manu Weiss)<\/option><option value=\"Distrito Buchegg Sur (Stephan H\u00f6rtig)\">Distrito Buchegg Sur (Stephan H\u00f6rtig)<\/option><option value=\"Distrito Buchegg Fuse (Joel Meier)\">Distrito Buchegg Fuse (Joel Meier)<\/option><option value=\"Distrito Buchegg International (Daniel F\u00fcrst)\">Distrito Buchegg International (Daniel F\u00fcrst)<\/option><option value=\"Distrito Buchegg Latin (Amos Sch\u00fcmperli)\">Distrito Buchegg Latin (Amos Sch\u00fcmperli)<\/option><option value=\"Distrito Buchegg Latin (Andrea Sch\u00fcmperli)\">Distrito Buchegg Latin (Andrea Sch\u00fcmperli)<\/option><option value=\"Distrito Buchegg Tercera Edad (Marco Hofmann)\">Distrito Buchegg Tercera Edad (Marco Hofmann)<\/option><\/select><\/span><\/label>\n<\/p>\n<p><label>Nombre del Lider de Zona<br \/>\n<span class=\"wpcf7-form-control-wrap\" data-name=\"Zonenleiter\"><input size=\"40\" maxlength=\"400\" class=\"wpcf7-form-control wpcf7-text wpcf7-validates-as-required\" aria-required=\"true\" aria-invalid=\"false\" value=\"\" type=\"text\" name=\"Zonenleiter\" \/><\/span><\/label>\n<\/p>\n<p><label>Escribe en 1-2 frases, cual es la meta de tu Grupo Peque\u00f1o (menciona si es necesario, la literatura utilizada, requisitos y costos).<br \/>\n<span class=\"wpcf7-form-control-wrap\" data-name=\"Ziel\"><textarea cols=\"40\" rows=\"10\" maxlength=\"2000\" class=\"wpcf7-form-control wpcf7-textarea\" aria-invalid=\"false\" name=\"Ziel\"><\/textarea><\/span><\/label>\n<\/p>\n<p><label>\u00bfA qu\u00e9 grupo de personas est\u00e1 dirigido tu Grupo Peque\u00f1o?<br \/>\n<span class=\"wpcf7-form-control-wrap\" data-name=\"Zielgruppe\"><select class=\"wpcf7-form-control wpcf7-select wpcf7-validates-as-required\" aria-required=\"true\" aria-invalid=\"false\" name=\"Zielgruppe\"><option value=\"\u2013\">\u2013<\/option><option value=\"Para Todos\">Para Todos<\/option><option value=\"Mujeres\">Mujeres<\/option><option value=\"Hombres\">Hombres<\/option><option value=\"Ni\u00f1os\">Ni\u00f1os<\/option><option value=\"J\u00f3venes (15-23 a\u00f1os)\">J\u00f3venes (15-23 a\u00f1os)<\/option><option value=\"J\u00f3venes adultos\">J\u00f3venes adultos<\/option><option value=\"Matrimonios\">Matrimonios<\/option><option value=\"Familia\">Familia<\/option><option value=\"55+\">55+<\/option><\/select><\/span><\/label>\n<\/p>\n<p><label>Idioma<br \/>\n<span class=\"wpcf7-form-control-wrap\" data-name=\"Sprache\"><select class=\"wpcf7-form-control wpcf7-select wpcf7-validates-as-required\" aria-required=\"true\" aria-invalid=\"false\" name=\"Sprache\"><option value=\"\u2013\">\u2013<\/option><option value=\"Suizo alem\u00e1n\">Suizo alem\u00e1n<\/option><option value=\"Alem\u00e1n\">Alem\u00e1n<\/option><option value=\"Ingl\u00e9s\">Ingl\u00e9s<\/option><option value=\"Franc\u00e9s\">Franc\u00e9s<\/option><option value=\"Italiano\">Italiano<\/option><option value=\"Filipino\">Filipino<\/option><option value=\"Portugu\u00e9s\">Portugu\u00e9s<\/option><option value=\"Serbocroata\">Serbocroata<\/option><option value=\"Espa\u00f1ol\">Espa\u00f1ol<\/option><option value=\"Tamil\">Tamil<\/option><option value=\"Tailand\u00e9s\">Tailand\u00e9s<\/option><\/select><\/span><\/label>\n<\/p>\n<p><label>Direcci\u00f3n donde se reunir\u00e1n (incl. C\u00f3digo postal + Ciudad)<br \/>\n<span class=\"wpcf7-form-control-wrap\" data-name=\"Treffpunkt\"><textarea cols=\"40\" rows=\"10\" maxlength=\"2000\" class=\"wpcf7-form-control wpcf7-textarea\" aria-invalid=\"false\" name=\"Treffpunkt\"><\/textarea><\/span><\/label>\n<\/p>\n<p><label>D\u00eda de la semana<br \/>\n<span class=\"wpcf7-form-control-wrap\" data-name=\"Wochentag\"><select class=\"wpcf7-form-control wpcf7-select wpcf7-validates-as-required\" aria-required=\"true\" aria-invalid=\"false\" name=\"Wochentag\"><option value=\"\u2013\">\u2013<\/option><option value=\"Lunes\">Lunes<\/option><option value=\"Martes\">Martes<\/option><option value=\"Mi\u00e9rcoles\">Mi\u00e9rcoles<\/option><option value=\"Jueves\">Jueves<\/option><option value=\"Viernes\">Viernes<\/option><option value=\"S\u00e1bado\">S\u00e1bado<\/option><option value=\"Domingo\">Domingo<\/option><\/select><\/span><\/label>\n<\/p>\n<p><label>Horario de reuni\u00f3n<br \/>\n<span class=\"wpcf7-form-control-wrap\" data-name=\"Startzeit\"><input size=\"40\" maxlength=\"400\" class=\"wpcf7-form-control wpcf7-text wpcf7-validates-as-required\" aria-required=\"true\" aria-invalid=\"false\" value=\"\" type=\"text\" name=\"Startzeit\" \/><\/span><\/label>\n<\/p>\n<p><label>Spam-Schutz<br \/>\n\t<\/label>\n<\/p>\n<p><input class=\"wpcf7-form-control wpcf7-submit has-spinner\" type=\"submit\" value=\"Enviar\" \/>\n<\/p><div class=\"wpcf7-response-output\" aria-hidden=\"true\"><\/div>\n<\/form>\n<\/div>\n[mk_padding_divider][\/vc_column][\/vc_row][mk_page_section bg_image=\u00bb\/wp-content\/uploads\/kleingruppen.jpg\u00bb attachment=\u00bbfixed\u00bb bg_position=\u00bbcenter top\u00bb bg_repeat=\u00bbno-repeat\u00bb bg_stretch=\u00bbtrue\u00bb min_height=\u00bb400&#8243; sidebar=\u00bbsidebar-1&#8243;][vc_column][\/vc_column][\/mk_page_section]\n<\/div>","protected":false},"excerpt":{"rendered":"<p>[vc_row][vc_column][\/vc_column][\/vc_row][mk_page_section bg_image=\u00bb\/wp-content\/uploads\/kleingruppen_top.jpg\u00bb bg_color=\u00bb#000000&#8243; attachment=\u00bbfixed\u00bb bg_position=\u00bbcenter top\u00bb bg_repeat=\u00bbno-repeat\u00bb bg_stretch=\u00bbtrue\u00bb min_height=\u00bb500&#8243; full_width=\u00bbtrue\u00bb padding_top=\u00bb0&#8243; sidebar=\u00bbsidebar-1&#8243;][vc_column][mk_fancy_title color=\u00bb#ffffff\u00bb size=\u00bb70&#8243; force_font_size=\u00bbtrue\u00bb size_tablet=\u00bb60&#8243; size_phone=\u00bb40&#8243; font_weight=\u00bb600&#8243; txt_transform=\u00bbuppercase\u00bb letter_spacing=\u00bb3&#8243; margin_top=\u00bb200&#8243; margin_bottom=\u00bb0&#8243; font_family=\u00bbnone\u00bb align=\u00bbcenter\u00bb]Nuevo Grupo Peque\u00f1o[\/mk_fancy_title][mk_fancy_title color=\u00bb#ffffff\u00bb size=\u00bb35&#8243; force_font_size=\u00bbtrue\u00bb size_tablet=\u00bb30&#8243; size_phone=\u00bb25&#8243; font_weight=\u00bb300&#8243; font_style=\u00bbitalic\u00bb font_family=\u00bbnone\u00bb align=\u00bbcenter\u00bb]Compartir intereses comunes y experimentar a Dios.[\/mk_fancy_title][\/vc_column][\/mk_page_section][vc_row id=\u00bbkleingruppen\u00bb][vc_column][mk_fancy_title size=\u00bb45&#8243; force_font_size=\u00bbtrue\u00bb size_tablet=\u00bb35&#8243; size_phone=\u00bb35&#8243; font_weight=\u00bb600&#8243; margin_top=\u00bb40&#8243; margin_bottom=\u00bb0&#8243; font_family=\u00bbnone\u00bb align=\u00bbcenter\u00bb]Registro nuevo Grupos Peque\u00f1o[\/mk_fancy_title][mk_padding_divider][\/vc_column][\/vc_row][mk_page_section bg_image=\u00bb\/wp-content\/uploads\/kleingruppen.jpg\u00bb [&hellip;]<\/p>\n","protected":false},"author":1,"featured_media":0,"parent":0,"menu_order":0,"comment_status":"closed","ping_status":"closed","template":"","meta":{"footnotes":""},"class_list":["post-16487","page","type-page","status-publish","hentry"],"yoast_head":"<!-- This site is optimized with the Yoast SEO plugin v27.3 - https:\/\/yoast.com\/product\/yoast-seo-wordpress\/ -->\n<title>Nuevo Grupo Peque\u00f1o - buchegg.church<\/title>\n<meta name=\"robots\" content=\"index, follow, max-snippet:-1, max-image-preview:large, max-video-preview:-1\" \/>\n<link rel=\"canonical\" href=\"https:\/\/www.buchegg.church\/es\/nuevogrupopequeno\/\" \/>\n<meta property=\"og:locale\" content=\"es_ES\" \/>\n<meta property=\"og:type\" content=\"article\" \/>\n<meta property=\"og:title\" content=\"Nuevo Grupo Peque\u00f1o - buchegg.church\" \/>\n<meta property=\"og:description\" content=\"[vc_row][vc_column][\/vc_column][\/vc_row][mk_page_section bg_image=\u00bb\/wp-content\/uploads\/kleingruppen_top.jpg\u00bb bg_color=\u00bb#000000&#8243; attachment=\u00bbfixed\u00bb bg_position=\u00bbcenter top\u00bb bg_repeat=\u00bbno-repeat\u00bb bg_stretch=\u00bbtrue\u00bb min_height=\u00bb500&#8243; full_width=\u00bbtrue\u00bb padding_top=\u00bb0&#8243; sidebar=\u00bbsidebar-1&#8243;][vc_column][mk_fancy_title color=\u00bb#ffffff\u00bb size=\u00bb70&#8243; force_font_size=\u00bbtrue\u00bb size_tablet=\u00bb60&#8243; size_phone=\u00bb40&#8243; font_weight=\u00bb600&#8243; txt_transform=\u00bbuppercase\u00bb letter_spacing=\u00bb3&#8243; margin_top=\u00bb200&#8243; margin_bottom=\u00bb0&#8243; font_family=\u00bbnone\u00bb align=\u00bbcenter\u00bb]Nuevo Grupo Peque\u00f1o[\/mk_fancy_title][mk_fancy_title color=\u00bb#ffffff\u00bb size=\u00bb35&#8243; force_font_size=\u00bbtrue\u00bb size_tablet=\u00bb30&#8243; size_phone=\u00bb25&#8243; font_weight=\u00bb300&#8243; font_style=\u00bbitalic\u00bb font_family=\u00bbnone\u00bb align=\u00bbcenter\u00bb]Compartir intereses comunes y experimentar a Dios.[\/mk_fancy_title][\/vc_column][\/mk_page_section][vc_row id=\u00bbkleingruppen\u00bb][vc_column][mk_fancy_title size=\u00bb45&#8243; force_font_size=\u00bbtrue\u00bb size_tablet=\u00bb35&#8243; size_phone=\u00bb35&#8243; font_weight=\u00bb600&#8243; margin_top=\u00bb40&#8243; margin_bottom=\u00bb0&#8243; font_family=\u00bbnone\u00bb align=\u00bbcenter\u00bb]Registro nuevo Grupos Peque\u00f1o[\/mk_fancy_title][mk_padding_divider][\/vc_column][\/vc_row][mk_page_section bg_image=\u00bb\/wp-content\/uploads\/kleingruppen.jpg\u00bb [&hellip;]\" \/>\n<meta property=\"og:url\" content=\"https:\/\/www.buchegg.church\/es\/nuevogrupopequeno\/\" \/>\n<meta property=\"og:site_name\" content=\"buchegg.church\" \/>\n<meta property=\"article:publisher\" content=\"https:\/\/www.facebook.com\/buchegg\" \/>\n<meta property=\"article:modified_time\" content=\"2018-06-06T09:56:09+00:00\" \/>\n<meta name=\"twitter:card\" content=\"summary_large_image\" \/>\n<meta name=\"twitter:label1\" content=\"Tiempo de lectura\" \/>\n\t<meta name=\"twitter:data1\" content=\"1 minuto\" \/>\n<script type=\"application\/ld+json\" class=\"yoast-schema-graph\">{\"@context\":\"https:\\\/\\\/schema.org\",\"@graph\":[{\"@type\":\"WebPage\",\"@id\":\"https:\\\/\\\/www.buchegg.church\\\/es\\\/nuevogrupopequeno\\\/\",\"url\":\"https:\\\/\\\/www.buchegg.church\\\/es\\\/nuevogrupopequeno\\\/\",\"name\":\"Nuevo Grupo Peque\u00f1o - buchegg.church\",\"isPartOf\":{\"@id\":\"https:\\\/\\\/www.buchegg.church\\\/#website\"},\"datePublished\":\"2018-02-08T13:37:38+00:00\",\"dateModified\":\"2018-06-06T09:56:09+00:00\",\"breadcrumb\":{\"@id\":\"https:\\\/\\\/www.buchegg.church\\\/es\\\/nuevogrupopequeno\\\/#breadcrumb\"},\"inLanguage\":\"es\",\"potentialAction\":[{\"@type\":\"ReadAction\",\"target\":[\"https:\\\/\\\/www.buchegg.church\\\/es\\\/nuevogrupopequeno\\\/\"]}]},{\"@type\":\"BreadcrumbList\",\"@id\":\"https:\\\/\\\/www.buchegg.church\\\/es\\\/nuevogrupopequeno\\\/#breadcrumb\",\"itemListElement\":[{\"@type\":\"ListItem\",\"position\":1,\"name\":\"Startseite\",\"item\":\"https:\\\/\\\/www.buchegg.church\\\/es\\\/\"},{\"@type\":\"ListItem\",\"position\":2,\"name\":\"Nuevo Grupo Peque\u00f1o\"}]},{\"@type\":\"WebSite\",\"@id\":\"https:\\\/\\\/www.buchegg.church\\\/#website\",\"url\":\"https:\\\/\\\/www.buchegg.church\\\/\",\"name\":\"buchegg.church\",\"description\":\"\",\"publisher\":{\"@id\":\"https:\\\/\\\/www.buchegg.church\\\/#organization\"},\"potentialAction\":[{\"@type\":\"SearchAction\",\"target\":{\"@type\":\"EntryPoint\",\"urlTemplate\":\"https:\\\/\\\/www.buchegg.church\\\/?s={search_term_string}\"},\"query-input\":{\"@type\":\"PropertyValueSpecification\",\"valueRequired\":true,\"valueName\":\"search_term_string\"}}],\"inLanguage\":\"es\"},{\"@type\":\"Organization\",\"@id\":\"https:\\\/\\\/www.buchegg.church\\\/#organization\",\"name\":\"Buchegg Church\",\"url\":\"https:\\\/\\\/www.buchegg.church\\\/\",\"logo\":{\"@type\":\"ImageObject\",\"inLanguage\":\"es\",\"@id\":\"https:\\\/\\\/www.buchegg.church\\\/#\\\/schema\\\/logo\\\/image\\\/\",\"url\":\"https:\\\/\\\/www.buchegg.church\\\/wp-content\\\/uploads\\\/buchegg.png\",\"contentUrl\":\"https:\\\/\\\/www.buchegg.church\\\/wp-content\\\/uploads\\\/buchegg.png\",\"width\":751,\"height\":180,\"caption\":\"Buchegg Church\"},\"image\":{\"@id\":\"https:\\\/\\\/www.buchegg.church\\\/#\\\/schema\\\/logo\\\/image\\\/\"},\"sameAs\":[\"https:\\\/\\\/www.facebook.com\\\/buchegg\",\"https:\\\/\\\/www.instagram.com\\\/buchegg_church\",\"https:\\\/\\\/www.youtube.com\\\/czbzuerich\"]}]}<\/script>\n<!-- \/ Yoast SEO plugin. -->","yoast_head_json":{"title":"Nuevo Grupo Peque\u00f1o - buchegg.church","robots":{"index":"index","follow":"follow","max-snippet":"max-snippet:-1","max-image-preview":"max-image-preview:large","max-video-preview":"max-video-preview:-1"},"canonical":"https:\/\/www.buchegg.church\/es\/nuevogrupopequeno\/","og_locale":"es_ES","og_type":"article","og_title":"Nuevo Grupo Peque\u00f1o - buchegg.church","og_description":"[vc_row][vc_column][\/vc_column][\/vc_row][mk_page_section bg_image=\u00bb\/wp-content\/uploads\/kleingruppen_top.jpg\u00bb bg_color=\u00bb#000000&#8243; attachment=\u00bbfixed\u00bb bg_position=\u00bbcenter top\u00bb bg_repeat=\u00bbno-repeat\u00bb bg_stretch=\u00bbtrue\u00bb min_height=\u00bb500&#8243; full_width=\u00bbtrue\u00bb padding_top=\u00bb0&#8243; sidebar=\u00bbsidebar-1&#8243;][vc_column][mk_fancy_title color=\u00bb#ffffff\u00bb size=\u00bb70&#8243; force_font_size=\u00bbtrue\u00bb size_tablet=\u00bb60&#8243; size_phone=\u00bb40&#8243; font_weight=\u00bb600&#8243; txt_transform=\u00bbuppercase\u00bb letter_spacing=\u00bb3&#8243; margin_top=\u00bb200&#8243; margin_bottom=\u00bb0&#8243; font_family=\u00bbnone\u00bb align=\u00bbcenter\u00bb]Nuevo Grupo Peque\u00f1o[\/mk_fancy_title][mk_fancy_title color=\u00bb#ffffff\u00bb size=\u00bb35&#8243; force_font_size=\u00bbtrue\u00bb size_tablet=\u00bb30&#8243; size_phone=\u00bb25&#8243; font_weight=\u00bb300&#8243; font_style=\u00bbitalic\u00bb font_family=\u00bbnone\u00bb align=\u00bbcenter\u00bb]Compartir intereses comunes y experimentar a Dios.[\/mk_fancy_title][\/vc_column][\/mk_page_section][vc_row id=\u00bbkleingruppen\u00bb][vc_column][mk_fancy_title size=\u00bb45&#8243; force_font_size=\u00bbtrue\u00bb size_tablet=\u00bb35&#8243; size_phone=\u00bb35&#8243; font_weight=\u00bb600&#8243; margin_top=\u00bb40&#8243; margin_bottom=\u00bb0&#8243; font_family=\u00bbnone\u00bb align=\u00bbcenter\u00bb]Registro nuevo Grupos Peque\u00f1o[\/mk_fancy_title][mk_padding_divider][\/vc_column][\/vc_row][mk_page_section bg_image=\u00bb\/wp-content\/uploads\/kleingruppen.jpg\u00bb [&hellip;]","og_url":"https:\/\/www.buchegg.church\/es\/nuevogrupopequeno\/","og_site_name":"buchegg.church","article_publisher":"https:\/\/www.facebook.com\/buchegg","article_modified_time":"2018-06-06T09:56:09+00:00","twitter_card":"summary_large_image","twitter_misc":{"Tiempo de lectura":"1 minuto"},"schema":{"@context":"https:\/\/schema.org","@graph":[{"@type":"WebPage","@id":"https:\/\/www.buchegg.church\/es\/nuevogrupopequeno\/","url":"https:\/\/www.buchegg.church\/es\/nuevogrupopequeno\/","name":"Nuevo Grupo Peque\u00f1o - buchegg.church","isPartOf":{"@id":"https:\/\/www.buchegg.church\/#website"},"datePublished":"2018-02-08T13:37:38+00:00","dateModified":"2018-06-06T09:56:09+00:00","breadcrumb":{"@id":"https:\/\/www.buchegg.church\/es\/nuevogrupopequeno\/#breadcrumb"},"inLanguage":"es","potentialAction":[{"@type":"ReadAction","target":["https:\/\/www.buchegg.church\/es\/nuevogrupopequeno\/"]}]},{"@type":"BreadcrumbList","@id":"https:\/\/www.buchegg.church\/es\/nuevogrupopequeno\/#breadcrumb","itemListElement":[{"@type":"ListItem","position":1,"name":"Startseite","item":"https:\/\/www.buchegg.church\/es\/"},{"@type":"ListItem","position":2,"name":"Nuevo Grupo Peque\u00f1o"}]},{"@type":"WebSite","@id":"https:\/\/www.buchegg.church\/#website","url":"https:\/\/www.buchegg.church\/","name":"buchegg.church","description":"","publisher":{"@id":"https:\/\/www.buchegg.church\/#organization"},"potentialAction":[{"@type":"SearchAction","target":{"@type":"EntryPoint","urlTemplate":"https:\/\/www.buchegg.church\/?s={search_term_string}"},"query-input":{"@type":"PropertyValueSpecification","valueRequired":true,"valueName":"search_term_string"}}],"inLanguage":"es"},{"@type":"Organization","@id":"https:\/\/www.buchegg.church\/#organization","name":"Buchegg Church","url":"https:\/\/www.buchegg.church\/","logo":{"@type":"ImageObject","inLanguage":"es","@id":"https:\/\/www.buchegg.church\/#\/schema\/logo\/image\/","url":"https:\/\/www.buchegg.church\/wp-content\/uploads\/buchegg.png","contentUrl":"https:\/\/www.buchegg.church\/wp-content\/uploads\/buchegg.png","width":751,"height":180,"caption":"Buchegg Church"},"image":{"@id":"https:\/\/www.buchegg.church\/#\/schema\/logo\/image\/"},"sameAs":["https:\/\/www.facebook.com\/buchegg","https:\/\/www.instagram.com\/buchegg_church","https:\/\/www.youtube.com\/czbzuerich"]}]}},"_links":{"self":[{"href":"https:\/\/www.buchegg.church\/es\/wp-json\/wp\/v2\/pages\/16487","targetHints":{"allow":["GET"]}}],"collection":[{"href":"https:\/\/www.buchegg.church\/es\/wp-json\/wp\/v2\/pages"}],"about":[{"href":"https:\/\/www.buchegg.church\/es\/wp-json\/wp\/v2\/types\/page"}],"author":[{"embeddable":true,"href":"https:\/\/www.buchegg.church\/es\/wp-json\/wp\/v2\/users\/1"}],"replies":[{"embeddable":true,"href":"https:\/\/www.buchegg.church\/es\/wp-json\/wp\/v2\/comments?post=16487"}],"version-history":[{"count":0,"href":"https:\/\/www.buchegg.church\/es\/wp-json\/wp\/v2\/pages\/16487\/revisions"}],"wp:attachment":[{"href":"https:\/\/www.buchegg.church\/es\/wp-json\/wp\/v2\/media?parent=16487"}],"curies":[{"name":"wp","href":"https:\/\/api.w.org\/{rel}","templated":true}]}}