{"id":1622094,"date":"2020-09-18T15:06:00","date_gmt":"2020-09-18T13:06:00","guid":{"rendered":"https:\/\/www.buchegg.church\/?page_id=1622094"},"modified":"2026-02-10T14:29:41","modified_gmt":"2026-02-10T13:29:41","slug":"ladiesday","status":"publish","type":"page","link":"https:\/\/www.buchegg.church\/es\/ladiesday\/","title":{"rendered":"Ladies Day"},"content":{"rendered":"<div class=\"wpb-content-wrapper\">[vc_row][vc_column][\/vc_column][\/vc_row][mk_page_section bg_image=\u00bbhttps:\/\/www.buchegg.church\/wp-content\/uploads\/ladies-day.png\u00bb bg_color=\u00bb#000000&#8243; attachment=\u00bbfixed\u00bb bg_position=\u00bbcenter top\u00bb bg_repeat=\u00bbno-repeat\u00bb bg_stretch=\u00bbtrue\u00bb min_height=\u00bb500&#8243; full_width=\u00bbtrue\u00bb full_height=\u00bbtrue\u00bb padding_top=\u00bb0&#8243; sidebar=\u00bbsidebar-1&#8243;][vc_column][mk_fancy_title color=\u00bb#000000&#8243; size=\u00bb70&#8243; force_font_size=\u00bbtrue\u00bb size_tablet=\u00bb60&#8243; size_phone=\u00bb40&#8243; font_weight=\u00bb600&#8243; txt_transform=\u00bbuppercase\u00bb letter_spacing=\u00bb3&#8243; margin_top=\u00bb200&#8243; margin_bottom=\u00bb0&#8243; font_family=\u00bbnone\u00bb align=\u00bbcenter\u00bb drop_shadow=\u00bbtrue\u00bb shadow_color=\u00bb#000000&#8243;]\n<p style=\"text-align: center;\">Ladies Day<\/p>\n[\/mk_fancy_title][mk_fancy_title color=\u00bb#000000&#8243; size=\u00bb35&#8243; force_font_size=\u00bbtrue\u00bb size_tablet=\u00bb30&#8243; size_phone=\u00bb25&#8243; font_weight=\u00bb300&#8243; font_style=\u00bbitalic\u00bb font_family=\u00bbnone\u00bb align=\u00bbcenter\u00bb drop_shadow=\u00bbtrue\u00bb shadow_distance=\u00bb1&#8243; shadow_blur=\u00bb1&#8243; shadow_color=\u00bb#000000&#8243;]\n<p style=\"text-align: center;\">30 de mayo 2026<\/p>\n[\/mk_fancy_title][\/vc_column][\/mk_page_section][vc_row][vc_column][mk_padding_divider][vc_row_inner][vc_column_inner width=\u00bb1\/2&#8243;][mk_image src=\u00bbhttps:\/\/www.buchegg.church\/wp-content\/uploads\/ladies-day-date.png\u00bb image_size=\u00bbfull\u00bb][mk_padding_divider size=\u00bb0&#8243;][\/vc_column_inner][vc_column_inner width=\u00bb1\/2&#8243;][vc_column_text css=\u00bb.vc_custom_1768552415025{margin-bottom: 0px !important;}\u00bb]Experimentar a Dios, conectar con otras mujeres y regresar a la vida cotidiana llenas de inspiraci\u00f3n: eso es lo que representa nuestro Ladies Day. Acomp\u00e1\u00f1anos y sum\u00e9rgete con nosotras en el tema \u201cuna fe reflexiva\u201d.<\/p>\n<p>Nuestro Ladies Day quiere ayudarnos a saber qu\u00e9 creemos y por qu\u00e9 lo creemos. Deseamos crecer en nuestra capacidad de espresar nuestra fe y compaetir el mensaje de Jes\u00fas de tal manera que nuetros amigos puedan sentir cu\u00e1n maravilloso y glorioso es Jes\u00fas.[\/vc_column_text][\/vc_column_inner][\/vc_row_inner][mk_padding_divider size=\u00bb20&#8243;][vc_row_inner][vc_column_inner width=\u00bb1\/2&#8243;][mk_image src=\u00bbhttps:\/\/www.buchegg.church\/wp-content\/uploads\/ladies-worship.jpeg\u00bb image_size=\u00bbfull\u00bb][mk_padding_divider size=\u00bb10&#8243;][mk_image src=\u00bbhttps:\/\/www.buchegg.church\/wp-content\/uploads\/ladies-session.jpg\u00bb image_size=\u00bbfull\u00bb][mk_padding_divider size=\u00bb10&#8243;][mk_image src=\u00bbhttps:\/\/www.buchegg.church\/wp-content\/uploads\/ladies-talking.jpeg\u00bb image_size=\u00bbfull\u00bb][mk_padding_divider size=\u00bb10&#8243;][mk_image src=\u00bbhttps:\/\/www.buchegg.church\/wp-content\/uploads\/ladies-team.jpeg\u00bb image_size=\u00bbfull\u00bb][mk_padding_divider size=\u00bb10&#8243;][\/vc_column_inner][vc_column_inner width=\u00bb1\/2&#8243;][mk_button dimension=\u00bbflat\u00bb icon=\u00bbmk-icon-map-marker\u00bb nofollow=\u00bbtrue\u00bb align=\u00bbcenter\u00bb fullwidth=\u00bbtrue\u00bb margin_bottom=\u00bb0&#8243; margin_right=\u00bb0&#8243; bg_color=\u00bbrgba(10,10,10,0.3)\u00bb btn_hover_bg=\u00bbrgba(10,10,10,0.3)\u00bb][\/mk_button][vc_column_text css=\u00bb.vc_custom_1674830447596{margin-bottom: 0px !important;}\u00bb]\n<p style=\"text-align: center;\">Buchegg Church,<br \/>\nHofwiesenstrasse 143, 8057 Z\u00fcrich<\/p>\n[\/vc_column_text][mk_button dimension=\u00bbflat\u00bb icon=\u00bbmk-icon-calendar\u00bb nofollow=\u00bbtrue\u00bb align=\u00bbcenter\u00bb fullwidth=\u00bbtrue\u00bb bg_color=\u00bbrgba(10,10,10,0.3)\u00bb btn_hover_bg=\u00bbrgba(0,0,0,0.3)\u00bb][\/mk_button][vc_column_text css=\u00bb.vc_custom_1766397763194{margin-bottom: 0px !important;}\u00bb]\n<p style=\"text-align: center;\"><strong>30 de mayo 2026<\/strong><\/p>\n[\/vc_column_text][mk_button dimension=\u00bbflat\u00bb icon=\u00bbmk-icon-clock-o\u00bb nofollow=\u00bbtrue\u00bb align=\u00bbcenter\u00bb fullwidth=\u00bbtrue\u00bb bg_color=\u00bbrgba(10,10,10,0.3)\u00bb btn_hover_bg=\u00bbrgba(10,10,10,0.3)\u00bb][\/mk_button][vc_column_text css=\u00bb.vc_custom_1766397877987{margin-bottom: 0px !important;}\u00bb]\n<p style=\"text-align: center;\">14:00-14:30 hs \u2013 Check-in por la tarde<br \/>\n14:30-15:20 hs \u2013 Session Part I<br \/>\n15:20-16:10 hs \u2013 Pausa<br \/>\n16:10-17:00 hs \u2013 Session Part II<br \/>\n17:00 hs \u2013 Iniciar el check-in por la noche<br \/>\n17:00-18:30 hs \u2013 Cena<br \/>\n18:30-20:15 hs \u2013\u00a0Culto<br \/>\n20:15-22:00 hs \u2013 Postre<\/p>\n[\/vc_column_text][mk_button dimension=\u00bbflat\u00bb icon=\u00bbmk-li-users\u00bb nofollow=\u00bbtrue\u00bb align=\u00bbcenter\u00bb fullwidth=\u00bbtrue\u00bb bg_color=\u00bbrgba(10,10,10,0.3)\u00bb btn_hover_bg=\u00bbrgba(10,10,10,0.3)\u00bb][\/mk_button][vc_column_text css=\u00bb.vc_custom_1742812484471{margin-bottom: 0px !important;}\u00bb]\n<p style=\"text-align: center;\">Oradora invitada: Denise Hoppe-Boeken<\/p>\n[\/vc_column_text][mk_button dimension=\u00bbflat\u00bb icon=\u00bbmk-moon-coins\u00bb nofollow=\u00bbtrue\u00bb align=\u00bbcenter\u00bb fullwidth=\u00bbtrue\u00bb bg_color=\u00bbrgba(10,10,10,0.3)\u00bb btn_hover_bg=\u00bbrgba(10,10,10,0.3)\u00bb][\/mk_button][vc_column_text css=\u00bb.vc_custom_1770132767470{margin-bottom: 0px !important;}\u00bb]\n<p style=\"text-align: center;\">Precios<\/p>\n<p style=\"text-align: center;\"><strong>Entrada de un d\u00eda<\/strong><br \/>\nDescuento por reserva anticipada hasta 17.05.2026 CHF 35.\u2013<br \/>\nEntrada de un d\u00eda a partir de 18.05.2026 CHF 45.\u2013<br \/>\nAlumnos\/estudiantes CHF 20.\u2013<\/p>\n<p style=\"text-align: center;\"><strong>Entrada de tarde<\/strong><br \/>\nDescuento por reserva anticipada hasta 17.05.2026 CHF 27.\u2013<br \/>\nEntrada de tarde a partir de 18.05.2026 CHF 37.\u2013<br \/>\nAlumnos\/estudiantes CHF 20.\u2013<\/p>\n[\/vc_column_text][mk_button url=\u00bb#inscripci\u00f3n\u00bb target=\u00bb_blank\u00bb align=\u00bbcenter\u00bb fullwidth=\u00bbtrue\u00bb]Inscripci\u00f3n[\/mk_button][mk_padding_divider size=\u00bb20&#8243;][vc_column_text css=\u00bb.vc_custom_1732540738593{margin-bottom: 0px !important;}\u00bb]Se har\u00e1n fotos y grabaciones sonoras el D\u00eda de la Mujer. Si no desea aparecer en una foto, h\u00e1ganoslo saber utilizando el campo de comentarios del formulario de inscripci\u00f3n.[\/vc_column_text][mk_button url=\u00bbhttps:\/\/www.buchegg.church\/wp-content\/uploads\/sessions-beschreibung-2026-2.pdf\u00bb target=\u00bb_blank\u00bb align=\u00bbcenter\u00bb fullwidth=\u00bbtrue\u00bb]Sessions[\/mk_button][\/vc_column_inner][\/vc_row_inner][mk_padding_divider size=\u00bb20&#8243;][mk_image src=\u00bbhttps:\/\/www.buchegg.church\/wp-content\/uploads\/tagesablauf-sp.png\u00bb image_size=\u00bbfull\u00bb align=\u00bbcenter\u00bb][mk_padding_divider size=\u00bb20&#8243;][\/vc_column][\/vc_row][vc_row id=\u00bbinscripci\u00f3n\u00bb][vc_column][mk_fancy_title size=\u00bb45&#8243; force_font_size=\u00bbtrue\u00bb size_tablet=\u00bb35&#8243; size_phone=\u00bb35&#8243; font_weight=\u00bb600&#8243; margin_top=\u00bb40&#8243; margin_bottom=\u00bb0&#8243; font_family=\u00bbnone\u00bb align=\u00bbcenter\u00bb]Anmeldung | Registration | Inscripci\u00f3n | Inscri\u00e7\u00e3o[\/mk_fancy_title][mk_padding_divider][vc_raw_js]JTNDc2NyaXB0JTIwY2xhc3MlM0QlMjJuZXh0ZXZlbnQlMjIlMjB0eXBlJTNEJTIydGV4dCUyRmphdmFzY3JpcHQlMjIlMjBzcmMlM0QlMjJodHRwcyUzQSUyRiUyRndpZGdldC0xMTQ0NWRlODBjLWJ1Y2hlZ2cubmV4dGV2ZW50LmNvbSUyRndpZGdldCUyRmVtYmVkJTIzc3JjJTNEJTJGZXZlbnQlMkZiNWFhNTAzMi1jYTM0LTExZjAtYjNhYS0wNmY4ZmJiZGNmMTMlM0ZtYXJnaW4lM0QwJTIyJTNFJTNDJTJGc2NyaXB0JTNF[\/vc_raw_js][mk_padding_divider][\/vc_column][\/vc_row][mk_page_section bg_image=\u00bbhttps:\/\/www.buchegg.church\/wp-content\/uploads\/ladies-day-date.png\u00bb attachment=\u00bbfixed\u00bb bg_position=\u00bbcenter top\u00bb bg_repeat=\u00bbno-repeat\u00bb bg_stretch=\u00bbtrue\u00bb min_height=\u00bb400&#8243; sidebar=\u00bbsidebar-1&#8243;][vc_column][\/vc_column][\/mk_page_section][vc_row disable_element=\u00bbyes\u00bb id=\u00bbanmeldung_kinderh\u00fcte\u00bb][vc_column][vc_column_text align=\u00bbcenter\u00bb css=\u00bb.vc_custom_1701701743882{margin-bottom: 0px !important;}\u00bb]\n<p style=\"text-align: center;\"><strong>Programa<\/strong><\/p>\n[\/vc_column_text][mk_image src=\u00bbhttps:\/\/www.buchegg.church\/wp-content\/uploads\/tagesablauf_es-2.jpg\u00bb image_size=\u00bbfull\u00bb][vc_column_text align=\u00bbcenter\u00bb css=\u00bb.vc_custom_1701701867382{margin-bottom: 0px !important;}\u00bb]\n<p style=\"text-align: center;\">Si tiene alguna pregunta sobre Ladies Day, no dude en contactarnos <a href=\"mailto:sissi.weiss@gmail.com\">aqu\u00ed.<\/a><\/p>\n[\/vc_column_text][mk_padding_divider][mk_fancy_title size=\u00bb45&#8243; force_font_size=\u00bbtrue\u00bb size_tablet=\u00bb35&#8243; size_phone=\u00bb35&#8243; font_weight=\u00bb600&#8243; margin_top=\u00bb40&#8243; margin_bottom=\u00bb0&#8243; font_family=\u00bbnone\u00bb align=\u00bbcenter\u00bb]Anmeldung Kinderh\u00fcte | Registration child care service | Inscripci\u00f3n guarder\u00eda | Inscri\u00e7\u00e3o Ber\u00e7\u00e1rios[\/mk_fancy_title]\n<div class=\"wpcf7 no-js\" id=\"wpcf7-f630037-o1\" lang=\"de-DE\" dir=\"ltr\" data-wpcf7-id=\"630037\">\n<div class=\"screen-reader-response\"><p role=\"status\" aria-live=\"polite\" aria-atomic=\"true\"><\/p> <ul><\/ul><\/div>\n<form action=\"\/es\/wp-json\/wp\/v2\/pages\/1622094#wpcf7-f630037-o1\" method=\"post\" class=\"wpcf7-form init\" aria-label=\"Kontaktformular\" novalidate=\"novalidate\" data-status=\"init\">\n<fieldset class=\"hidden-fields-container\"><input type=\"hidden\" name=\"_wpcf7\" value=\"630037\" \/><input type=\"hidden\" name=\"_wpcf7_version\" value=\"6.1.5\" \/><input type=\"hidden\" name=\"_wpcf7_locale\" value=\"de_DE\" \/><input type=\"hidden\" name=\"_wpcf7_unit_tag\" value=\"wpcf7-f630037-o1\" \/><input type=\"hidden\" name=\"_wpcf7_container_post\" value=\"0\" \/><input type=\"hidden\" name=\"_wpcf7_posted_data_hash\" value=\"\" \/><input type=\"hidden\" name=\"_wpcf7_recaptcha_response\" value=\"\" \/>\n<\/fieldset>\n<h4>Eltern | parents | padres | pais\n<\/h4>\n<p><label>Vorname Eltern | first name parents | nombre padres | primeiro nome pais*<br \/>\n<span class=\"wpcf7-form-control-wrap\" data-name=\"Vorname_Eltern\"><input size=\"40\" maxlength=\"400\" class=\"wpcf7-form-control wpcf7-text wpcf7-validates-as-required\" aria-required=\"true\" aria-invalid=\"false\" value=\"\" type=\"text\" name=\"Vorname_Eltern\" \/><\/span><\/label><br \/>\n<label>Nachname Eltern | last name parents | apellido padres | Sobrenome pais*<br \/>\n<span class=\"wpcf7-form-control-wrap\" data-name=\"Nachname_Eltern\"><input size=\"40\" maxlength=\"400\" class=\"wpcf7-form-control wpcf7-text wpcf7-validates-as-required\" aria-required=\"true\" aria-invalid=\"false\" value=\"\" type=\"text\" name=\"Nachname_Eltern\" \/><\/span><\/label><br \/>\n<label>Handy Eltern | mobile phone parents | tel\u00e9fono m\u00f3vil padres | celular pais<br \/>\n<span class=\"wpcf7-form-control-wrap\" data-name=\"Mobile_Eltern\"><input size=\"40\" maxlength=\"400\" class=\"wpcf7-form-control wpcf7-text\" aria-invalid=\"false\" value=\"\" type=\"text\" name=\"Mobile_Eltern\" \/><\/span><\/label><br \/>\n<label>E-Mail | email*<br \/>\n<span class=\"wpcf7-form-control-wrap\" data-name=\"E-Mail\"><input size=\"40\" maxlength=\"400\" class=\"wpcf7-form-control wpcf7-email wpcf7-validates-as-required wpcf7-text wpcf7-validates-as-email\" aria-required=\"true\" aria-invalid=\"false\" value=\"\" type=\"email\" name=\"E-Mail\" \/><\/span><\/label>\n<\/p>\n<h4>Kind | child | ni\u00f1o | crian\u00e7a\n<\/h4>\n<p>(eine Anmeldung pro Kind | one registration per child | un registro por ni\u00f1o | um registro por crian\u00e7a)\n<\/p>\n<p><label>Vorname Kind | first name child | nombre ni\u00f1o | primeiro nome crian\u00e7a*<br \/>\n<span class=\"wpcf7-form-control-wrap\" data-name=\"Vorname_Kind\"><input size=\"40\" maxlength=\"400\" class=\"wpcf7-form-control wpcf7-text wpcf7-validates-as-required\" aria-required=\"true\" aria-invalid=\"false\" value=\"\" type=\"text\" name=\"Vorname_Kind\" \/><\/span><\/label><br \/>\n<label>Nachname Kind | last name child | apellido ni\u00f1o | Sobrenome crian\u00e7a*<br \/>\n<span class=\"wpcf7-form-control-wrap\" data-name=\"Nachname_Kind\"><input size=\"40\" maxlength=\"400\" class=\"wpcf7-form-control wpcf7-text wpcf7-validates-as-required\" aria-required=\"true\" aria-invalid=\"false\" value=\"\" type=\"text\" name=\"Nachname_Kind\" \/><\/span><\/label><br \/>\n<label>Alter Kind | age child | edad ni\u00f1o | Idade crian\u00e7a*<br \/>\n<span class=\"wpcf7-form-control-wrap\" data-name=\"Alter_Kind\"><input size=\"40\" maxlength=\"400\" class=\"wpcf7-form-control wpcf7-text wpcf7-validates-as-required\" aria-required=\"true\" aria-invalid=\"false\" value=\"\" type=\"text\" name=\"Alter_Kind\" \/><\/span><\/label>\n<\/p>\n<h4>Zeitbl\u00f6cke | time blocks | bloques de tiempo | block times\n<\/h4>\n<p>(Bitte CHF 7.\u2013 pro Block direkt bei der Kinderabgabe bezahlen | Please pay CHF 7.- per block directly at the children's reception | Por favor pague CHF 7.00 por bloque, cuando entregue al ni\u00f1o.)\n<\/p>\n<p><span class=\"wpcf7-form-control-wrap\" data-name=\"Zeitblock\"><span class=\"wpcf7-form-control wpcf7-checkbox wpcf7-validates-as-required\"><span class=\"wpcf7-list-item first\"><input type=\"checkbox\" name=\"Zeitblock[]\" value=\"9:45 \u2013 13\" \/><span class=\"wpcf7-list-item-label\">9:45 \u2013 13<\/span><\/span><span class=\"wpcf7-list-item last\"><input type=\"checkbox\" name=\"Zeitblock[]\" value=\"13:45 \u2013 17\" \/><span class=\"wpcf7-list-item-label\">13:45 \u2013 17<\/span><\/span><\/span><\/span>\n<\/p>\n<h4>Bemerkungen | Remarks | observaciones | observa\u00e7\u00f5es\n<\/h4>\n<p><span class=\"wpcf7-form-control-wrap\" data-name=\"Bemerkungen\"><textarea cols=\"40\" rows=\"5\" maxlength=\"2000\" class=\"wpcf7-form-control wpcf7-textarea\" aria-invalid=\"false\" name=\"Bemerkungen\"><\/textarea><\/span>\n<\/p>\n<p><input class=\"wpcf7-form-control wpcf7-submit has-spinner\" type=\"submit\" value=\"Senden \/ Send \/ Enviar \/ Enviar\" \/>\n<\/p><div class=\"wpcf7-response-output\" aria-hidden=\"true\"><\/div>\n<\/form>\n<\/div>\n[mk_padding_divider][\/vc_column][\/vc_row]\n<\/div>","protected":false},"excerpt":{"rendered":"<p>[vc_row][vc_column][\/vc_column][\/vc_row][mk_page_section bg_image=\u00bbhttps:\/\/www.buchegg.church\/wp-content\/uploads\/ladies-day.png\u00bb bg_color=\u00bb#000000&#8243; attachment=\u00bbfixed\u00bb bg_position=\u00bbcenter top\u00bb bg_repeat=\u00bbno-repeat\u00bb bg_stretch=\u00bbtrue\u00bb min_height=\u00bb500&#8243; full_width=\u00bbtrue\u00bb full_height=\u00bbtrue\u00bb padding_top=\u00bb0&#8243; sidebar=\u00bbsidebar-1&#8243;][vc_column][mk_fancy_title color=\u00bb#000000&#8243; size=\u00bb70&#8243; force_font_size=\u00bbtrue\u00bb size_tablet=\u00bb60&#8243; size_phone=\u00bb40&#8243; font_weight=\u00bb600&#8243; txt_transform=\u00bbuppercase\u00bb letter_spacing=\u00bb3&#8243; margin_top=\u00bb200&#8243; margin_bottom=\u00bb0&#8243; font_family=\u00bbnone\u00bb align=\u00bbcenter\u00bb drop_shadow=\u00bbtrue\u00bb shadow_color=\u00bb#000000&#8243;] Ladies Day [\/mk_fancy_title][mk_fancy_title color=\u00bb#000000&#8243; size=\u00bb35&#8243; force_font_size=\u00bbtrue\u00bb size_tablet=\u00bb30&#8243; size_phone=\u00bb25&#8243; font_weight=\u00bb300&#8243; font_style=\u00bbitalic\u00bb font_family=\u00bbnone\u00bb align=\u00bbcenter\u00bb drop_shadow=\u00bbtrue\u00bb shadow_distance=\u00bb1&#8243; shadow_blur=\u00bb1&#8243; shadow_color=\u00bb#000000&#8243;] 30 de mayo 2026 [\/mk_fancy_title][\/vc_column][\/mk_page_section][vc_row][vc_column][mk_padding_divider][vc_row_inner][vc_column_inner width=\u00bb1\/2&#8243;][mk_image src=\u00bbhttps:\/\/www.buchegg.church\/wp-content\/uploads\/ladies-day-date.png\u00bb image_size=\u00bbfull\u00bb][mk_padding_divider size=\u00bb0&#8243;][\/vc_column_inner][vc_column_inner width=\u00bb1\/2&#8243;][vc_column_text css=\u00bb.vc_custom_1768552415025{margin-bottom: 0px [&hellip;]<\/p>\n","protected":false},"author":4,"featured_media":0,"parent":0,"menu_order":0,"comment_status":"closed","ping_status":"closed","template":"","meta":{"footnotes":""},"class_list":["post-1622094","page","type-page","status-publish","hentry"],"yoast_head":"<!-- This site is optimized with the Yoast SEO plugin v27.3 - https:\/\/yoast.com\/product\/yoast-seo-wordpress\/ -->\n<title>Ladies Day - buchegg.church<\/title>\n<meta name=\"robots\" content=\"index, follow, max-snippet:-1, max-image-preview:large, max-video-preview:-1\" \/>\n<link rel=\"canonical\" href=\"https:\/\/www.buchegg.church\/es\/ladiesday\/\" \/>\n<meta property=\"og:locale\" content=\"es_ES\" \/>\n<meta property=\"og:type\" content=\"article\" \/>\n<meta property=\"og:title\" content=\"Ladies Day - buchegg.church\" \/>\n<meta property=\"og:description\" content=\"[vc_row][vc_column][\/vc_column][\/vc_row][mk_page_section bg_image=\u00bbhttps:\/\/www.buchegg.church\/wp-content\/uploads\/ladies-day.png\u00bb bg_color=\u00bb#000000&#8243; attachment=\u00bbfixed\u00bb bg_position=\u00bbcenter top\u00bb bg_repeat=\u00bbno-repeat\u00bb bg_stretch=\u00bbtrue\u00bb min_height=\u00bb500&#8243; full_width=\u00bbtrue\u00bb full_height=\u00bbtrue\u00bb padding_top=\u00bb0&#8243; sidebar=\u00bbsidebar-1&#8243;][vc_column][mk_fancy_title color=\u00bb#000000&#8243; size=\u00bb70&#8243; force_font_size=\u00bbtrue\u00bb size_tablet=\u00bb60&#8243; size_phone=\u00bb40&#8243; font_weight=\u00bb600&#8243; txt_transform=\u00bbuppercase\u00bb letter_spacing=\u00bb3&#8243; margin_top=\u00bb200&#8243; margin_bottom=\u00bb0&#8243; font_family=\u00bbnone\u00bb align=\u00bbcenter\u00bb drop_shadow=\u00bbtrue\u00bb shadow_color=\u00bb#000000&#8243;] Ladies Day [\/mk_fancy_title][mk_fancy_title color=\u00bb#000000&#8243; size=\u00bb35&#8243; force_font_size=\u00bbtrue\u00bb size_tablet=\u00bb30&#8243; size_phone=\u00bb25&#8243; font_weight=\u00bb300&#8243; font_style=\u00bbitalic\u00bb font_family=\u00bbnone\u00bb align=\u00bbcenter\u00bb drop_shadow=\u00bbtrue\u00bb shadow_distance=\u00bb1&#8243; shadow_blur=\u00bb1&#8243; shadow_color=\u00bb#000000&#8243;] 30 de mayo 2026 [\/mk_fancy_title][\/vc_column][\/mk_page_section][vc_row][vc_column][mk_padding_divider][vc_row_inner][vc_column_inner width=\u00bb1\/2&#8243;][mk_image src=\u00bbhttps:\/\/www.buchegg.church\/wp-content\/uploads\/ladies-day-date.png\u00bb image_size=\u00bbfull\u00bb][mk_padding_divider size=\u00bb0&#8243;][\/vc_column_inner][vc_column_inner width=\u00bb1\/2&#8243;][vc_column_text css=\u00bb.vc_custom_1768552415025{margin-bottom: 0px [&hellip;]\" \/>\n<meta property=\"og:url\" content=\"https:\/\/www.buchegg.church\/es\/ladiesday\/\" \/>\n<meta property=\"og:site_name\" content=\"buchegg.church\" \/>\n<meta property=\"article:publisher\" content=\"https:\/\/www.facebook.com\/buchegg\" \/>\n<meta property=\"article:modified_time\" content=\"2026-02-10T13:29:41+00:00\" \/>\n<meta name=\"twitter:card\" content=\"summary_large_image\" \/>\n<meta name=\"twitter:label1\" content=\"Tiempo de lectura\" \/>\n\t<meta name=\"twitter:data1\" content=\"3 minutos\" \/>\n<script type=\"application\/ld+json\" class=\"yoast-schema-graph\">{\"@context\":\"https:\\\/\\\/schema.org\",\"@graph\":[{\"@type\":\"WebPage\",\"@id\":\"https:\\\/\\\/www.buchegg.church\\\/es\\\/ladiesday\\\/\",\"url\":\"https:\\\/\\\/www.buchegg.church\\\/es\\\/ladiesday\\\/\",\"name\":\"Ladies Day - buchegg.church\",\"isPartOf\":{\"@id\":\"https:\\\/\\\/www.buchegg.church\\\/#website\"},\"datePublished\":\"2020-09-18T13:06:00+00:00\",\"dateModified\":\"2026-02-10T13:29:41+00:00\",\"breadcrumb\":{\"@id\":\"https:\\\/\\\/www.buchegg.church\\\/es\\\/ladiesday\\\/#breadcrumb\"},\"inLanguage\":\"es\",\"potentialAction\":[{\"@type\":\"ReadAction\",\"target\":[\"https:\\\/\\\/www.buchegg.church\\\/es\\\/ladiesday\\\/\"]}]},{\"@type\":\"BreadcrumbList\",\"@id\":\"https:\\\/\\\/www.buchegg.church\\\/es\\\/ladiesday\\\/#breadcrumb\",\"itemListElement\":[{\"@type\":\"ListItem\",\"position\":1,\"name\":\"Startseite\",\"item\":\"https:\\\/\\\/www.buchegg.church\\\/es\\\/\"},{\"@type\":\"ListItem\",\"position\":2,\"name\":\"Ladies Day\"}]},{\"@type\":\"WebSite\",\"@id\":\"https:\\\/\\\/www.buchegg.church\\\/#website\",\"url\":\"https:\\\/\\\/www.buchegg.church\\\/\",\"name\":\"buchegg.church\",\"description\":\"\",\"publisher\":{\"@id\":\"https:\\\/\\\/www.buchegg.church\\\/#organization\"},\"potentialAction\":[{\"@type\":\"SearchAction\",\"target\":{\"@type\":\"EntryPoint\",\"urlTemplate\":\"https:\\\/\\\/www.buchegg.church\\\/?s={search_term_string}\"},\"query-input\":{\"@type\":\"PropertyValueSpecification\",\"valueRequired\":true,\"valueName\":\"search_term_string\"}}],\"inLanguage\":\"es\"},{\"@type\":\"Organization\",\"@id\":\"https:\\\/\\\/www.buchegg.church\\\/#organization\",\"name\":\"Buchegg Church\",\"url\":\"https:\\\/\\\/www.buchegg.church\\\/\",\"logo\":{\"@type\":\"ImageObject\",\"inLanguage\":\"es\",\"@id\":\"https:\\\/\\\/www.buchegg.church\\\/#\\\/schema\\\/logo\\\/image\\\/\",\"url\":\"https:\\\/\\\/www.buchegg.church\\\/wp-content\\\/uploads\\\/buchegg.png\",\"contentUrl\":\"https:\\\/\\\/www.buchegg.church\\\/wp-content\\\/uploads\\\/buchegg.png\",\"width\":751,\"height\":180,\"caption\":\"Buchegg Church\"},\"image\":{\"@id\":\"https:\\\/\\\/www.buchegg.church\\\/#\\\/schema\\\/logo\\\/image\\\/\"},\"sameAs\":[\"https:\\\/\\\/www.facebook.com\\\/buchegg\",\"https:\\\/\\\/www.instagram.com\\\/buchegg_church\",\"https:\\\/\\\/www.youtube.com\\\/czbzuerich\"]}]}<\/script>\n<!-- \/ Yoast SEO plugin. -->","yoast_head_json":{"title":"Ladies Day - buchegg.church","robots":{"index":"index","follow":"follow","max-snippet":"max-snippet:-1","max-image-preview":"max-image-preview:large","max-video-preview":"max-video-preview:-1"},"canonical":"https:\/\/www.buchegg.church\/es\/ladiesday\/","og_locale":"es_ES","og_type":"article","og_title":"Ladies Day - buchegg.church","og_description":"[vc_row][vc_column][\/vc_column][\/vc_row][mk_page_section bg_image=\u00bbhttps:\/\/www.buchegg.church\/wp-content\/uploads\/ladies-day.png\u00bb bg_color=\u00bb#000000&#8243; attachment=\u00bbfixed\u00bb bg_position=\u00bbcenter top\u00bb bg_repeat=\u00bbno-repeat\u00bb bg_stretch=\u00bbtrue\u00bb min_height=\u00bb500&#8243; full_width=\u00bbtrue\u00bb full_height=\u00bbtrue\u00bb padding_top=\u00bb0&#8243; sidebar=\u00bbsidebar-1&#8243;][vc_column][mk_fancy_title color=\u00bb#000000&#8243; size=\u00bb70&#8243; force_font_size=\u00bbtrue\u00bb size_tablet=\u00bb60&#8243; size_phone=\u00bb40&#8243; font_weight=\u00bb600&#8243; txt_transform=\u00bbuppercase\u00bb letter_spacing=\u00bb3&#8243; margin_top=\u00bb200&#8243; margin_bottom=\u00bb0&#8243; font_family=\u00bbnone\u00bb align=\u00bbcenter\u00bb drop_shadow=\u00bbtrue\u00bb shadow_color=\u00bb#000000&#8243;] Ladies Day [\/mk_fancy_title][mk_fancy_title color=\u00bb#000000&#8243; size=\u00bb35&#8243; force_font_size=\u00bbtrue\u00bb size_tablet=\u00bb30&#8243; size_phone=\u00bb25&#8243; font_weight=\u00bb300&#8243; font_style=\u00bbitalic\u00bb font_family=\u00bbnone\u00bb align=\u00bbcenter\u00bb drop_shadow=\u00bbtrue\u00bb shadow_distance=\u00bb1&#8243; shadow_blur=\u00bb1&#8243; shadow_color=\u00bb#000000&#8243;] 30 de mayo 2026 [\/mk_fancy_title][\/vc_column][\/mk_page_section][vc_row][vc_column][mk_padding_divider][vc_row_inner][vc_column_inner width=\u00bb1\/2&#8243;][mk_image src=\u00bbhttps:\/\/www.buchegg.church\/wp-content\/uploads\/ladies-day-date.png\u00bb image_size=\u00bbfull\u00bb][mk_padding_divider size=\u00bb0&#8243;][\/vc_column_inner][vc_column_inner width=\u00bb1\/2&#8243;][vc_column_text css=\u00bb.vc_custom_1768552415025{margin-bottom: 0px [&hellip;]","og_url":"https:\/\/www.buchegg.church\/es\/ladiesday\/","og_site_name":"buchegg.church","article_publisher":"https:\/\/www.facebook.com\/buchegg","article_modified_time":"2026-02-10T13:29:41+00:00","twitter_card":"summary_large_image","twitter_misc":{"Tiempo de lectura":"3 minutos"},"schema":{"@context":"https:\/\/schema.org","@graph":[{"@type":"WebPage","@id":"https:\/\/www.buchegg.church\/es\/ladiesday\/","url":"https:\/\/www.buchegg.church\/es\/ladiesday\/","name":"Ladies Day - buchegg.church","isPartOf":{"@id":"https:\/\/www.buchegg.church\/#website"},"datePublished":"2020-09-18T13:06:00+00:00","dateModified":"2026-02-10T13:29:41+00:00","breadcrumb":{"@id":"https:\/\/www.buchegg.church\/es\/ladiesday\/#breadcrumb"},"inLanguage":"es","potentialAction":[{"@type":"ReadAction","target":["https:\/\/www.buchegg.church\/es\/ladiesday\/"]}]},{"@type":"BreadcrumbList","@id":"https:\/\/www.buchegg.church\/es\/ladiesday\/#breadcrumb","itemListElement":[{"@type":"ListItem","position":1,"name":"Startseite","item":"https:\/\/www.buchegg.church\/es\/"},{"@type":"ListItem","position":2,"name":"Ladies Day"}]},{"@type":"WebSite","@id":"https:\/\/www.buchegg.church\/#website","url":"https:\/\/www.buchegg.church\/","name":"buchegg.church","description":"","publisher":{"@id":"https:\/\/www.buchegg.church\/#organization"},"potentialAction":[{"@type":"SearchAction","target":{"@type":"EntryPoint","urlTemplate":"https:\/\/www.buchegg.church\/?s={search_term_string}"},"query-input":{"@type":"PropertyValueSpecification","valueRequired":true,"valueName":"search_term_string"}}],"inLanguage":"es"},{"@type":"Organization","@id":"https:\/\/www.buchegg.church\/#organization","name":"Buchegg Church","url":"https:\/\/www.buchegg.church\/","logo":{"@type":"ImageObject","inLanguage":"es","@id":"https:\/\/www.buchegg.church\/#\/schema\/logo\/image\/","url":"https:\/\/www.buchegg.church\/wp-content\/uploads\/buchegg.png","contentUrl":"https:\/\/www.buchegg.church\/wp-content\/uploads\/buchegg.png","width":751,"height":180,"caption":"Buchegg Church"},"image":{"@id":"https:\/\/www.buchegg.church\/#\/schema\/logo\/image\/"},"sameAs":["https:\/\/www.facebook.com\/buchegg","https:\/\/www.instagram.com\/buchegg_church","https:\/\/www.youtube.com\/czbzuerich"]}]}},"_links":{"self":[{"href":"https:\/\/www.buchegg.church\/es\/wp-json\/wp\/v2\/pages\/1622094","targetHints":{"allow":["GET"]}}],"collection":[{"href":"https:\/\/www.buchegg.church\/es\/wp-json\/wp\/v2\/pages"}],"about":[{"href":"https:\/\/www.buchegg.church\/es\/wp-json\/wp\/v2\/types\/page"}],"author":[{"embeddable":true,"href":"https:\/\/www.buchegg.church\/es\/wp-json\/wp\/v2\/users\/4"}],"replies":[{"embeddable":true,"href":"https:\/\/www.buchegg.church\/es\/wp-json\/wp\/v2\/comments?post=1622094"}],"version-history":[{"count":12,"href":"https:\/\/www.buchegg.church\/es\/wp-json\/wp\/v2\/pages\/1622094\/revisions"}],"predecessor-version":[{"id":5181112,"href":"https:\/\/www.buchegg.church\/es\/wp-json\/wp\/v2\/pages\/1622094\/revisions\/5181112"}],"wp:attachment":[{"href":"https:\/\/www.buchegg.church\/es\/wp-json\/wp\/v2\/media?parent=1622094"}],"curies":[{"name":"wp","href":"https:\/\/api.w.org\/{rel}","templated":true}]}}