{"id":12041,"date":"2018-01-21T17:45:24","date_gmt":"2018-01-21T16:45:24","guid":{"rendered":"https:\/\/www.buchegg.church\/einen-unterschied-machen\/"},"modified":"2026-03-12T15:50:42","modified_gmt":"2026-03-12T14:50:42","slug":"marcar-la-diferencia","status":"publish","type":"page","link":"https:\/\/www.buchegg.church\/es\/marcar-la-diferencia\/","title":{"rendered":"Curso \u00abMarcar la diferencia\u00bb"},"content":{"rendered":"<div class=\"wpb-content-wrapper\">[vc_row][vc_column][\/vc_column][\/vc_row][mk_page_section bg_image=\u00bb\/wp-content\/uploads\/einenunterschiedmachen-top.jpg\u00bb bg_color=\u00bb#000000&#8243; attachment=\u00bbfixed\u00bb bg_position=\u00bbcenter top\u00bb bg_repeat=\u00bbno-repeat\u00bb bg_stretch=\u00bbtrue\u00bb min_height=\u00bb500&#8243; full_width=\u00bbtrue\u00bb padding_top=\u00bb0&#8243; sidebar=\u00bbsidebar-1&#8243;][vc_column][mk_fancy_title color=\u00bb#ffffff\u00bb size=\u00bb70&#8243; force_font_size=\u00bbtrue\u00bb size_tablet=\u00bb60&#8243; size_phone=\u00bb40&#8243; font_weight=\u00bb600&#8243; txt_transform=\u00bbuppercase\u00bb letter_spacing=\u00bb3&#8243; margin_top=\u00bb200&#8243; margin_bottom=\u00bb0&#8243; font_family=\u00bbnone\u00bb align=\u00bbcenter\u00bb]Curso \u00abMarcar la diferencia\u00bb[\/mk_fancy_title][mk_fancy_title color=\u00bb#ffffff\u00bb size=\u00bb35&#8243; force_font_size=\u00bbtrue\u00bb size_tablet=\u00bb30&#8243; size_phone=\u00bb25&#8243; font_weight=\u00bb300&#8243; font_style=\u00bbitalic\u00bb font_family=\u00bbnone\u00bb align=\u00bbcenter\u00bb]Curso de lideranza: Invertir tu vida para marcar la diferencia en la vida de otras personas[\/mk_fancy_title][\/vc_column][\/mk_page_section][vc_row][vc_column][mk_padding_divider][mk_fancy_title size=\u00bb45&#8243; force_font_size=\u00bbtrue\u00bb size_tablet=\u00bb35&#8243; size_phone=\u00bb35&#8243; font_weight=\u00bb600&#8243; margin_top=\u00bb40&#8243; margin_bottom=\u00bb0&#8243; font_family=\u00bbnone\u00bb align=\u00bbcenter\u00bb]Fechas de las clases[\/mk_fancy_title][mk_padding_divider][vc_row_inner][vc_column_inner width=\u00bb1\/2&#8243;][mk_image src=\u00bbhttps:\/\/www.buchegg.church\/wp-content\/uploads\/ep_einen-unterschied-machen_es.png\u00bb image_size=\u00bbfull\u00bb][\/vc_column_inner][vc_column_inner width=\u00bb1\/2&#8243;][vc_column_text css=\u00bb.vc_custom_1766421520391{margin-bottom: 0px !important;}\u00bb]\u00bfP\u00f3r que yo? C\u00f3mo puedo impactar positivamente a quienes me rodean? Este curso te motiva a atreverte a hacer grandes cosas con Dios y te capacita como L\u00edder de un Team o Grupo peque\u00f1o.[\/vc_column_text][vc_column_text el_class=\u00bbkursdetails\u00bb css=\u00bb.vc_custom_1773327037619{margin-bottom: 0px !important;}\u00bb]\n<table>\n<tbody>\n<tr>\n<td class=\"kursdetails-table-header\">Fechas:<\/td>\n<td class=\"kursdetails-table-details\">11.02. | 18.02. | 18.03. | 08.04. | 29.04. | 13.05. | 27.05. y 10.06.26<\/td>\n<\/tr>\n<tr>\n<td class=\"kursdetails-table-header\">Horario:<\/td>\n<td class=\"kursdetails-table-details\">19:30 \u2013 21 h<\/td>\n<\/tr>\n<tr>\n<td class=\"kursdetails-table-header\">Lugar:<\/td>\n<td class=\"kursdetails-table-details\">Sala 112<\/td>\n<\/tr>\n<tr>\n<td class=\"kursdetails-table-header\">Requisitos:<\/td>\n<td class=\"kursdetails-table-details\">\n<ul>\n<li>Ser miembro de la iglesia<\/li>\n<li>Haber aprobado el curso \u00abConocer a Dios y servirle\u00bb<\/li>\n<li>Recomendaci\u00f3n del l\u00edder del grupo peque\u00f1o<\/li>\n<\/ul>\n<\/td>\n<\/tr>\n<tr>\n<td class=\"kursdetails-table-header\"><\/td>\n<td class=\"kursdetails-table-details\"><\/td>\n<\/tr>\n<\/tbody>\n<\/table>\n[\/vc_column_text][vc_column_text css=\u00bb.vc_custom_1766421541201{margin-bottom: 0px !important;}\u00bb]<strong><em>Feedback de un participante<\/em><\/strong><\/p>\n<p><em>\u00abEl curso me ayud\u00f3 a enfocarme, a ver qu\u00e9 \u00e1reas de mi vida necesitan m\u00e1s atenci\u00f3n para seguir creciendo como l\u00edder.\u00bb (Carlos)<\/em><\/p>\n[\/vc_column_text][mk_button dimension=\u00bbflat\u00bb url=\u00bb#inscripci\u00f3n\u00bb]Inscripci\u00f3n[\/mk_button][\/vc_column_inner][\/vc_row_inner][mk_padding_divider][\/vc_column][\/vc_row][mk_page_section bg_image=\u00bb\/wp-content\/uploads\/einenunterschiedmachen.jpg\u00bb attachment=\u00bbfixed\u00bb bg_position=\u00bbcenter top\u00bb bg_repeat=\u00bbno-repeat\u00bb bg_stretch=\u00bbtrue\u00bb min_height=\u00bb400&#8243; sidebar=\u00bbsidebar-1&#8243;][vc_column][\/vc_column][\/mk_page_section][vc_row id=\u00bbinscripci\u00f3n\u00bb][vc_column][mk_fancy_title size=\u00bb45&#8243; force_font_size=\u00bbtrue\u00bb size_tablet=\u00bb35&#8243; size_phone=\u00bb35&#8243; font_weight=\u00bb600&#8243; margin_top=\u00bb40&#8243; margin_bottom=\u00bb0&#8243; font_family=\u00bbnone\u00bb align=\u00bbcenter\u00bb]Inscripci\u00f3n[\/mk_fancy_title]\n<div class=\"wpcf7 no-js\" id=\"wpcf7-f360041-o1\" lang=\"de-DE\" dir=\"ltr\" data-wpcf7-id=\"360041\">\n<div class=\"screen-reader-response\"><p role=\"status\" aria-live=\"polite\" aria-atomic=\"true\"><\/p> <ul><\/ul><\/div>\n<form action=\"\/es\/wp-json\/wp\/v2\/pages\/12041#wpcf7-f360041-o1\" method=\"post\" class=\"wpcf7-form init\" aria-label=\"Kontaktformular\" novalidate=\"novalidate\" data-status=\"init\">\n<fieldset class=\"hidden-fields-container\"><input type=\"hidden\" name=\"_wpcf7\" value=\"360041\" \/><input type=\"hidden\" name=\"_wpcf7_version\" value=\"6.1.5\" \/><input type=\"hidden\" name=\"_wpcf7_locale\" value=\"de_DE\" \/><input type=\"hidden\" name=\"_wpcf7_unit_tag\" value=\"wpcf7-f360041-o1\" \/><input type=\"hidden\" name=\"_wpcf7_container_post\" value=\"0\" \/><input type=\"hidden\" name=\"_wpcf7_posted_data_hash\" value=\"\" \/><input type=\"hidden\" name=\"_wpcf7_recaptcha_response\" value=\"\" \/>\n<\/fieldset>\n<p><label>Nombre<br \/>\n<span class=\"wpcf7-form-control-wrap\" data-name=\"Vorname\"><input size=\"40\" maxlength=\"400\" class=\"wpcf7-form-control wpcf7-text wpcf7-validates-as-required\" aria-required=\"true\" aria-invalid=\"false\" value=\"\" type=\"text\" name=\"Vorname\" \/><\/span><\/label>\n<\/p>\n<p><label>Apellido<br \/>\n<span class=\"wpcf7-form-control-wrap\" data-name=\"Nachname\"><input size=\"40\" maxlength=\"400\" class=\"wpcf7-form-control wpcf7-text wpcf7-validates-as-required\" aria-required=\"true\" aria-invalid=\"false\" value=\"\" type=\"text\" name=\"Nachname\" \/><\/span><\/label>\n<\/p>\n<p><label>E-mail<br \/>\n<span class=\"wpcf7-form-control-wrap\" data-name=\"E-Mail\"><input size=\"40\" maxlength=\"400\" class=\"wpcf7-form-control wpcf7-email wpcf7-validates-as-required wpcf7-text wpcf7-validates-as-email\" aria-required=\"true\" aria-invalid=\"false\" value=\"\" type=\"email\" name=\"E-Mail\" \/><\/span><\/label>\n<\/p>\n<p><label>Trabajo en el ministerio de<br \/>\n<span class=\"wpcf7-form-control-wrap\" data-name=\"Dienstbereich\"><input size=\"40\" maxlength=\"400\" class=\"wpcf7-form-control wpcf7-text wpcf7-validates-as-required\" aria-required=\"true\" aria-invalid=\"false\" value=\"\" type=\"text\" name=\"Dienstbereich\" \/><\/span><\/label>\n<\/p>\n<p><label>L\u00edder de tu Grupo Peque\u00f1o<br \/>\n<span class=\"wpcf7-form-control-wrap\" data-name=\"Kleingruppenleiter\"><input size=\"40\" maxlength=\"400\" class=\"wpcf7-form-control wpcf7-text\" aria-invalid=\"false\" value=\"\" type=\"text\" name=\"Kleingruppenleiter\" \/><\/span><\/label>\n<\/p>\n<p><label>\u00bfSoy miembro de la iglesia?<\/label><br \/>\n<span class=\"wpcf7-form-control-wrap\" data-name=\"Mitglied\"><span class=\"wpcf7-form-control wpcf7-radio\"><span class=\"wpcf7-list-item first\"><input type=\"radio\" name=\"Mitglied\" value=\"si\" \/><span class=\"wpcf7-list-item-label\">si<\/span><\/span><span class=\"wpcf7-list-item last\"><input type=\"radio\" name=\"Mitglied\" value=\"no\" \/><span class=\"wpcf7-list-item-label\">no<\/span><\/span><\/span><\/span>\n<\/p>\n<p><label>Aprob\u00e9 el curso \u00abConocer a Dios y servirle\u00bb<\/label><br \/>\n<span class=\"wpcf7-form-control-wrap\" data-name=\"EzD\"><span class=\"wpcf7-form-control wpcf7-radio\"><span class=\"wpcf7-list-item first\"><input type=\"radio\" name=\"EzD\" value=\"si\" \/><span class=\"wpcf7-list-item-label\">si<\/span><\/span><span class=\"wpcf7-list-item last\"><input type=\"radio\" name=\"EzD\" value=\"no\" \/><span class=\"wpcf7-list-item-label\">no<\/span><\/span><\/span><\/span>\n<\/p>\n<p><label>Mi l\u00edder de Grupo Peque\u00f1o o mi l\u00edder de ministerio sabe que voy a visitar este curso<\/label><br \/>\n<span class=\"wpcf7-form-control-wrap\" data-name=\"KG_LT_Info\"><span class=\"wpcf7-form-control wpcf7-radio\"><span class=\"wpcf7-list-item first\"><input type=\"radio\" name=\"KG_LT_Info\" value=\"si\" \/><span class=\"wpcf7-list-item-label\">si<\/span><\/span><span class=\"wpcf7-list-item last\"><input type=\"radio\" name=\"KG_LT_Info\" value=\"no\" \/><span class=\"wpcf7-list-item-label\">no<\/span><\/span><\/span><\/span>\n<\/p>\n<p>Comentario<br \/>\n<span class=\"wpcf7-form-control-wrap\" data-name=\"Bemerkungen\"><textarea cols=\"40\" rows=\"3\" maxlength=\"2000\" class=\"wpcf7-form-control wpcf7-textarea\" aria-invalid=\"false\" name=\"Bemerkungen\"><\/textarea><\/span>\n<\/p>\n<p><label>Spam-Schutz<br \/>\n\t<\/label>\n<\/p>\n<p><input class=\"wpcf7-form-control wpcf7-submit has-spinner\" type=\"submit\" value=\"Enviar\" \/>\n<\/p><div class=\"wpcf7-response-output\" aria-hidden=\"true\"><\/div>\n<\/form>\n<\/div>\n[mk_padding_divider][\/vc_column][\/vc_row][mk_page_section bg_image=\u00bb\/wp-content\/uploads\/einenunterschiedmachen.jpg\u00bb attachment=\u00bbfixed\u00bb bg_position=\u00bbcenter top\u00bb bg_repeat=\u00bbno-repeat\u00bb bg_stretch=\u00bbtrue\u00bb min_height=\u00bb400&#8243; sidebar=\u00bbsidebar-1&#8243;][vc_column][\/vc_column][\/mk_page_section]\n<\/div>","protected":false},"excerpt":{"rendered":"<p>[vc_row][vc_column][\/vc_column][\/vc_row][mk_page_section bg_image=\u00bb\/wp-content\/uploads\/einenunterschiedmachen-top.jpg\u00bb bg_color=\u00bb#000000&#8243; attachment=\u00bbfixed\u00bb bg_position=\u00bbcenter top\u00bb bg_repeat=\u00bbno-repeat\u00bb bg_stretch=\u00bbtrue\u00bb min_height=\u00bb500&#8243; full_width=\u00bbtrue\u00bb padding_top=\u00bb0&#8243; sidebar=\u00bbsidebar-1&#8243;][vc_column][mk_fancy_title color=\u00bb#ffffff\u00bb size=\u00bb70&#8243; force_font_size=\u00bbtrue\u00bb size_tablet=\u00bb60&#8243; size_phone=\u00bb40&#8243; font_weight=\u00bb600&#8243; txt_transform=\u00bbuppercase\u00bb letter_spacing=\u00bb3&#8243; margin_top=\u00bb200&#8243; margin_bottom=\u00bb0&#8243; font_family=\u00bbnone\u00bb align=\u00bbcenter\u00bb]Curso \u00abMarcar la diferencia\u00bb[\/mk_fancy_title][mk_fancy_title color=\u00bb#ffffff\u00bb size=\u00bb35&#8243; force_font_size=\u00bbtrue\u00bb size_tablet=\u00bb30&#8243; size_phone=\u00bb25&#8243; font_weight=\u00bb300&#8243; font_style=\u00bbitalic\u00bb font_family=\u00bbnone\u00bb align=\u00bbcenter\u00bb]Curso de lideranza: Invertir tu vida para marcar la diferencia en la vida de otras personas[\/mk_fancy_title][\/vc_column][\/mk_page_section][vc_row][vc_column][mk_padding_divider][mk_fancy_title size=\u00bb45&#8243; force_font_size=\u00bbtrue\u00bb size_tablet=\u00bb35&#8243; size_phone=\u00bb35&#8243; [&hellip;]<\/p>\n","protected":false},"author":1,"featured_media":0,"parent":0,"menu_order":0,"comment_status":"closed","ping_status":"closed","template":"","meta":{"footnotes":""},"class_list":["post-12041","page","type-page","status-publish","hentry"],"yoast_head":"<!-- This site is optimized with the Yoast SEO plugin v27.5 - https:\/\/yoast.com\/product\/yoast-seo-wordpress\/ -->\n<title>Curso \u00abMarcar la diferencia\u00bb - buchegg.church<\/title>\n<meta name=\"robots\" content=\"index, follow, max-snippet:-1, max-image-preview:large, max-video-preview:-1\" \/>\n<link rel=\"canonical\" href=\"https:\/\/www.buchegg.church\/es\/marcar-la-diferencia\/\" \/>\n<meta property=\"og:locale\" content=\"es_ES\" \/>\n<meta property=\"og:type\" content=\"article\" \/>\n<meta property=\"og:title\" content=\"Curso \u00abMarcar la diferencia\u00bb - buchegg.church\" \/>\n<meta property=\"og:description\" content=\"[vc_row][vc_column][\/vc_column][\/vc_row][mk_page_section bg_image=\u00bb\/wp-content\/uploads\/einenunterschiedmachen-top.jpg\u00bb bg_color=\u00bb#000000&#8243; attachment=\u00bbfixed\u00bb bg_position=\u00bbcenter top\u00bb bg_repeat=\u00bbno-repeat\u00bb bg_stretch=\u00bbtrue\u00bb min_height=\u00bb500&#8243; full_width=\u00bbtrue\u00bb padding_top=\u00bb0&#8243; sidebar=\u00bbsidebar-1&#8243;][vc_column][mk_fancy_title color=\u00bb#ffffff\u00bb size=\u00bb70&#8243; force_font_size=\u00bbtrue\u00bb size_tablet=\u00bb60&#8243; size_phone=\u00bb40&#8243; font_weight=\u00bb600&#8243; txt_transform=\u00bbuppercase\u00bb letter_spacing=\u00bb3&#8243; margin_top=\u00bb200&#8243; margin_bottom=\u00bb0&#8243; font_family=\u00bbnone\u00bb align=\u00bbcenter\u00bb]Curso \u00abMarcar la diferencia\u00bb[\/mk_fancy_title][mk_fancy_title color=\u00bb#ffffff\u00bb size=\u00bb35&#8243; force_font_size=\u00bbtrue\u00bb size_tablet=\u00bb30&#8243; size_phone=\u00bb25&#8243; font_weight=\u00bb300&#8243; font_style=\u00bbitalic\u00bb font_family=\u00bbnone\u00bb align=\u00bbcenter\u00bb]Curso de lideranza: Invertir tu vida para marcar la diferencia en la vida de otras personas[\/mk_fancy_title][\/vc_column][\/mk_page_section][vc_row][vc_column][mk_padding_divider][mk_fancy_title size=\u00bb45&#8243; force_font_size=\u00bbtrue\u00bb size_tablet=\u00bb35&#8243; size_phone=\u00bb35&#8243; [&hellip;]\" \/>\n<meta property=\"og:url\" content=\"https:\/\/www.buchegg.church\/es\/marcar-la-diferencia\/\" \/>\n<meta property=\"og:site_name\" content=\"buchegg.church\" \/>\n<meta property=\"article:publisher\" content=\"https:\/\/www.facebook.com\/buchegg\" \/>\n<meta property=\"article:modified_time\" content=\"2026-03-12T14:50:42+00:00\" \/>\n<meta name=\"twitter:card\" content=\"summary_large_image\" \/>\n<meta name=\"twitter:label1\" content=\"Tiempo de lectura\" \/>\n\t<meta name=\"twitter:data1\" content=\"2 minutos\" \/>\n<script type=\"application\/ld+json\" class=\"yoast-schema-graph\">{\"@context\":\"https:\\\/\\\/schema.org\",\"@graph\":[{\"@type\":\"WebPage\",\"@id\":\"https:\\\/\\\/www.buchegg.church\\\/es\\\/marcar-la-diferencia\\\/\",\"url\":\"https:\\\/\\\/www.buchegg.church\\\/es\\\/marcar-la-diferencia\\\/\",\"name\":\"Curso \u00abMarcar la diferencia\u00bb - buchegg.church\",\"isPartOf\":{\"@id\":\"https:\\\/\\\/www.buchegg.church\\\/#website\"},\"datePublished\":\"2018-01-21T16:45:24+00:00\",\"dateModified\":\"2026-03-12T14:50:42+00:00\",\"breadcrumb\":{\"@id\":\"https:\\\/\\\/www.buchegg.church\\\/es\\\/marcar-la-diferencia\\\/#breadcrumb\"},\"inLanguage\":\"es\",\"potentialAction\":[{\"@type\":\"ReadAction\",\"target\":[\"https:\\\/\\\/www.buchegg.church\\\/es\\\/marcar-la-diferencia\\\/\"]}]},{\"@type\":\"BreadcrumbList\",\"@id\":\"https:\\\/\\\/www.buchegg.church\\\/es\\\/marcar-la-diferencia\\\/#breadcrumb\",\"itemListElement\":[{\"@type\":\"ListItem\",\"position\":1,\"name\":\"Startseite\",\"item\":\"https:\\\/\\\/www.buchegg.church\\\/es\\\/\"},{\"@type\":\"ListItem\",\"position\":2,\"name\":\"Curso \u00abMarcar la diferencia\u00bb\"}]},{\"@type\":\"WebSite\",\"@id\":\"https:\\\/\\\/www.buchegg.church\\\/#website\",\"url\":\"https:\\\/\\\/www.buchegg.church\\\/\",\"name\":\"buchegg.church\",\"description\":\"\",\"publisher\":{\"@id\":\"https:\\\/\\\/www.buchegg.church\\\/#organization\"},\"potentialAction\":[{\"@type\":\"SearchAction\",\"target\":{\"@type\":\"EntryPoint\",\"urlTemplate\":\"https:\\\/\\\/www.buchegg.church\\\/?s={search_term_string}\"},\"query-input\":{\"@type\":\"PropertyValueSpecification\",\"valueRequired\":true,\"valueName\":\"search_term_string\"}}],\"inLanguage\":\"es\"},{\"@type\":\"Organization\",\"@id\":\"https:\\\/\\\/www.buchegg.church\\\/#organization\",\"name\":\"Buchegg Church\",\"url\":\"https:\\\/\\\/www.buchegg.church\\\/\",\"logo\":{\"@type\":\"ImageObject\",\"inLanguage\":\"es\",\"@id\":\"https:\\\/\\\/www.buchegg.church\\\/#\\\/schema\\\/logo\\\/image\\\/\",\"url\":\"https:\\\/\\\/www.buchegg.church\\\/wp-content\\\/uploads\\\/buchegg.png\",\"contentUrl\":\"https:\\\/\\\/www.buchegg.church\\\/wp-content\\\/uploads\\\/buchegg.png\",\"width\":751,\"height\":180,\"caption\":\"Buchegg Church\"},\"image\":{\"@id\":\"https:\\\/\\\/www.buchegg.church\\\/#\\\/schema\\\/logo\\\/image\\\/\"},\"sameAs\":[\"https:\\\/\\\/www.facebook.com\\\/buchegg\",\"https:\\\/\\\/www.instagram.com\\\/buchegg_church\",\"https:\\\/\\\/www.youtube.com\\\/czbzuerich\"]}]}<\/script>\n<!-- \/ Yoast SEO plugin. -->","yoast_head_json":{"title":"Curso \u00abMarcar la diferencia\u00bb - buchegg.church","robots":{"index":"index","follow":"follow","max-snippet":"max-snippet:-1","max-image-preview":"max-image-preview:large","max-video-preview":"max-video-preview:-1"},"canonical":"https:\/\/www.buchegg.church\/es\/marcar-la-diferencia\/","og_locale":"es_ES","og_type":"article","og_title":"Curso \u00abMarcar la diferencia\u00bb - buchegg.church","og_description":"[vc_row][vc_column][\/vc_column][\/vc_row][mk_page_section bg_image=\u00bb\/wp-content\/uploads\/einenunterschiedmachen-top.jpg\u00bb bg_color=\u00bb#000000&#8243; attachment=\u00bbfixed\u00bb bg_position=\u00bbcenter top\u00bb bg_repeat=\u00bbno-repeat\u00bb bg_stretch=\u00bbtrue\u00bb min_height=\u00bb500&#8243; full_width=\u00bbtrue\u00bb padding_top=\u00bb0&#8243; sidebar=\u00bbsidebar-1&#8243;][vc_column][mk_fancy_title color=\u00bb#ffffff\u00bb size=\u00bb70&#8243; force_font_size=\u00bbtrue\u00bb size_tablet=\u00bb60&#8243; size_phone=\u00bb40&#8243; font_weight=\u00bb600&#8243; txt_transform=\u00bbuppercase\u00bb letter_spacing=\u00bb3&#8243; margin_top=\u00bb200&#8243; margin_bottom=\u00bb0&#8243; font_family=\u00bbnone\u00bb align=\u00bbcenter\u00bb]Curso \u00abMarcar la diferencia\u00bb[\/mk_fancy_title][mk_fancy_title color=\u00bb#ffffff\u00bb size=\u00bb35&#8243; force_font_size=\u00bbtrue\u00bb size_tablet=\u00bb30&#8243; size_phone=\u00bb25&#8243; font_weight=\u00bb300&#8243; font_style=\u00bbitalic\u00bb font_family=\u00bbnone\u00bb align=\u00bbcenter\u00bb]Curso de lideranza: Invertir tu vida para marcar la diferencia en la vida de otras personas[\/mk_fancy_title][\/vc_column][\/mk_page_section][vc_row][vc_column][mk_padding_divider][mk_fancy_title size=\u00bb45&#8243; force_font_size=\u00bbtrue\u00bb size_tablet=\u00bb35&#8243; size_phone=\u00bb35&#8243; [&hellip;]","og_url":"https:\/\/www.buchegg.church\/es\/marcar-la-diferencia\/","og_site_name":"buchegg.church","article_publisher":"https:\/\/www.facebook.com\/buchegg","article_modified_time":"2026-03-12T14:50:42+00:00","twitter_card":"summary_large_image","twitter_misc":{"Tiempo de lectura":"2 minutos"},"schema":{"@context":"https:\/\/schema.org","@graph":[{"@type":"WebPage","@id":"https:\/\/www.buchegg.church\/es\/marcar-la-diferencia\/","url":"https:\/\/www.buchegg.church\/es\/marcar-la-diferencia\/","name":"Curso \u00abMarcar la diferencia\u00bb - buchegg.church","isPartOf":{"@id":"https:\/\/www.buchegg.church\/#website"},"datePublished":"2018-01-21T16:45:24+00:00","dateModified":"2026-03-12T14:50:42+00:00","breadcrumb":{"@id":"https:\/\/www.buchegg.church\/es\/marcar-la-diferencia\/#breadcrumb"},"inLanguage":"es","potentialAction":[{"@type":"ReadAction","target":["https:\/\/www.buchegg.church\/es\/marcar-la-diferencia\/"]}]},{"@type":"BreadcrumbList","@id":"https:\/\/www.buchegg.church\/es\/marcar-la-diferencia\/#breadcrumb","itemListElement":[{"@type":"ListItem","position":1,"name":"Startseite","item":"https:\/\/www.buchegg.church\/es\/"},{"@type":"ListItem","position":2,"name":"Curso \u00abMarcar la diferencia\u00bb"}]},{"@type":"WebSite","@id":"https:\/\/www.buchegg.church\/#website","url":"https:\/\/www.buchegg.church\/","name":"buchegg.church","description":"","publisher":{"@id":"https:\/\/www.buchegg.church\/#organization"},"potentialAction":[{"@type":"SearchAction","target":{"@type":"EntryPoint","urlTemplate":"https:\/\/www.buchegg.church\/?s={search_term_string}"},"query-input":{"@type":"PropertyValueSpecification","valueRequired":true,"valueName":"search_term_string"}}],"inLanguage":"es"},{"@type":"Organization","@id":"https:\/\/www.buchegg.church\/#organization","name":"Buchegg Church","url":"https:\/\/www.buchegg.church\/","logo":{"@type":"ImageObject","inLanguage":"es","@id":"https:\/\/www.buchegg.church\/#\/schema\/logo\/image\/","url":"https:\/\/www.buchegg.church\/wp-content\/uploads\/buchegg.png","contentUrl":"https:\/\/www.buchegg.church\/wp-content\/uploads\/buchegg.png","width":751,"height":180,"caption":"Buchegg Church"},"image":{"@id":"https:\/\/www.buchegg.church\/#\/schema\/logo\/image\/"},"sameAs":["https:\/\/www.facebook.com\/buchegg","https:\/\/www.instagram.com\/buchegg_church","https:\/\/www.youtube.com\/czbzuerich"]}]}},"_links":{"self":[{"href":"https:\/\/www.buchegg.church\/es\/wp-json\/wp\/v2\/pages\/12041","targetHints":{"allow":["GET"]}}],"collection":[{"href":"https:\/\/www.buchegg.church\/es\/wp-json\/wp\/v2\/pages"}],"about":[{"href":"https:\/\/www.buchegg.church\/es\/wp-json\/wp\/v2\/types\/page"}],"author":[{"embeddable":true,"href":"https:\/\/www.buchegg.church\/es\/wp-json\/wp\/v2\/users\/1"}],"replies":[{"embeddable":true,"href":"https:\/\/www.buchegg.church\/es\/wp-json\/wp\/v2\/comments?post=12041"}],"version-history":[{"count":4,"href":"https:\/\/www.buchegg.church\/es\/wp-json\/wp\/v2\/pages\/12041\/revisions"}],"predecessor-version":[{"id":5183865,"href":"https:\/\/www.buchegg.church\/es\/wp-json\/wp\/v2\/pages\/12041\/revisions\/5183865"}],"wp:attachment":[{"href":"https:\/\/www.buchegg.church\/es\/wp-json\/wp\/v2\/media?parent=12041"}],"curies":[{"name":"wp","href":"https:\/\/api.w.org\/{rel}","templated":true}]}}