{"id":12000,"date":"2018-01-19T10:23:47","date_gmt":"2018-01-19T09:23:47","guid":{"rendered":"https:\/\/www.buchegg.church\/spenden\/"},"modified":"2025-09-16T11:56:39","modified_gmt":"2025-09-16T09:56:39","slug":"donaciones","status":"publish","type":"page","link":"https:\/\/www.buchegg.church\/es\/donaciones\/","title":{"rendered":"Donaciones"},"content":{"rendered":"<div class=\"wpb-content-wrapper\">[vc_row][vc_column][\/vc_column][\/vc_row][mk_page_section bg_image=\u00bb\/wp-content\/uploads\/spenden_top.jpg\u00bb bg_color=\u00bb#000000&#8243; attachment=\u00bbfixed\u00bb bg_position=\u00bbcenter top\u00bb bg_repeat=\u00bbno-repeat\u00bb bg_stretch=\u00bbtrue\u00bb min_height=\u00bb500&#8243; full_width=\u00bbtrue\u00bb padding_top=\u00bb0&#8243; sidebar=\u00bbsidebar-1&#8243;][vc_column][mk_fancy_title color=\u00bb#ffffff\u00bb size=\u00bb70&#8243; force_font_size=\u00bbtrue\u00bb size_tablet=\u00bb60&#8243; size_phone=\u00bb40&#8243; font_weight=\u00bb600&#8243; txt_transform=\u00bbuppercase\u00bb letter_spacing=\u00bb3&#8243; margin_top=\u00bb200&#8243; margin_bottom=\u00bb0&#8243; font_family=\u00bbnone\u00bb align=\u00bbcenter\u00bb]Donaciones[\/mk_fancy_title][mk_fancy_title color=\u00bb#ffffff\u00bb size=\u00bb35&#8243; force_font_size=\u00bbtrue\u00bb size_tablet=\u00bb30&#8243; size_phone=\u00bb25&#8243; font_weight=\u00bb300&#8243; font_style=\u00bbitalic\u00bb font_family=\u00bbnone\u00bb align=\u00bbcenter\u00bb]Marcar la diferencia con las finanzas.[\/mk_fancy_title][\/vc_column][\/mk_page_section][vc_row fullwidth=\u00bbtrue\u00bb][vc_column][vc_wp_custommenu nav_menu=\u00bb41&#8243; el_id=\u00bbhorizontal-menu\u00bb][\/vc_column][\/vc_row][vc_row id=\u00bbposibilidades-para-donar\u00bb][vc_column][mk_fancy_title size=\u00bb45&#8243; force_font_size=\u00bbtrue\u00bb size_tablet=\u00bb35&#8243; size_phone=\u00bb35&#8243; font_weight=\u00bb600&#8243; margin_top=\u00bb40&#8243; margin_bottom=\u00bb0&#8243; font_family=\u00bbnone\u00bb align=\u00bbcenter\u00bb]Posibilidades para donar[\/mk_fancy_title][vc_row_inner][vc_column_inner width=\u00bb1\/2&#8243;][mk_image src=\u00bbhttps:\/\/www.buchegg.church\/wp-content\/uploads\/donaciones-buchegg.jpeg\u00bb image_size=\u00bbfull\u00bb][\/vc_column_inner][vc_column_inner width=\u00bb1\/2&#8243;][vc_column_text css=\u00bb.vc_custom_1586264961677{margin-bottom: 0px !important;}\u00bb]Como iglesia libre nos financiamos con donaciones. \u00a1Gracias por tu apoyo![\/vc_column_text][mk_fancy_title size=\u00bb30&#8243; force_font_size=\u00bbtrue\u00bb size_tablet=\u00bb20&#8243; size_phone=\u00bb20&#8243; font_weight=\u00bb600&#8243; margin_top=\u00bb10&#8243; margin_bottom=\u00bb0&#8243; font_family=\u00bbnone\u00bb responsive_align=\u00bbleft\u00bb]Cuenta bancaria[\/mk_fancy_title][vc_column_text css=\u00bb.vc_custom_1664376766708{margin-bottom: 0px !important;}\u00bb]\n<p>Buchegg Church<br \/>\n(Pfingstmission Z\u00fcrich)<br \/>\nHofwiesenstrasse 143<br \/>\n8057 Z\u00fcrich<br \/>\nPostFinance, 3030 Bern<br \/>\nIBAN: CH18 0900 0000 8000 7143 9<\/p>\n[\/vc_column_text][vc_column_text css=\u00bb.vc_custom_1664375985012{margin-bottom: 0px !important;}\u00bb]\n<p><strong>QR-Code:<\/strong><br \/>\n<img loading=\"lazy\" decoding=\"async\" src=\"\/wp-content\/uploads\/buchegg_qr.svg\" alt=\"\" width=\"194\" height=\"194\" \/><\/p>\n[\/vc_column_text][vc_column_text css=\u00bb.vc_custom_1743411521508{margin-bottom: 0px !important;}\u00bb]<img loading=\"lazy\" decoding=\"async\" class=\"alignnone\" src=\"\/wp-content\/uploads\/payment\/mastercard.svg\" alt=\"\" width=\"128\" height=\"30\" \/><\/p>\n<p><img loading=\"lazy\" decoding=\"async\" class=\"alignnone\" src=\"\/wp-content\/uploads\/payment\/visa.svg\" alt=\"\" width=\"81\" height=\"25\" \/>[\/vc_column_text][mk_button url=\u00bbhttps:\/\/buchegg.payrexx.com\/ch-DE\/pay?cid=ec8e9251&#8243; target=\u00bb_blank\u00bb]\u00a1Dona online![\/mk_button][mk_padding_divider size=\u00bb10&#8243;][mk_fancy_title size=\u00bb30&#8243; force_font_size=\u00bbtrue\u00bb size_tablet=\u00bb20&#8243; size_phone=\u00bb20&#8243; font_weight=\u00bb600&#8243; margin_top=\u00bb20&#8243; margin_bottom=\u00bb0&#8243; font_family=\u00bbnone\u00bb responsive_align=\u00bbleft\u00bb]SMS[\/mk_fancy_title][vc_column_text css=\u00bb.vc_custom_1586265138782{margin-bottom: 0px !important;}\u00bb]Para donar con un SMS, env\u00eda un SMS con el texto \u00abCZB cantidad que deseas donar\u00bb a 488.[\/vc_column_text][mk_padding_divider size=\u00bb10&#8243;][vc_column_text css=\u00bb.vc_custom_1618231566912{margin-bottom: 0px !important;}\u00bb]\n<p><img loading=\"lazy\" decoding=\"async\" src=\"\/wp-content\/uploads\/payment\/twint2.png\" alt=\"\" width=\"150\" height=\"49\" \/><\/p>\n[\/vc_column_text][vc_column_text css=\u00bb.vc_custom_1757943869479{margin-bottom: 0px !important;}\u00bb]<img loading=\"lazy\" decoding=\"async\" src=\"\/wp-content\/uploads\/twint-qr-code-buchegg.png\" alt=\"\" width=\"194\" height=\"194\" \/><\/p>\n<p>Escanea el c\u00f3digo QR con tu aplicaci\u00f3n Twint.<\/p>\n<p><small>Si necesitas un comprobante de la donaci\u00f3n, selecciona <a href=\"https:\/\/buchegg.payrexx.com\/ch-DE\/pay?cid=ec8e9251\" target=\"_blank\" rel=\"noopener\">\u00abDonar de manera f\u00e1cil en l\u00ednea\u00bb<\/a> arriba. All\u00ed puedes donar con Twint despu\u00e9s de ingresar sus datos personales y recibir\u00e1s un comprobante de la donaci\u00f3n .<\/small>[\/vc_column_text][mk_fancy_title size=\u00bb30&#8243; force_font_size=\u00bbtrue\u00bb size_tablet=\u00bb20&#8243; size_phone=\u00bb20&#8243; font_weight=\u00bb600&#8243; margin_top=\u00bb20&#8243; margin_bottom=\u00bb0&#8243; font_family=\u00bbnone\u00bb responsive_align=\u00bbleft\u00bb]Deducibilidad[\/mk_fancy_title][vc_column_text margin_bottom=\u00bb30&#8243; css=\u00bb.vc_custom_1586264953378{margin-bottom: 0px !important;}\u00bb]Las donaciones pueden incluirse en la declaraci\u00f3n de impuestos en diversos cantones de Suiza. Seg\u00fan la disposici\u00f3n Nr. 07\/10399 del 9.8.2007 de la Oficina de Impuestos del Cant\u00f3n de Z\u00farich, la Misi\u00f3n Pentecostal de Z\u00farich est\u00e1, un 50%, libre de impuestos por razones de persecuci\u00f3n y fines religiosos. Las donaciones a la Misi\u00f3n Pentecostal de Z\u00farich se pueden deducir de los impuestos en un 50%.[\/vc_column_text][\/vc_column_inner][\/vc_row_inner][mk_padding_divider][\/vc_column][\/vc_row][mk_page_section bg_image=\u00bb\/wp-content\/uploads\/spenden.jpg\u00bb attachment=\u00bbfixed\u00bb bg_position=\u00bbcenter top\u00bb bg_repeat=\u00bbno-repeat\u00bb bg_stretch=\u00bbtrue\u00bb min_height=\u00bb400&#8243; sidebar=\u00bbsidebar-1&#8243;][vc_column][\/vc_column][\/mk_page_section][vc_row disable_element=\u00bbyes\u00bb id=\u00bbofrenda\u00bb][vc_column][mk_fancy_title size=\u00bb45&#8243; force_font_size=\u00bbtrue\u00bb size_tablet=\u00bb35&#8243; size_phone=\u00bb35&#8243; font_weight=\u00bb600&#8243; margin_top=\u00bb40&#8243; margin_bottom=\u00bb0&#8243; font_family=\u00bbnone\u00bb align=\u00bbcenter\u00bb]Ofrenda Especial \u00abOjos Brillantes de los Ni\u00f1os\u00bb[\/mk_fancy_title][vc_row_inner el_id=\u00bbofferta\u00bb][vc_column_inner width=\u00bb1\/2&#8243;][mk_image src=\u00bbhttps:\/\/www.buchegg.church\/wp-content\/uploads\/sonderopfer.jpg\u00bb image_size=\u00bbfull\u00bb][mk_image src=\u00bbhttps:\/\/www.buchegg.church\/wp-content\/uploads\/kinderraeume.jpg\u00bb][mk_image src=\u00bbhttps:\/\/www.buchegg.church\/wp-content\/uploads\/spielelandschaft.jpg\u00bb][mk_image src=\u00bbhttps:\/\/www.buchegg.church\/wp-content\/uploads\/untiraum_nachher.jpg\u00bb][\/vc_column_inner][vc_column_inner width=\u00bb1\/2&#8243;][vc_column_text css=\u00bb.vc_custom_1528980105682{margin-bottom: 0px !important;}\u00bb]Queremos que los ni\u00f1os y adolescentes esperen el domingo toda la semana. \u00bfPor qu\u00e9? Porque se encuentran con sus amigos en la iglesia, conocen mejor a Dios y se divierten en un lindo lugar. La iglesia deber\u00eda ser un lugar donde nuestros hijos se sientan bienvenidos y en casa, de acuerdo con nuestro lema \u00abWelcome Home!\u00bb. Nuestros ni\u00f1os y adolescentes deben entrar a las salas y sus ojos deber\u00edan brillar.<\/p>\n<p>\u00bfEst\u00e1s dispuesto para apoyar esta petici\u00f3n?[\/vc_column_text][vc_column_text css=\u00bb.vc_custom_1528980135873{margin-bottom: 0px !important;}\u00bb]<strong>Nuevos muebles para el Disponibel<br \/>\n<\/strong>Las paredes de hoy est\u00e1n bellamente pintadas con el motivo del Arca de No\u00e9. Recaudamos para muebles nuevos que optimizen el \u00e1rea de check-in y junto con la imagen del Arca tenga un toque especial.<\/p>\n<p><strong>\u00c1rea de Juegos para Preescolares<br \/>\n<\/strong>Queremos conectar dos salas en el subsuelo para los ni\u00f1os del preescolar. En estas nuevas salas haremos un \u00c1rea de Juego que merezca este nombre.[\/vc_column_text][vc_column_text css=\u00bb.vc_custom_1528980161209{margin-bottom: 0px !important;}\u00bb]<strong>Remodelaci\u00f3n de las Clases del Unti<br \/>\n<\/strong>Cuatro habitaciones para el Unti se transformar\u00e1n de simples \u00abclases\u00bb en modernos salones. En ese ambiente, hay m\u00e1s sensaci\u00f3n de Grupo Peque\u00f1o para los adolescentes.[\/vc_column_text][vc_column_text css=\u00bb.vc_custom_1528980207224{margin-bottom: 0px !important;}\u00bb]Nos alegrar\u00eda poder implementar estos proyectos este a\u00f1o y te agradecemos mucho tu apoyo.<\/p>\n<p>Deposita en nuestra cuenta con la anotaci\u00f3n \u00abLeuchtende Kinderaugen\u00bb[\/vc_column_text][\/vc_column_inner][\/vc_row_inner][mk_padding_divider][\/vc_column][\/vc_row][vc_row disable_element=\u00bbyes\u00bb id=\u00bbpatrocinadores\u00bb][vc_column][mk_fancy_title size=\u00bb45&#8243; force_font_size=\u00bbtrue\u00bb size_tablet=\u00bb35&#8243; size_phone=\u00bb35&#8243; font_weight=\u00bb600&#8243; margin_top=\u00bb40&#8243; margin_bottom=\u00bb0&#8243; font_family=\u00bbnone\u00bb align=\u00bbcenter\u00bb]Patrocinadores[\/mk_fancy_title][vc_row_inner][vc_column_inner width=\u00bb1\/2&#8243;][mk_image src=\u00bb\/wp-content\/uploads\/investitionspaten.jpg\u00bb image_size=\u00bbfull\u00bb][\/vc_column_inner][vc_column_inner width=\u00bb1\/2&#8243;][vc_column_text css=\u00bb.vc_custom_1517657704619{margin-bottom: 0px !important;}\u00bb]Para las personas que desean dar, adem\u00e1s de su diezmo, un apoyo financiero a alg\u00fan proyecto espec\u00edfico:[\/vc_column_text][mk_custom_list style=\u00bbmk-moon-circle-small\u00bb]\n<ul>\n<li><strong>Reemplazo de nuestros buses<\/strong><br \/>\nAlgunos de los buses que usamos principalmente para los campamentos del los ni\u00f1os y j\u00f3venes deben ser reemplazados urgentemente.<\/li>\n<li><strong>Renovaci\u00f3n de la fachada<\/strong><br \/>\nLa fachada del edificio en la Hofwiesenstrasse 141 y 143 necesita una renovaci\u00f3n.<\/li>\n<\/ul>\n[\/mk_custom_list][\/vc_column_inner][\/vc_row_inner][mk_padding_divider][\/vc_column][\/vc_row][vc_row id=\u00bbtestamento\u00bb][vc_column][mk_fancy_title size=\u00bb45&#8243; force_font_size=\u00bbtrue\u00bb size_tablet=\u00bb35&#8243; size_phone=\u00bb35&#8243; font_weight=\u00bb600&#8243; margin_top=\u00bb40&#8243; margin_bottom=\u00bb0&#8243; font_family=\u00bbnone\u00bb align=\u00bbcenter\u00bb]Testamento[\/mk_fancy_title][vc_row_inner][vc_column_inner width=\u00bb1\/2&#8243;][mk_image src=\u00bb\/wp-content\/uploads\/testament2.jpg\u00bb image_size=\u00bbfull\u00bb][\/vc_column_inner][vc_column_inner width=\u00bb1\/2&#8243;][vc_column_text css=\u00bb.vc_custom_1739979286550{margin-bottom: 0px !important;}\u00bb]<strong>Adem\u00e1s de la provisi\u00f3n a tus allegados, tu \u00faltima voluntad puede ayudar tambi\u00e9n a apoyar el evangelio.<\/strong><\/p>\n<p>En tu testamento puedes tomar en cuenta a tu iglesia, la Buchegg Church \/ Silbern Church (Pfingstmission Z\u00fcrich). As\u00ed podr\u00e1s apoyar el Reino de Dios y la propagaci\u00f3n del evangelio.[\/vc_column_text][mk_button dimension=\u00bbflat\u00bb url=\u00bbhttps:\/\/www.buchegg.church\/wp-content\/uploads\/20250218_impulse-zum-testament-2025_einzelseiten-fuer-web.pdf\u00bb target=\u00bb_blank\u00bb]Descargar el \u00abImpulse zum Testament\u00bb[\/mk_button][mk_button dimension=\u00bbflat\u00bb url=\u00bb\/es\/contacto\u00bb]Formulario de contacto[\/mk_button][\/vc_column_inner][\/vc_row_inner][mk_padding_divider][\/vc_column][\/vc_row][mk_page_section bg_image=\u00bb\/wp-content\/uploads\/spenden.jpg\u00bb attachment=\u00bbfixed\u00bb bg_position=\u00bbcenter top\u00bb bg_repeat=\u00bbno-repeat\u00bb bg_stretch=\u00bbtrue\u00bb min_height=\u00bb400&#8243; sidebar=\u00bbsidebar-1&#8243;][vc_column][\/vc_column][\/mk_page_section]\n<\/div>","protected":false},"excerpt":{"rendered":"<p>[vc_row][vc_column][\/vc_column][\/vc_row][mk_page_section bg_image=\u00bb\/wp-content\/uploads\/spenden_top.jpg\u00bb bg_color=\u00bb#000000&#8243; attachment=\u00bbfixed\u00bb bg_position=\u00bbcenter top\u00bb bg_repeat=\u00bbno-repeat\u00bb bg_stretch=\u00bbtrue\u00bb min_height=\u00bb500&#8243; full_width=\u00bbtrue\u00bb padding_top=\u00bb0&#8243; sidebar=\u00bbsidebar-1&#8243;][vc_column][mk_fancy_title color=\u00bb#ffffff\u00bb size=\u00bb70&#8243; force_font_size=\u00bbtrue\u00bb size_tablet=\u00bb60&#8243; size_phone=\u00bb40&#8243; font_weight=\u00bb600&#8243; txt_transform=\u00bbuppercase\u00bb letter_spacing=\u00bb3&#8243; margin_top=\u00bb200&#8243; margin_bottom=\u00bb0&#8243; font_family=\u00bbnone\u00bb align=\u00bbcenter\u00bb]Donaciones[\/mk_fancy_title][mk_fancy_title color=\u00bb#ffffff\u00bb size=\u00bb35&#8243; force_font_size=\u00bbtrue\u00bb size_tablet=\u00bb30&#8243; size_phone=\u00bb25&#8243; font_weight=\u00bb300&#8243; font_style=\u00bbitalic\u00bb font_family=\u00bbnone\u00bb align=\u00bbcenter\u00bb]Marcar la diferencia con las finanzas.[\/mk_fancy_title][\/vc_column][\/mk_page_section][vc_row fullwidth=\u00bbtrue\u00bb][vc_column][vc_wp_custommenu nav_menu=\u00bb41&#8243; el_id=\u00bbhorizontal-menu\u00bb][\/vc_column][\/vc_row][vc_row id=\u00bbposibilidades-para-donar\u00bb][vc_column][mk_fancy_title size=\u00bb45&#8243; force_font_size=\u00bbtrue\u00bb size_tablet=\u00bb35&#8243; size_phone=\u00bb35&#8243; font_weight=\u00bb600&#8243; margin_top=\u00bb40&#8243; margin_bottom=\u00bb0&#8243; font_family=\u00bbnone\u00bb align=\u00bbcenter\u00bb]Posibilidades para donar[\/mk_fancy_title][vc_row_inner][vc_column_inner width=\u00bb1\/2&#8243;][mk_image src=\u00bbhttps:\/\/www.buchegg.church\/wp-content\/uploads\/donaciones-buchegg.jpeg\u00bb [&hellip;]<\/p>\n","protected":false},"author":1,"featured_media":0,"parent":0,"menu_order":0,"comment_status":"closed","ping_status":"closed","template":"","meta":{"footnotes":""},"class_list":["post-12000","page","type-page","status-publish","hentry"],"yoast_head":"<!-- This site is optimized with the Yoast SEO plugin v27.5 - https:\/\/yoast.com\/product\/yoast-seo-wordpress\/ -->\n<title>Donaciones - buchegg.church<\/title>\n<meta name=\"robots\" content=\"index, follow, max-snippet:-1, max-image-preview:large, max-video-preview:-1\" \/>\n<link rel=\"canonical\" href=\"https:\/\/www.buchegg.church\/es\/donaciones\/\" \/>\n<meta property=\"og:locale\" content=\"es_ES\" \/>\n<meta property=\"og:type\" content=\"article\" \/>\n<meta property=\"og:title\" content=\"Donaciones - buchegg.church\" \/>\n<meta property=\"og:description\" content=\"[vc_row][vc_column][\/vc_column][\/vc_row][mk_page_section bg_image=\u00bb\/wp-content\/uploads\/spenden_top.jpg\u00bb bg_color=\u00bb#000000&#8243; attachment=\u00bbfixed\u00bb bg_position=\u00bbcenter top\u00bb bg_repeat=\u00bbno-repeat\u00bb bg_stretch=\u00bbtrue\u00bb min_height=\u00bb500&#8243; full_width=\u00bbtrue\u00bb padding_top=\u00bb0&#8243; sidebar=\u00bbsidebar-1&#8243;][vc_column][mk_fancy_title color=\u00bb#ffffff\u00bb size=\u00bb70&#8243; force_font_size=\u00bbtrue\u00bb size_tablet=\u00bb60&#8243; size_phone=\u00bb40&#8243; font_weight=\u00bb600&#8243; txt_transform=\u00bbuppercase\u00bb letter_spacing=\u00bb3&#8243; margin_top=\u00bb200&#8243; margin_bottom=\u00bb0&#8243; font_family=\u00bbnone\u00bb align=\u00bbcenter\u00bb]Donaciones[\/mk_fancy_title][mk_fancy_title color=\u00bb#ffffff\u00bb size=\u00bb35&#8243; force_font_size=\u00bbtrue\u00bb size_tablet=\u00bb30&#8243; size_phone=\u00bb25&#8243; font_weight=\u00bb300&#8243; font_style=\u00bbitalic\u00bb font_family=\u00bbnone\u00bb align=\u00bbcenter\u00bb]Marcar la diferencia con las finanzas.[\/mk_fancy_title][\/vc_column][\/mk_page_section][vc_row fullwidth=\u00bbtrue\u00bb][vc_column][vc_wp_custommenu nav_menu=\u00bb41&#8243; el_id=\u00bbhorizontal-menu\u00bb][\/vc_column][\/vc_row][vc_row id=\u00bbposibilidades-para-donar\u00bb][vc_column][mk_fancy_title size=\u00bb45&#8243; force_font_size=\u00bbtrue\u00bb size_tablet=\u00bb35&#8243; size_phone=\u00bb35&#8243; font_weight=\u00bb600&#8243; margin_top=\u00bb40&#8243; margin_bottom=\u00bb0&#8243; font_family=\u00bbnone\u00bb align=\u00bbcenter\u00bb]Posibilidades para donar[\/mk_fancy_title][vc_row_inner][vc_column_inner width=\u00bb1\/2&#8243;][mk_image src=\u00bbhttps:\/\/www.buchegg.church\/wp-content\/uploads\/donaciones-buchegg.jpeg\u00bb [&hellip;]\" \/>\n<meta property=\"og:url\" content=\"https:\/\/www.buchegg.church\/es\/donaciones\/\" \/>\n<meta property=\"og:site_name\" content=\"buchegg.church\" \/>\n<meta property=\"article:publisher\" content=\"https:\/\/www.facebook.com\/buchegg\" \/>\n<meta property=\"article:modified_time\" content=\"2025-09-16T09:56:39+00:00\" \/>\n<meta name=\"twitter:card\" content=\"summary_large_image\" \/>\n<meta name=\"twitter:label1\" content=\"Tiempo de lectura\" \/>\n\t<meta name=\"twitter:data1\" content=\"5 minutos\" \/>\n<script type=\"application\/ld+json\" class=\"yoast-schema-graph\">{\"@context\":\"https:\\\/\\\/schema.org\",\"@graph\":[{\"@type\":\"WebPage\",\"@id\":\"https:\\\/\\\/www.buchegg.church\\\/es\\\/donaciones\\\/\",\"url\":\"https:\\\/\\\/www.buchegg.church\\\/es\\\/donaciones\\\/\",\"name\":\"Donaciones - buchegg.church\",\"isPartOf\":{\"@id\":\"https:\\\/\\\/www.buchegg.church\\\/#website\"},\"datePublished\":\"2018-01-19T09:23:47+00:00\",\"dateModified\":\"2025-09-16T09:56:39+00:00\",\"breadcrumb\":{\"@id\":\"https:\\\/\\\/www.buchegg.church\\\/es\\\/donaciones\\\/#breadcrumb\"},\"inLanguage\":\"es\",\"potentialAction\":[{\"@type\":\"ReadAction\",\"target\":[\"https:\\\/\\\/www.buchegg.church\\\/es\\\/donaciones\\\/\"]}]},{\"@type\":\"BreadcrumbList\",\"@id\":\"https:\\\/\\\/www.buchegg.church\\\/es\\\/donaciones\\\/#breadcrumb\",\"itemListElement\":[{\"@type\":\"ListItem\",\"position\":1,\"name\":\"Startseite\",\"item\":\"https:\\\/\\\/www.buchegg.church\\\/es\\\/\"},{\"@type\":\"ListItem\",\"position\":2,\"name\":\"Donaciones\"}]},{\"@type\":\"WebSite\",\"@id\":\"https:\\\/\\\/www.buchegg.church\\\/#website\",\"url\":\"https:\\\/\\\/www.buchegg.church\\\/\",\"name\":\"buchegg.church\",\"description\":\"\",\"publisher\":{\"@id\":\"https:\\\/\\\/www.buchegg.church\\\/#organization\"},\"potentialAction\":[{\"@type\":\"SearchAction\",\"target\":{\"@type\":\"EntryPoint\",\"urlTemplate\":\"https:\\\/\\\/www.buchegg.church\\\/?s={search_term_string}\"},\"query-input\":{\"@type\":\"PropertyValueSpecification\",\"valueRequired\":true,\"valueName\":\"search_term_string\"}}],\"inLanguage\":\"es\"},{\"@type\":\"Organization\",\"@id\":\"https:\\\/\\\/www.buchegg.church\\\/#organization\",\"name\":\"Buchegg Church\",\"url\":\"https:\\\/\\\/www.buchegg.church\\\/\",\"logo\":{\"@type\":\"ImageObject\",\"inLanguage\":\"es\",\"@id\":\"https:\\\/\\\/www.buchegg.church\\\/#\\\/schema\\\/logo\\\/image\\\/\",\"url\":\"https:\\\/\\\/www.buchegg.church\\\/wp-content\\\/uploads\\\/buchegg.png\",\"contentUrl\":\"https:\\\/\\\/www.buchegg.church\\\/wp-content\\\/uploads\\\/buchegg.png\",\"width\":751,\"height\":180,\"caption\":\"Buchegg Church\"},\"image\":{\"@id\":\"https:\\\/\\\/www.buchegg.church\\\/#\\\/schema\\\/logo\\\/image\\\/\"},\"sameAs\":[\"https:\\\/\\\/www.facebook.com\\\/buchegg\",\"https:\\\/\\\/www.instagram.com\\\/buchegg_church\",\"https:\\\/\\\/www.youtube.com\\\/czbzuerich\"]}]}<\/script>\n<!-- \/ Yoast SEO plugin. -->","yoast_head_json":{"title":"Donaciones - buchegg.church","robots":{"index":"index","follow":"follow","max-snippet":"max-snippet:-1","max-image-preview":"max-image-preview:large","max-video-preview":"max-video-preview:-1"},"canonical":"https:\/\/www.buchegg.church\/es\/donaciones\/","og_locale":"es_ES","og_type":"article","og_title":"Donaciones - buchegg.church","og_description":"[vc_row][vc_column][\/vc_column][\/vc_row][mk_page_section bg_image=\u00bb\/wp-content\/uploads\/spenden_top.jpg\u00bb bg_color=\u00bb#000000&#8243; attachment=\u00bbfixed\u00bb bg_position=\u00bbcenter top\u00bb bg_repeat=\u00bbno-repeat\u00bb bg_stretch=\u00bbtrue\u00bb min_height=\u00bb500&#8243; full_width=\u00bbtrue\u00bb padding_top=\u00bb0&#8243; sidebar=\u00bbsidebar-1&#8243;][vc_column][mk_fancy_title color=\u00bb#ffffff\u00bb size=\u00bb70&#8243; force_font_size=\u00bbtrue\u00bb size_tablet=\u00bb60&#8243; size_phone=\u00bb40&#8243; font_weight=\u00bb600&#8243; txt_transform=\u00bbuppercase\u00bb letter_spacing=\u00bb3&#8243; margin_top=\u00bb200&#8243; margin_bottom=\u00bb0&#8243; font_family=\u00bbnone\u00bb align=\u00bbcenter\u00bb]Donaciones[\/mk_fancy_title][mk_fancy_title color=\u00bb#ffffff\u00bb size=\u00bb35&#8243; force_font_size=\u00bbtrue\u00bb size_tablet=\u00bb30&#8243; size_phone=\u00bb25&#8243; font_weight=\u00bb300&#8243; font_style=\u00bbitalic\u00bb font_family=\u00bbnone\u00bb align=\u00bbcenter\u00bb]Marcar la diferencia con las finanzas.[\/mk_fancy_title][\/vc_column][\/mk_page_section][vc_row fullwidth=\u00bbtrue\u00bb][vc_column][vc_wp_custommenu nav_menu=\u00bb41&#8243; el_id=\u00bbhorizontal-menu\u00bb][\/vc_column][\/vc_row][vc_row id=\u00bbposibilidades-para-donar\u00bb][vc_column][mk_fancy_title size=\u00bb45&#8243; force_font_size=\u00bbtrue\u00bb size_tablet=\u00bb35&#8243; size_phone=\u00bb35&#8243; font_weight=\u00bb600&#8243; margin_top=\u00bb40&#8243; margin_bottom=\u00bb0&#8243; font_family=\u00bbnone\u00bb align=\u00bbcenter\u00bb]Posibilidades para donar[\/mk_fancy_title][vc_row_inner][vc_column_inner width=\u00bb1\/2&#8243;][mk_image src=\u00bbhttps:\/\/www.buchegg.church\/wp-content\/uploads\/donaciones-buchegg.jpeg\u00bb [&hellip;]","og_url":"https:\/\/www.buchegg.church\/es\/donaciones\/","og_site_name":"buchegg.church","article_publisher":"https:\/\/www.facebook.com\/buchegg","article_modified_time":"2025-09-16T09:56:39+00:00","twitter_card":"summary_large_image","twitter_misc":{"Tiempo de lectura":"5 minutos"},"schema":{"@context":"https:\/\/schema.org","@graph":[{"@type":"WebPage","@id":"https:\/\/www.buchegg.church\/es\/donaciones\/","url":"https:\/\/www.buchegg.church\/es\/donaciones\/","name":"Donaciones - buchegg.church","isPartOf":{"@id":"https:\/\/www.buchegg.church\/#website"},"datePublished":"2018-01-19T09:23:47+00:00","dateModified":"2025-09-16T09:56:39+00:00","breadcrumb":{"@id":"https:\/\/www.buchegg.church\/es\/donaciones\/#breadcrumb"},"inLanguage":"es","potentialAction":[{"@type":"ReadAction","target":["https:\/\/www.buchegg.church\/es\/donaciones\/"]}]},{"@type":"BreadcrumbList","@id":"https:\/\/www.buchegg.church\/es\/donaciones\/#breadcrumb","itemListElement":[{"@type":"ListItem","position":1,"name":"Startseite","item":"https:\/\/www.buchegg.church\/es\/"},{"@type":"ListItem","position":2,"name":"Donaciones"}]},{"@type":"WebSite","@id":"https:\/\/www.buchegg.church\/#website","url":"https:\/\/www.buchegg.church\/","name":"buchegg.church","description":"","publisher":{"@id":"https:\/\/www.buchegg.church\/#organization"},"potentialAction":[{"@type":"SearchAction","target":{"@type":"EntryPoint","urlTemplate":"https:\/\/www.buchegg.church\/?s={search_term_string}"},"query-input":{"@type":"PropertyValueSpecification","valueRequired":true,"valueName":"search_term_string"}}],"inLanguage":"es"},{"@type":"Organization","@id":"https:\/\/www.buchegg.church\/#organization","name":"Buchegg Church","url":"https:\/\/www.buchegg.church\/","logo":{"@type":"ImageObject","inLanguage":"es","@id":"https:\/\/www.buchegg.church\/#\/schema\/logo\/image\/","url":"https:\/\/www.buchegg.church\/wp-content\/uploads\/buchegg.png","contentUrl":"https:\/\/www.buchegg.church\/wp-content\/uploads\/buchegg.png","width":751,"height":180,"caption":"Buchegg Church"},"image":{"@id":"https:\/\/www.buchegg.church\/#\/schema\/logo\/image\/"},"sameAs":["https:\/\/www.facebook.com\/buchegg","https:\/\/www.instagram.com\/buchegg_church","https:\/\/www.youtube.com\/czbzuerich"]}]}},"_links":{"self":[{"href":"https:\/\/www.buchegg.church\/es\/wp-json\/wp\/v2\/pages\/12000","targetHints":{"allow":["GET"]}}],"collection":[{"href":"https:\/\/www.buchegg.church\/es\/wp-json\/wp\/v2\/pages"}],"about":[{"href":"https:\/\/www.buchegg.church\/es\/wp-json\/wp\/v2\/types\/page"}],"author":[{"embeddable":true,"href":"https:\/\/www.buchegg.church\/es\/wp-json\/wp\/v2\/users\/1"}],"replies":[{"embeddable":true,"href":"https:\/\/www.buchegg.church\/es\/wp-json\/wp\/v2\/comments?post=12000"}],"version-history":[{"count":5,"href":"https:\/\/www.buchegg.church\/es\/wp-json\/wp\/v2\/pages\/12000\/revisions"}],"predecessor-version":[{"id":5129651,"href":"https:\/\/www.buchegg.church\/es\/wp-json\/wp\/v2\/pages\/12000\/revisions\/5129651"}],"wp:attachment":[{"href":"https:\/\/www.buchegg.church\/es\/wp-json\/wp\/v2\/media?parent=12000"}],"curies":[{"name":"wp","href":"https:\/\/api.w.org\/{rel}","templated":true}]}}